{"id":9,"date":"2019-05-24T20:25:54","date_gmt":"2019-05-24T18:25:54","guid":{"rendered":"https:\/\/riksmaklaren.se\/uppsala\/?page_id=9"},"modified":"2024-01-02T12:06:31","modified_gmt":"2024-01-02T11:06:31","slug":"om-oss","status":"publish","type":"page","link":"https:\/\/riksmaklaren.se\/uppsala\/om-oss\/","title":{"rendered":"Om oss"},"content":{"rendered":"","protected":false},"excerpt":{"rendered":"","protected":false},"author":1,"featured_media":0,"parent":0,"menu_order":0,"comment_status":"closed","ping_status":"closed","template":"","meta":{"_acf_changed":false,"footnotes":""},"class_list":["post-9","page","type-page","status-publish","hentry"],"acf":[],"yoast_head":"<!-- This site is optimized with the Yoast SEO plugin v27.3 - https:\/\/yoast.com\/product\/yoast-seo-wordpress\/ -->\n<title>Ett av Uppsalas marknadsledande m\u00e4klarf\u00f6retag - Riksm\u00e4klaren Uppsala<\/title>\n<meta name=\"description\" content=\"Riksm\u00e4klaren \u00e4r ett Uppsalas marknadsledande m\u00e4klarf\u00f6retag! Kontakta oss f\u00f6r att f\u00e5 en kostnadsfri v\u00e4rdering.\" \/>\n<meta name=\"robots\" content=\"index, follow, max-snippet:-1, max-image-preview:large, max-video-preview:-1\" \/>\n<link rel=\"canonical\" href=\"https:\/\/riksmaklaren.se\/uppsala\/om-oss\/\" \/>\n<meta property=\"og:locale\" content=\"sv_SE\" \/>\n<meta property=\"og:type\" content=\"article\" \/>\n<meta property=\"og:title\" content=\"Ett av Uppsalas marknadsledande m\u00e4klarf\u00f6retag - Riksm\u00e4klaren Uppsala\" \/>\n<meta property=\"og:description\" content=\"Riksm\u00e4klaren \u00e4r ett Uppsalas marknadsledande m\u00e4klarf\u00f6retag! Kontakta oss f\u00f6r att f\u00e5 en kostnadsfri v\u00e4rdering.\" \/>\n<meta property=\"og:url\" content=\"https:\/\/riksmaklaren.se\/uppsala\/om-oss\/\" \/>\n<meta property=\"og:site_name\" content=\"Riksm\u00e4klaren Uppsala\" \/>\n<meta property=\"article:modified_time\" content=\"2024-01-02T11:06:31+00:00\" \/>\n<meta name=\"twitter:card\" content=\"summary_large_image\" \/>\n<script type=\"application\/ld+json\" class=\"yoast-schema-graph\">{\"@context\":\"https:\\\/\\\/schema.org\",\"@graph\":[{\"@type\":\"WebPage\",\"@id\":\"https:\\\/\\\/riksmaklaren.se\\\/uppsala\\\/om-oss\\\/\",\"url\":\"https:\\\/\\\/riksmaklaren.se\\\/uppsala\\\/om-oss\\\/\",\"name\":\"Ett av Uppsalas marknadsledande m\u00e4klarf\u00f6retag - Riksm\u00e4klaren Uppsala\",\"isPartOf\":{\"@id\":\"https:\\\/\\\/riksmaklaren.se\\\/uppsala\\\/#website\"},\"datePublished\":\"2019-05-24T18:25:54+00:00\",\"dateModified\":\"2024-01-02T11:06:31+00:00\",\"description\":\"Riksm\u00e4klaren \u00e4r ett Uppsalas marknadsledande m\u00e4klarf\u00f6retag! Kontakta oss f\u00f6r att f\u00e5 en kostnadsfri v\u00e4rdering.\",\"breadcrumb\":{\"@id\":\"https:\\\/\\\/riksmaklaren.se\\\/uppsala\\\/om-oss\\\/#breadcrumb\"},\"inLanguage\":\"sv-SE\",\"potentialAction\":[{\"@type\":\"ReadAction\",\"target\":[\"https:\\\/\\\/riksmaklaren.se\\\/uppsala\\\/om-oss\\\/\"]}]},{\"@type\":\"BreadcrumbList\",\"@id\":\"https:\\\/\\\/riksmaklaren.se\\\/uppsala\\\/om-oss\\\/#breadcrumb\",\"itemListElement\":[{\"@type\":\"ListItem\",\"position\":1,\"name\":\"Hem\",\"item\":\"https:\\\/\\\/riksmaklaren.se\\\/uppsala\\\/\"},{\"@type\":\"ListItem\",\"position\":2,\"name\":\"Om oss\"}]},{\"@type\":\"WebSite\",\"@id\":\"https:\\\/\\\/riksmaklaren.se\\\/uppsala\\\/#website\",\"url\":\"https:\\\/\\\/riksmaklaren.se\\\/uppsala\\\/\",\"name\":\"Riksm\u00e4klaren Uppsala\",\"description\":\"M\u00e4klaren genom livet\",\"potentialAction\":[{\"@type\":\"SearchAction\",\"target\":{\"@type\":\"EntryPoint\",\"urlTemplate\":\"https:\\\/\\\/riksmaklaren.se\\\/uppsala\\\/?s={search_term_string}\"},\"query-input\":{\"@type\":\"PropertyValueSpecification\",\"valueRequired\":true,\"valueName\":\"search_term_string\"}}],\"inLanguage\":\"sv-SE\"}]}<\/script>\n<!-- \/ Yoast SEO plugin. -->","yoast_head_json":{"title":"Ett av Uppsalas marknadsledande m\u00e4klarf\u00f6retag - Riksm\u00e4klaren Uppsala","description":"Riksm\u00e4klaren \u00e4r ett Uppsalas marknadsledande m\u00e4klarf\u00f6retag! Kontakta oss f\u00f6r att f\u00e5 en kostnadsfri v\u00e4rdering.","robots":{"index":"index","follow":"follow","max-snippet":"max-snippet:-1","max-image-preview":"max-image-preview:large","max-video-preview":"max-video-preview:-1"},"canonical":"https:\/\/riksmaklaren.se\/uppsala\/om-oss\/","og_locale":"sv_SE","og_type":"article","og_title":"Ett av Uppsalas marknadsledande m\u00e4klarf\u00f6retag - Riksm\u00e4klaren Uppsala","og_description":"Riksm\u00e4klaren \u00e4r ett Uppsalas marknadsledande m\u00e4klarf\u00f6retag! Kontakta oss f\u00f6r att f\u00e5 en kostnadsfri v\u00e4rdering.","og_url":"https:\/\/riksmaklaren.se\/uppsala\/om-oss\/","og_site_name":"Riksm\u00e4klaren Uppsala","article_modified_time":"2024-01-02T11:06:31+00:00","twitter_card":"summary_large_image","schema":{"@context":"https:\/\/schema.org","@graph":[{"@type":"WebPage","@id":"https:\/\/riksmaklaren.se\/uppsala\/om-oss\/","url":"https:\/\/riksmaklaren.se\/uppsala\/om-oss\/","name":"Ett av Uppsalas marknadsledande m\u00e4klarf\u00f6retag - Riksm\u00e4klaren Uppsala","isPartOf":{"@id":"https:\/\/riksmaklaren.se\/uppsala\/#website"},"datePublished":"2019-05-24T18:25:54+00:00","dateModified":"2024-01-02T11:06:31+00:00","description":"Riksm\u00e4klaren \u00e4r ett Uppsalas marknadsledande m\u00e4klarf\u00f6retag! Kontakta oss f\u00f6r att f\u00e5 en kostnadsfri v\u00e4rdering.","breadcrumb":{"@id":"https:\/\/riksmaklaren.se\/uppsala\/om-oss\/#breadcrumb"},"inLanguage":"sv-SE","potentialAction":[{"@type":"ReadAction","target":["https:\/\/riksmaklaren.se\/uppsala\/om-oss\/"]}]},{"@type":"BreadcrumbList","@id":"https:\/\/riksmaklaren.se\/uppsala\/om-oss\/#breadcrumb","itemListElement":[{"@type":"ListItem","position":1,"name":"Hem","item":"https:\/\/riksmaklaren.se\/uppsala\/"},{"@type":"ListItem","position":2,"name":"Om oss"}]},{"@type":"WebSite","@id":"https:\/\/riksmaklaren.se\/uppsala\/#website","url":"https:\/\/riksmaklaren.se\/uppsala\/","name":"Riksm\u00e4klaren Uppsala","description":"M\u00e4klaren genom livet","potentialAction":[{"@type":"SearchAction","target":{"@type":"EntryPoint","urlTemplate":"https:\/\/riksmaklaren.se\/uppsala\/?s={search_term_string}"},"query-input":{"@type":"PropertyValueSpecification","valueRequired":true,"valueName":"search_term_string"}}],"inLanguage":"sv-SE"}]}},"_links":{"self":[{"href":"https:\/\/riksmaklaren.se\/uppsala\/wp-json\/wp\/v2\/pages\/9","targetHints":{"allow":["GET"]}}],"collection":[{"href":"https:\/\/riksmaklaren.se\/uppsala\/wp-json\/wp\/v2\/pages"}],"about":[{"href":"https:\/\/riksmaklaren.se\/uppsala\/wp-json\/wp\/v2\/types\/page"}],"author":[{"embeddable":true,"href":"https:\/\/riksmaklaren.se\/uppsala\/wp-json\/wp\/v2\/users\/1"}],"replies":[{"embeddable":true,"href":"https:\/\/riksmaklaren.se\/uppsala\/wp-json\/wp\/v2\/comments?post=9"}],"version-history":[{"count":51,"href":"https:\/\/riksmaklaren.se\/uppsala\/wp-json\/wp\/v2\/pages\/9\/revisions"}],"predecessor-version":[{"id":2369,"href":"https:\/\/riksmaklaren.se\/uppsala\/wp-json\/wp\/v2\/pages\/9\/revisions\/2369"}],"wp:attachment":[{"href":"https:\/\/riksmaklaren.se\/uppsala\/wp-json\/wp\/v2\/media?parent=9"}],"curies":[{"name":"wp","href":"https:\/\/api.w.org\/{rel}","templated":true}]}}