{"id":2896,"date":"2024-04-19T09:17:51","date_gmt":"2024-04-19T07:17:51","guid":{"rendered":"https:\/\/riksmaklaren.se\/uppsala\/?page_id=2896"},"modified":"2024-04-19T09:29:07","modified_gmt":"2024-04-19T07:29:07","slug":"boresan-kopare","status":"publish","type":"page","link":"https:\/\/riksmaklaren.se\/uppsala\/boresan-kopare\/","title":{"rendered":"Boresan k\u00f6pare"},"content":{"rendered":"","protected":false},"excerpt":{"rendered":"","protected":false},"author":3,"featured_media":0,"parent":0,"menu_order":0,"comment_status":"closed","ping_status":"closed","template":"","meta":{"_acf_changed":false,"footnotes":""},"class_list":["post-2896","page","type-page","status-publish","hentry"],"acf":[],"yoast_head":"<!-- This site is optimized with the Yoast SEO plugin v27.6 - https:\/\/yoast.com\/product\/yoast-seo-wordpress\/ -->\n<title>Boresan k\u00f6pare<\/title>\n<meta name=\"description\" content=\"Med Boresan erbjuds k\u00f6paren en unik och engagerande upplevelse med en digital och interaktiv kundresa - allt f\u00f6r att underl\u00e4tta.\" \/>\n<meta name=\"robots\" content=\"index, follow, max-snippet:-1, max-image-preview:large, max-video-preview:-1\" \/>\n<link rel=\"canonical\" href=\"https:\/\/riksmaklaren.se\/uppsala\/boresan-kopare\/\" \/>\n<meta property=\"og:locale\" content=\"sv_SE\" \/>\n<meta property=\"og:type\" content=\"article\" \/>\n<meta property=\"og:title\" content=\"Boresan k\u00f6pare\" \/>\n<meta property=\"og:description\" content=\"Med Boresan erbjuds k\u00f6paren en unik och engagerande upplevelse med en digital och interaktiv kundresa - allt f\u00f6r att underl\u00e4tta.\" \/>\n<meta property=\"og:url\" content=\"https:\/\/riksmaklaren.se\/uppsala\/boresan-kopare\/\" \/>\n<meta property=\"og:site_name\" content=\"Riksm\u00e4klaren Uppsala\" \/>\n<meta property=\"article:modified_time\" content=\"2024-04-19T07:29:07+00:00\" \/>\n<meta name=\"twitter:card\" content=\"summary_large_image\" \/>\n<script type=\"application\/ld+json\" class=\"yoast-schema-graph\">{\"@context\":\"https:\\\/\\\/schema.org\",\"@graph\":[{\"@type\":\"WebPage\",\"@id\":\"https:\\\/\\\/riksmaklaren.se\\\/uppsala\\\/boresan-kopare\\\/\",\"url\":\"https:\\\/\\\/riksmaklaren.se\\\/uppsala\\\/boresan-kopare\\\/\",\"name\":\"Boresan k\u00f6pare\",\"isPartOf\":{\"@id\":\"https:\\\/\\\/riksmaklaren.se\\\/uppsala\\\/#website\"},\"datePublished\":\"2024-04-19T07:17:51+00:00\",\"dateModified\":\"2024-04-19T07:29:07+00:00\",\"description\":\"Med Boresan erbjuds k\u00f6paren en unik och engagerande upplevelse med en digital och interaktiv kundresa - allt f\u00f6r att underl\u00e4tta.\",\"breadcrumb\":{\"@id\":\"https:\\\/\\\/riksmaklaren.se\\\/uppsala\\\/boresan-kopare\\\/#breadcrumb\"},\"inLanguage\":\"sv-SE\",\"potentialAction\":[{\"@type\":\"ReadAction\",\"target\":[\"https:\\\/\\\/riksmaklaren.se\\\/uppsala\\\/boresan-kopare\\\/\"]}]},{\"@type\":\"BreadcrumbList\",\"@id\":\"https:\\\/\\\/riksmaklaren.se\\\/uppsala\\\/boresan-kopare\\\/#breadcrumb\",\"itemListElement\":[{\"@type\":\"ListItem\",\"position\":1,\"name\":\"Hem\",\"item\":\"https:\\\/\\\/riksmaklaren.se\\\/uppsala\\\/\"},{\"@type\":\"ListItem\",\"position\":2,\"name\":\"Boresan k\u00f6pare\"}]},{\"@type\":\"WebSite\",\"@id\":\"https:\\\/\\\/riksmaklaren.se\\\/uppsala\\\/#website\",\"url\":\"https:\\\/\\\/riksmaklaren.se\\\/uppsala\\\/\",\"name\":\"Riksm\u00e4klaren Uppsala\",\"description\":\"M\u00e4klaren genom livet\",\"potentialAction\":[{\"@type\":\"SearchAction\",\"target\":{\"@type\":\"EntryPoint\",\"urlTemplate\":\"https:\\\/\\\/riksmaklaren.se\\\/uppsala\\\/?s={search_term_string}\"},\"query-input\":{\"@type\":\"PropertyValueSpecification\",\"valueRequired\":true,\"valueName\":\"search_term_string\"}}],\"inLanguage\":\"sv-SE\"}]}<\/script>\n<!-- \/ Yoast SEO plugin. -->","yoast_head_json":{"title":"Boresan k\u00f6pare","description":"Med Boresan erbjuds k\u00f6paren en unik och engagerande upplevelse med en digital och interaktiv kundresa - allt f\u00f6r att underl\u00e4tta.","robots":{"index":"index","follow":"follow","max-snippet":"max-snippet:-1","max-image-preview":"max-image-preview:large","max-video-preview":"max-video-preview:-1"},"canonical":"https:\/\/riksmaklaren.se\/uppsala\/boresan-kopare\/","og_locale":"sv_SE","og_type":"article","og_title":"Boresan k\u00f6pare","og_description":"Med Boresan erbjuds k\u00f6paren en unik och engagerande upplevelse med en digital och interaktiv kundresa - allt f\u00f6r att underl\u00e4tta.","og_url":"https:\/\/riksmaklaren.se\/uppsala\/boresan-kopare\/","og_site_name":"Riksm\u00e4klaren Uppsala","article_modified_time":"2024-04-19T07:29:07+00:00","twitter_card":"summary_large_image","schema":{"@context":"https:\/\/schema.org","@graph":[{"@type":"WebPage","@id":"https:\/\/riksmaklaren.se\/uppsala\/boresan-kopare\/","url":"https:\/\/riksmaklaren.se\/uppsala\/boresan-kopare\/","name":"Boresan k\u00f6pare","isPartOf":{"@id":"https:\/\/riksmaklaren.se\/uppsala\/#website"},"datePublished":"2024-04-19T07:17:51+00:00","dateModified":"2024-04-19T07:29:07+00:00","description":"Med Boresan erbjuds k\u00f6paren en unik och engagerande upplevelse med en digital och interaktiv kundresa - allt f\u00f6r att underl\u00e4tta.","breadcrumb":{"@id":"https:\/\/riksmaklaren.se\/uppsala\/boresan-kopare\/#breadcrumb"},"inLanguage":"sv-SE","potentialAction":[{"@type":"ReadAction","target":["https:\/\/riksmaklaren.se\/uppsala\/boresan-kopare\/"]}]},{"@type":"BreadcrumbList","@id":"https:\/\/riksmaklaren.se\/uppsala\/boresan-kopare\/#breadcrumb","itemListElement":[{"@type":"ListItem","position":1,"name":"Hem","item":"https:\/\/riksmaklaren.se\/uppsala\/"},{"@type":"ListItem","position":2,"name":"Boresan k\u00f6pare"}]},{"@type":"WebSite","@id":"https:\/\/riksmaklaren.se\/uppsala\/#website","url":"https:\/\/riksmaklaren.se\/uppsala\/","name":"Riksm\u00e4klaren Uppsala","description":"M\u00e4klaren genom livet","potentialAction":[{"@type":"SearchAction","target":{"@type":"EntryPoint","urlTemplate":"https:\/\/riksmaklaren.se\/uppsala\/?s={search_term_string}"},"query-input":{"@type":"PropertyValueSpecification","valueRequired":true,"valueName":"search_term_string"}}],"inLanguage":"sv-SE"}]}},"_links":{"self":[{"href":"https:\/\/riksmaklaren.se\/uppsala\/wp-json\/wp\/v2\/pages\/2896","targetHints":{"allow":["GET"]}}],"collection":[{"href":"https:\/\/riksmaklaren.se\/uppsala\/wp-json\/wp\/v2\/pages"}],"about":[{"href":"https:\/\/riksmaklaren.se\/uppsala\/wp-json\/wp\/v2\/types\/page"}],"author":[{"embeddable":true,"href":"https:\/\/riksmaklaren.se\/uppsala\/wp-json\/wp\/v2\/users\/3"}],"replies":[{"embeddable":true,"href":"https:\/\/riksmaklaren.se\/uppsala\/wp-json\/wp\/v2\/comments?post=2896"}],"version-history":[{"count":3,"href":"https:\/\/riksmaklaren.se\/uppsala\/wp-json\/wp\/v2\/pages\/2896\/revisions"}],"predecessor-version":[{"id":2900,"href":"https:\/\/riksmaklaren.se\/uppsala\/wp-json\/wp\/v2\/pages\/2896\/revisions\/2900"}],"wp:attachment":[{"href":"https:\/\/riksmaklaren.se\/uppsala\/wp-json\/wp\/v2\/media?parent=2896"}],"curies":[{"name":"wp","href":"https:\/\/api.w.org\/{rel}","templated":true}]}}