{"id":2,"date":"2024-03-28T11:06:36","date_gmt":"2024-03-28T10:06:36","guid":{"rendered":"https:\/\/riksmaklaren.se\/uppsala\/?page_id=2"},"modified":"2026-02-06T11:28:26","modified_gmt":"2026-02-06T10:28:26","slug":"startsidan","status":"publish","type":"page","link":"https:\/\/riksmaklaren.se\/uppsala\/","title":{"rendered":"Startsidan"},"content":{"rendered":"","protected":false},"excerpt":{"rendered":"","protected":false},"author":1,"featured_media":802,"parent":0,"menu_order":0,"comment_status":"closed","ping_status":"open","template":"","meta":{"_acf_changed":false,"footnotes":""},"class_list":["post-2","page","type-page","status-publish","has-post-thumbnail","hentry"],"acf":[],"yoast_head":"<!-- This site is optimized with the Yoast SEO plugin v27.5 - https:\/\/yoast.com\/product\/yoast-seo-wordpress\/ -->\n<title>L\u00e5t oss hj\u00e4lpa dig med din bostadsaff\u00e4r! - Riksm\u00e4klaren Uppsala<\/title>\n<meta name=\"description\" content=\"Vi \u00e4r ett av Uppsalas marknadsledande m\u00e4klarf\u00f6retag och har f\u00f6rmedlat bost\u00e4der till generationer av uppsalabor i 50 \u00e5r.\" \/>\n<meta name=\"robots\" content=\"index, follow, max-snippet:-1, max-image-preview:large, max-video-preview:-1\" \/>\n<link rel=\"canonical\" href=\"https:\/\/riksmaklaren.se\/uppsala\/\" \/>\n<meta property=\"og:locale\" content=\"sv_SE\" \/>\n<meta property=\"og:type\" content=\"article\" \/>\n<meta property=\"og:title\" content=\"L\u00e5t oss hj\u00e4lpa dig med din bostadsaff\u00e4r! - Riksm\u00e4klaren Uppsala\" \/>\n<meta property=\"og:description\" content=\"Vi \u00e4r ett av Uppsalas marknadsledande m\u00e4klarf\u00f6retag och har f\u00f6rmedlat bost\u00e4der till generationer av uppsalabor i 50 \u00e5r.\" \/>\n<meta property=\"og:url\" content=\"https:\/\/riksmaklaren.se\/uppsala\/\" \/>\n<meta property=\"og:site_name\" content=\"Riksm\u00e4klaren Uppsala\" \/>\n<meta property=\"article:modified_time\" content=\"2026-02-06T10:28:26+00:00\" \/>\n<meta property=\"og:image\" content=\"https:\/\/riksmaklaren.se\/uppsala\/wp-content\/uploads\/sites\/2\/2020\/04\/DSC_4626-HDR.jpg\" \/>\n\t<meta property=\"og:image:width\" content=\"1440\" \/>\n\t<meta property=\"og:image:height\" content=\"961\" \/>\n\t<meta property=\"og:image:type\" content=\"image\/jpeg\" \/>\n<meta name=\"twitter:card\" content=\"summary_large_image\" \/>\n<script type=\"application\/ld+json\" class=\"yoast-schema-graph\">{\"@context\":\"https:\\\/\\\/schema.org\",\"@graph\":[{\"@type\":\"WebPage\",\"@id\":\"https:\\\/\\\/riksmaklaren.se\\\/uppsala\\\/\",\"url\":\"https:\\\/\\\/riksmaklaren.se\\\/uppsala\\\/\",\"name\":\"L\u00e5t oss hj\u00e4lpa dig med din bostadsaff\u00e4r! - Riksm\u00e4klaren Uppsala\",\"isPartOf\":{\"@id\":\"https:\\\/\\\/riksmaklaren.se\\\/uppsala\\\/#website\"},\"primaryImageOfPage\":{\"@id\":\"https:\\\/\\\/riksmaklaren.se\\\/uppsala\\\/#primaryimage\"},\"image\":{\"@id\":\"https:\\\/\\\/riksmaklaren.se\\\/uppsala\\\/#primaryimage\"},\"thumbnailUrl\":\"https:\\\/\\\/riksmaklaren.se\\\/uppsala\\\/wp-content\\\/uploads\\\/sites\\\/2\\\/2020\\\/04\\\/DSC_4626-HDR.jpg\",\"datePublished\":\"2024-03-28T10:06:36+00:00\",\"dateModified\":\"2026-02-06T10:28:26+00:00\",\"description\":\"Vi \u00e4r ett av Uppsalas marknadsledande m\u00e4klarf\u00f6retag och har f\u00f6rmedlat bost\u00e4der till generationer av uppsalabor i 50 \u00e5r.\",\"breadcrumb\":{\"@id\":\"https:\\\/\\\/riksmaklaren.se\\\/uppsala\\\/#breadcrumb\"},\"inLanguage\":\"sv-SE\",\"potentialAction\":[{\"@type\":\"ReadAction\",\"target\":[\"https:\\\/\\\/riksmaklaren.se\\\/uppsala\\\/\"]}]},{\"@type\":\"ImageObject\",\"inLanguage\":\"sv-SE\",\"@id\":\"https:\\\/\\\/riksmaklaren.se\\\/uppsala\\\/#primaryimage\",\"url\":\"https:\\\/\\\/riksmaklaren.se\\\/uppsala\\\/wp-content\\\/uploads\\\/sites\\\/2\\\/2020\\\/04\\\/DSC_4626-HDR.jpg\",\"contentUrl\":\"https:\\\/\\\/riksmaklaren.se\\\/uppsala\\\/wp-content\\\/uploads\\\/sites\\\/2\\\/2020\\\/04\\\/DSC_4626-HDR.jpg\",\"width\":1440,\"height\":961},{\"@type\":\"BreadcrumbList\",\"@id\":\"https:\\\/\\\/riksmaklaren.se\\\/uppsala\\\/#breadcrumb\",\"itemListElement\":[{\"@type\":\"ListItem\",\"position\":1,\"name\":\"Hem\",\"item\":\"https:\\\/\\\/riksmaklaren.se\\\/uppsala\\\/\"},{\"@type\":\"ListItem\",\"position\":2,\"name\":\"Startsidan\"}]},{\"@type\":\"WebSite\",\"@id\":\"https:\\\/\\\/riksmaklaren.se\\\/uppsala\\\/#website\",\"url\":\"https:\\\/\\\/riksmaklaren.se\\\/uppsala\\\/\",\"name\":\"Riksm\u00e4klaren Uppsala\",\"description\":\"M\u00e4klaren genom livet\",\"potentialAction\":[{\"@type\":\"SearchAction\",\"target\":{\"@type\":\"EntryPoint\",\"urlTemplate\":\"https:\\\/\\\/riksmaklaren.se\\\/uppsala\\\/?s={search_term_string}\"},\"query-input\":{\"@type\":\"PropertyValueSpecification\",\"valueRequired\":true,\"valueName\":\"search_term_string\"}}],\"inLanguage\":\"sv-SE\"}]}<\/script>\n<!-- \/ Yoast SEO plugin. -->","yoast_head_json":{"title":"L\u00e5t oss hj\u00e4lpa dig med din bostadsaff\u00e4r! - Riksm\u00e4klaren Uppsala","description":"Vi \u00e4r ett av Uppsalas marknadsledande m\u00e4klarf\u00f6retag och har f\u00f6rmedlat bost\u00e4der till generationer av uppsalabor i 50 \u00e5r.","robots":{"index":"index","follow":"follow","max-snippet":"max-snippet:-1","max-image-preview":"max-image-preview:large","max-video-preview":"max-video-preview:-1"},"canonical":"https:\/\/riksmaklaren.se\/uppsala\/","og_locale":"sv_SE","og_type":"article","og_title":"L\u00e5t oss hj\u00e4lpa dig med din bostadsaff\u00e4r! - Riksm\u00e4klaren Uppsala","og_description":"Vi \u00e4r ett av Uppsalas marknadsledande m\u00e4klarf\u00f6retag och har f\u00f6rmedlat bost\u00e4der till generationer av uppsalabor i 50 \u00e5r.","og_url":"https:\/\/riksmaklaren.se\/uppsala\/","og_site_name":"Riksm\u00e4klaren Uppsala","article_modified_time":"2026-02-06T10:28:26+00:00","og_image":[{"width":1440,"height":961,"url":"https:\/\/riksmaklaren.se\/uppsala\/wp-content\/uploads\/sites\/2\/2020\/04\/DSC_4626-HDR.jpg","type":"image\/jpeg"}],"twitter_card":"summary_large_image","schema":{"@context":"https:\/\/schema.org","@graph":[{"@type":"WebPage","@id":"https:\/\/riksmaklaren.se\/uppsala\/","url":"https:\/\/riksmaklaren.se\/uppsala\/","name":"L\u00e5t oss hj\u00e4lpa dig med din bostadsaff\u00e4r! - Riksm\u00e4klaren Uppsala","isPartOf":{"@id":"https:\/\/riksmaklaren.se\/uppsala\/#website"},"primaryImageOfPage":{"@id":"https:\/\/riksmaklaren.se\/uppsala\/#primaryimage"},"image":{"@id":"https:\/\/riksmaklaren.se\/uppsala\/#primaryimage"},"thumbnailUrl":"https:\/\/riksmaklaren.se\/uppsala\/wp-content\/uploads\/sites\/2\/2020\/04\/DSC_4626-HDR.jpg","datePublished":"2024-03-28T10:06:36+00:00","dateModified":"2026-02-06T10:28:26+00:00","description":"Vi \u00e4r ett av Uppsalas marknadsledande m\u00e4klarf\u00f6retag och har f\u00f6rmedlat bost\u00e4der till generationer av uppsalabor i 50 \u00e5r.","breadcrumb":{"@id":"https:\/\/riksmaklaren.se\/uppsala\/#breadcrumb"},"inLanguage":"sv-SE","potentialAction":[{"@type":"ReadAction","target":["https:\/\/riksmaklaren.se\/uppsala\/"]}]},{"@type":"ImageObject","inLanguage":"sv-SE","@id":"https:\/\/riksmaklaren.se\/uppsala\/#primaryimage","url":"https:\/\/riksmaklaren.se\/uppsala\/wp-content\/uploads\/sites\/2\/2020\/04\/DSC_4626-HDR.jpg","contentUrl":"https:\/\/riksmaklaren.se\/uppsala\/wp-content\/uploads\/sites\/2\/2020\/04\/DSC_4626-HDR.jpg","width":1440,"height":961},{"@type":"BreadcrumbList","@id":"https:\/\/riksmaklaren.se\/uppsala\/#breadcrumb","itemListElement":[{"@type":"ListItem","position":1,"name":"Hem","item":"https:\/\/riksmaklaren.se\/uppsala\/"},{"@type":"ListItem","position":2,"name":"Startsidan"}]},{"@type":"WebSite","@id":"https:\/\/riksmaklaren.se\/uppsala\/#website","url":"https:\/\/riksmaklaren.se\/uppsala\/","name":"Riksm\u00e4klaren Uppsala","description":"M\u00e4klaren genom livet","potentialAction":[{"@type":"SearchAction","target":{"@type":"EntryPoint","urlTemplate":"https:\/\/riksmaklaren.se\/uppsala\/?s={search_term_string}"},"query-input":{"@type":"PropertyValueSpecification","valueRequired":true,"valueName":"search_term_string"}}],"inLanguage":"sv-SE"}]}},"_links":{"self":[{"href":"https:\/\/riksmaklaren.se\/uppsala\/wp-json\/wp\/v2\/pages\/2","targetHints":{"allow":["GET"]}}],"collection":[{"href":"https:\/\/riksmaklaren.se\/uppsala\/wp-json\/wp\/v2\/pages"}],"about":[{"href":"https:\/\/riksmaklaren.se\/uppsala\/wp-json\/wp\/v2\/types\/page"}],"author":[{"embeddable":true,"href":"https:\/\/riksmaklaren.se\/uppsala\/wp-json\/wp\/v2\/users\/1"}],"replies":[{"embeddable":true,"href":"https:\/\/riksmaklaren.se\/uppsala\/wp-json\/wp\/v2\/comments?post=2"}],"version-history":[{"count":224,"href":"https:\/\/riksmaklaren.se\/uppsala\/wp-json\/wp\/v2\/pages\/2\/revisions"}],"predecessor-version":[{"id":3023,"href":"https:\/\/riksmaklaren.se\/uppsala\/wp-json\/wp\/v2\/pages\/2\/revisions\/3023"}],"wp:featuredmedia":[{"embeddable":true,"href":"https:\/\/riksmaklaren.se\/uppsala\/wp-json\/wp\/v2\/media\/802"}],"wp:attachment":[{"href":"https:\/\/riksmaklaren.se\/uppsala\/wp-json\/wp\/v2\/media?parent=2"}],"curies":[{"name":"wp","href":"https:\/\/api.w.org\/{rel}","templated":true}]}}