{"id":1931,"date":"2022-01-25T11:28:29","date_gmt":"2022-01-25T10:28:29","guid":{"rendered":"https:\/\/riksmaklaren.se\/uppsala\/?page_id=1931"},"modified":"2022-10-19T09:16:44","modified_gmt":"2022-10-19T07:16:44","slug":"nyproduktion-2","status":"publish","type":"page","link":"https:\/\/riksmaklaren.se\/uppsala\/nyproduktion-2\/","title":{"rendered":"Nyproduktion"},"content":{"rendered":"","protected":false},"excerpt":{"rendered":"","protected":false},"author":3,"featured_media":0,"parent":0,"menu_order":0,"comment_status":"closed","ping_status":"closed","template":"","meta":[],"yoast_head":"<!-- This site is optimized with the Yoast SEO plugin v15.0 - https:\/\/yoast.com\/wordpress\/plugins\/seo\/ -->\n<meta name=\"description\" content=\"Riksm\u00e4klaren Uppsala - Hos oss hittar du din nyproducerade bostad, som passar dig! Riksm\u00e4klaren - M\u00e4klaren genom livet\" \/>\n<meta name=\"robots\" content=\"index, follow, max-snippet:-1, max-image-preview:large, max-video-preview:-1\" \/>\n<link rel=\"canonical\" href=\"https:\/\/riksmaklaren.se\/uppsala\/nyproduktion-2\/\" \/>\n<meta property=\"og:locale\" content=\"sv_SE\" \/>\n<meta property=\"og:type\" content=\"article\" \/>\n<meta property=\"og:title\" content=\"Riksm\u00e4klaren \u00e4r en stark akt\u00f6r inom nyproduktion i Uppsala l\u00e4n - Riksm\u00e4klaren Uppsala\" \/>\n<meta property=\"og:description\" content=\"Riksm\u00e4klaren Uppsala - Hos oss hittar du din nyproducerade bostad, som passar dig! Riksm\u00e4klaren - M\u00e4klaren genom livet\" \/>\n<meta property=\"og:url\" content=\"https:\/\/riksmaklaren.se\/uppsala\/nyproduktion-2\/\" \/>\n<meta property=\"og:site_name\" content=\"Riksm\u00e4klaren Uppsala\" \/>\n<meta property=\"article:modified_time\" content=\"2022-10-19T07:16:44+00:00\" \/>\n<meta name=\"twitter:card\" content=\"summary_large_image\" \/>\n<script type=\"application\/ld+json\" class=\"yoast-schema-graph\">{\"@context\":\"https:\/\/schema.org\",\"@graph\":[{\"@type\":\"WebSite\",\"@id\":\"https:\/\/riksmaklaren.se\/uppsala\/#website\",\"url\":\"https:\/\/riksmaklaren.se\/uppsala\/\",\"name\":\"Riksm\\u00e4klaren Uppsala\",\"description\":\"M\\u00e4klaren genom livet\",\"potentialAction\":[{\"@type\":\"SearchAction\",\"target\":\"https:\/\/riksmaklaren.se\/uppsala\/?s={search_term_string}\",\"query-input\":\"required name=search_term_string\"}],\"inLanguage\":\"sv-SE\"},{\"@type\":\"WebPage\",\"@id\":\"https:\/\/riksmaklaren.se\/uppsala\/nyproduktion-2\/#webpage\",\"url\":\"https:\/\/riksmaklaren.se\/uppsala\/nyproduktion-2\/\",\"name\":\"Riksm\\u00e4klaren \\u00e4r en stark akt\\u00f6r inom nyproduktion i Uppsala l\\u00e4n - Riksm\\u00e4klaren Uppsala\",\"isPartOf\":{\"@id\":\"https:\/\/riksmaklaren.se\/uppsala\/#website\"},\"datePublished\":\"2022-01-25T10:28:29+00:00\",\"dateModified\":\"2022-10-19T07:16:44+00:00\",\"description\":\"Riksm\\u00e4klaren Uppsala - Hos oss hittar du din nyproducerade bostad, som passar dig! Riksm\\u00e4klaren - M\\u00e4klaren genom livet\",\"inLanguage\":\"sv-SE\",\"potentialAction\":[{\"@type\":\"ReadAction\",\"target\":[\"https:\/\/riksmaklaren.se\/uppsala\/nyproduktion-2\/\"]}]}]}<\/script>\n<!-- \/ Yoast SEO plugin. -->","_links":{"self":[{"href":"https:\/\/riksmaklaren.se\/uppsala\/wp-json\/wp\/v2\/pages\/1931"}],"collection":[{"href":"https:\/\/riksmaklaren.se\/uppsala\/wp-json\/wp\/v2\/pages"}],"about":[{"href":"https:\/\/riksmaklaren.se\/uppsala\/wp-json\/wp\/v2\/types\/page"}],"author":[{"embeddable":true,"href":"https:\/\/riksmaklaren.se\/uppsala\/wp-json\/wp\/v2\/users\/3"}],"replies":[{"embeddable":true,"href":"https:\/\/riksmaklaren.se\/uppsala\/wp-json\/wp\/v2\/comments?post=1931"}],"version-history":[{"count":4,"href":"https:\/\/riksmaklaren.se\/uppsala\/wp-json\/wp\/v2\/pages\/1931\/revisions"}],"predecessor-version":[{"id":1935,"href":"https:\/\/riksmaklaren.se\/uppsala\/wp-json\/wp\/v2\/pages\/1931\/revisions\/1935"}],"wp:attachment":[{"href":"https:\/\/riksmaklaren.se\/uppsala\/wp-json\/wp\/v2\/media?parent=1931"}],"curies":[{"name":"wp","href":"https:\/\/api.w.org\/{rel}","templated":true}]}}