{"id":193,"date":"2019-11-21T15:36:12","date_gmt":"2019-11-21T14:36:12","guid":{"rendered":"https:\/\/riksmaklaren.se\/uppsala\/?page_id=193"},"modified":"2024-11-01T09:37:15","modified_gmt":"2024-11-01T08:37:15","slug":"karriar","status":"publish","type":"page","link":"https:\/\/riksmaklaren.se\/uppsala\/om-oss\/karriar\/","title":{"rendered":"Karri\u00e4r"},"content":{"rendered":"","protected":false},"excerpt":{"rendered":"","protected":false},"author":1,"featured_media":0,"parent":9,"menu_order":0,"comment_status":"closed","ping_status":"closed","template":"","meta":{"_acf_changed":false,"footnotes":""},"class_list":["post-193","page","type-page","status-publish","hentry"],"acf":[],"yoast_head":"<!-- This site is optimized with the Yoast SEO plugin v27.3 - https:\/\/yoast.com\/product\/yoast-seo-wordpress\/ -->\n<title>G\u00f6r karri\u00e4r p\u00e5 Riksm\u00e4klaren - Riksm\u00e4klaren Uppsala<\/title>\n<meta name=\"description\" content=\"Hos Riksm\u00e4klaren \u00e4r alla medarbetare lika v\u00e4rdefulla och alla har sin viktiga funktion i det lagarbete som vi v\u00e4rderar mycket h\u00f6gt.\" \/>\n<meta name=\"robots\" content=\"index, follow, max-snippet:-1, max-image-preview:large, max-video-preview:-1\" \/>\n<link rel=\"canonical\" href=\"https:\/\/riksmaklaren.se\/uppsala\/om-oss\/karriar\/\" \/>\n<meta property=\"og:locale\" content=\"sv_SE\" \/>\n<meta property=\"og:type\" content=\"article\" \/>\n<meta property=\"og:title\" content=\"G\u00f6r karri\u00e4r p\u00e5 Riksm\u00e4klaren - Riksm\u00e4klaren Uppsala\" \/>\n<meta property=\"og:description\" content=\"Hos Riksm\u00e4klaren \u00e4r alla medarbetare lika v\u00e4rdefulla och alla har sin viktiga funktion i det lagarbete som vi v\u00e4rderar mycket h\u00f6gt.\" \/>\n<meta property=\"og:url\" content=\"https:\/\/riksmaklaren.se\/uppsala\/om-oss\/karriar\/\" \/>\n<meta property=\"og:site_name\" content=\"Riksm\u00e4klaren Uppsala\" \/>\n<meta property=\"article:modified_time\" content=\"2024-11-01T08:37:15+00:00\" \/>\n<meta name=\"twitter:card\" content=\"summary_large_image\" \/>\n<script type=\"application\/ld+json\" class=\"yoast-schema-graph\">{\"@context\":\"https:\\\/\\\/schema.org\",\"@graph\":[{\"@type\":\"WebPage\",\"@id\":\"https:\\\/\\\/riksmaklaren.se\\\/uppsala\\\/om-oss\\\/karriar\\\/\",\"url\":\"https:\\\/\\\/riksmaklaren.se\\\/uppsala\\\/om-oss\\\/karriar\\\/\",\"name\":\"G\u00f6r karri\u00e4r p\u00e5 Riksm\u00e4klaren - Riksm\u00e4klaren Uppsala\",\"isPartOf\":{\"@id\":\"https:\\\/\\\/riksmaklaren.se\\\/uppsala\\\/#website\"},\"datePublished\":\"2019-11-21T14:36:12+00:00\",\"dateModified\":\"2024-11-01T08:37:15+00:00\",\"description\":\"Hos Riksm\u00e4klaren \u00e4r alla medarbetare lika v\u00e4rdefulla och alla har sin viktiga funktion i det lagarbete som vi v\u00e4rderar mycket h\u00f6gt.\",\"breadcrumb\":{\"@id\":\"https:\\\/\\\/riksmaklaren.se\\\/uppsala\\\/om-oss\\\/karriar\\\/#breadcrumb\"},\"inLanguage\":\"sv-SE\",\"potentialAction\":[{\"@type\":\"ReadAction\",\"target\":[\"https:\\\/\\\/riksmaklaren.se\\\/uppsala\\\/om-oss\\\/karriar\\\/\"]}]},{\"@type\":\"BreadcrumbList\",\"@id\":\"https:\\\/\\\/riksmaklaren.se\\\/uppsala\\\/om-oss\\\/karriar\\\/#breadcrumb\",\"itemListElement\":[{\"@type\":\"ListItem\",\"position\":1,\"name\":\"Hem\",\"item\":\"https:\\\/\\\/riksmaklaren.se\\\/uppsala\\\/\"},{\"@type\":\"ListItem\",\"position\":2,\"name\":\"Om oss\",\"item\":\"https:\\\/\\\/riksmaklaren.se\\\/uppsala\\\/om-oss\\\/\"},{\"@type\":\"ListItem\",\"position\":3,\"name\":\"Karri\u00e4r\"}]},{\"@type\":\"WebSite\",\"@id\":\"https:\\\/\\\/riksmaklaren.se\\\/uppsala\\\/#website\",\"url\":\"https:\\\/\\\/riksmaklaren.se\\\/uppsala\\\/\",\"name\":\"Riksm\u00e4klaren Uppsala\",\"description\":\"M\u00e4klaren genom livet\",\"potentialAction\":[{\"@type\":\"SearchAction\",\"target\":{\"@type\":\"EntryPoint\",\"urlTemplate\":\"https:\\\/\\\/riksmaklaren.se\\\/uppsala\\\/?s={search_term_string}\"},\"query-input\":{\"@type\":\"PropertyValueSpecification\",\"valueRequired\":true,\"valueName\":\"search_term_string\"}}],\"inLanguage\":\"sv-SE\"}]}<\/script>\n<!-- \/ Yoast SEO plugin. -->","yoast_head_json":{"title":"G\u00f6r karri\u00e4r p\u00e5 Riksm\u00e4klaren - Riksm\u00e4klaren Uppsala","description":"Hos Riksm\u00e4klaren \u00e4r alla medarbetare lika v\u00e4rdefulla och alla har sin viktiga funktion i det lagarbete som vi v\u00e4rderar mycket h\u00f6gt.","robots":{"index":"index","follow":"follow","max-snippet":"max-snippet:-1","max-image-preview":"max-image-preview:large","max-video-preview":"max-video-preview:-1"},"canonical":"https:\/\/riksmaklaren.se\/uppsala\/om-oss\/karriar\/","og_locale":"sv_SE","og_type":"article","og_title":"G\u00f6r karri\u00e4r p\u00e5 Riksm\u00e4klaren - Riksm\u00e4klaren Uppsala","og_description":"Hos Riksm\u00e4klaren \u00e4r alla medarbetare lika v\u00e4rdefulla och alla har sin viktiga funktion i det lagarbete som vi v\u00e4rderar mycket h\u00f6gt.","og_url":"https:\/\/riksmaklaren.se\/uppsala\/om-oss\/karriar\/","og_site_name":"Riksm\u00e4klaren Uppsala","article_modified_time":"2024-11-01T08:37:15+00:00","twitter_card":"summary_large_image","schema":{"@context":"https:\/\/schema.org","@graph":[{"@type":"WebPage","@id":"https:\/\/riksmaklaren.se\/uppsala\/om-oss\/karriar\/","url":"https:\/\/riksmaklaren.se\/uppsala\/om-oss\/karriar\/","name":"G\u00f6r karri\u00e4r p\u00e5 Riksm\u00e4klaren - Riksm\u00e4klaren Uppsala","isPartOf":{"@id":"https:\/\/riksmaklaren.se\/uppsala\/#website"},"datePublished":"2019-11-21T14:36:12+00:00","dateModified":"2024-11-01T08:37:15+00:00","description":"Hos Riksm\u00e4klaren \u00e4r alla medarbetare lika v\u00e4rdefulla och alla har sin viktiga funktion i det lagarbete som vi v\u00e4rderar mycket h\u00f6gt.","breadcrumb":{"@id":"https:\/\/riksmaklaren.se\/uppsala\/om-oss\/karriar\/#breadcrumb"},"inLanguage":"sv-SE","potentialAction":[{"@type":"ReadAction","target":["https:\/\/riksmaklaren.se\/uppsala\/om-oss\/karriar\/"]}]},{"@type":"BreadcrumbList","@id":"https:\/\/riksmaklaren.se\/uppsala\/om-oss\/karriar\/#breadcrumb","itemListElement":[{"@type":"ListItem","position":1,"name":"Hem","item":"https:\/\/riksmaklaren.se\/uppsala\/"},{"@type":"ListItem","position":2,"name":"Om oss","item":"https:\/\/riksmaklaren.se\/uppsala\/om-oss\/"},{"@type":"ListItem","position":3,"name":"Karri\u00e4r"}]},{"@type":"WebSite","@id":"https:\/\/riksmaklaren.se\/uppsala\/#website","url":"https:\/\/riksmaklaren.se\/uppsala\/","name":"Riksm\u00e4klaren Uppsala","description":"M\u00e4klaren genom livet","potentialAction":[{"@type":"SearchAction","target":{"@type":"EntryPoint","urlTemplate":"https:\/\/riksmaklaren.se\/uppsala\/?s={search_term_string}"},"query-input":{"@type":"PropertyValueSpecification","valueRequired":true,"valueName":"search_term_string"}}],"inLanguage":"sv-SE"}]}},"_links":{"self":[{"href":"https:\/\/riksmaklaren.se\/uppsala\/wp-json\/wp\/v2\/pages\/193","targetHints":{"allow":["GET"]}}],"collection":[{"href":"https:\/\/riksmaklaren.se\/uppsala\/wp-json\/wp\/v2\/pages"}],"about":[{"href":"https:\/\/riksmaklaren.se\/uppsala\/wp-json\/wp\/v2\/types\/page"}],"author":[{"embeddable":true,"href":"https:\/\/riksmaklaren.se\/uppsala\/wp-json\/wp\/v2\/users\/1"}],"replies":[{"embeddable":true,"href":"https:\/\/riksmaklaren.se\/uppsala\/wp-json\/wp\/v2\/comments?post=193"}],"version-history":[{"count":32,"href":"https:\/\/riksmaklaren.se\/uppsala\/wp-json\/wp\/v2\/pages\/193\/revisions"}],"predecessor-version":[{"id":3001,"href":"https:\/\/riksmaklaren.se\/uppsala\/wp-json\/wp\/v2\/pages\/193\/revisions\/3001"}],"up":[{"embeddable":true,"href":"https:\/\/riksmaklaren.se\/uppsala\/wp-json\/wp\/v2\/pages\/9"}],"wp:attachment":[{"href":"https:\/\/riksmaklaren.se\/uppsala\/wp-json\/wp\/v2\/media?parent=193"}],"curies":[{"name":"wp","href":"https:\/\/api.w.org\/{rel}","templated":true}]}}