{"id":191,"date":"2019-11-21T15:35:36","date_gmt":"2019-11-21T14:35:36","guid":{"rendered":"https:\/\/riksmaklaren.se\/uppsala\/?page_id=191"},"modified":"2021-06-10T14:48:41","modified_gmt":"2021-06-10T12:48:41","slug":"medarbetare","status":"publish","type":"page","link":"https:\/\/riksmaklaren.se\/uppsala\/om-oss\/medarbetare\/","title":{"rendered":"Medarbetare"},"content":{"rendered":"","protected":false},"excerpt":{"rendered":"","protected":false},"author":1,"featured_media":802,"parent":9,"menu_order":0,"comment_status":"closed","ping_status":"closed","template":"","meta":[],"yoast_head":"<!-- This site is optimized with the Yoast SEO plugin v15.0 - https:\/\/yoast.com\/wordpress\/plugins\/seo\/ -->\n<meta name=\"description\" content=\"Hos Riksm\u00e4klaren har vi medarbetare som \u00e4r b\u00e5de yngre och \u00e4ldre, man och kvinna. H\u00e4r kan du l\u00e4ra k\u00e4nna v\u00e5rt h\u00e4rliga g\u00e4ng!\" \/>\n<meta name=\"robots\" content=\"index, follow, max-snippet:-1, max-image-preview:large, max-video-preview:-1\" \/>\n<link rel=\"canonical\" href=\"https:\/\/riksmaklaren.se\/uppsala\/om-oss\/medarbetare\/\" \/>\n<meta property=\"og:locale\" content=\"sv_SE\" \/>\n<meta property=\"og:type\" content=\"article\" \/>\n<meta property=\"og:title\" content=\"L\u00e4r k\u00e4nna v\u00e5ra medarbetare och hitta din m\u00e4klare - Riksm\u00e4klaren Uppsala\" \/>\n<meta property=\"og:description\" content=\"Hos Riksm\u00e4klaren har vi medarbetare som \u00e4r b\u00e5de yngre och \u00e4ldre, man och kvinna. H\u00e4r kan du l\u00e4ra k\u00e4nna v\u00e5rt h\u00e4rliga g\u00e4ng!\" \/>\n<meta property=\"og:url\" content=\"https:\/\/riksmaklaren.se\/uppsala\/om-oss\/medarbetare\/\" \/>\n<meta property=\"og:site_name\" content=\"Riksm\u00e4klaren Uppsala\" \/>\n<meta property=\"article:modified_time\" content=\"2021-06-10T12:48:41+00:00\" \/>\n<meta property=\"og:image\" content=\"https:\/\/riksmaklaren.se\/uppsala\/wp-content\/uploads\/sites\/2\/2020\/04\/DSC_4626-HDR.jpg\" \/>\n\t<meta property=\"og:image:width\" content=\"1440\" \/>\n\t<meta property=\"og:image:height\" content=\"961\" \/>\n<meta name=\"twitter:card\" content=\"summary_large_image\" \/>\n<script type=\"application\/ld+json\" class=\"yoast-schema-graph\">{\"@context\":\"https:\/\/schema.org\",\"@graph\":[{\"@type\":\"WebSite\",\"@id\":\"https:\/\/riksmaklaren.se\/uppsala\/#website\",\"url\":\"https:\/\/riksmaklaren.se\/uppsala\/\",\"name\":\"Riksm\\u00e4klaren Uppsala\",\"description\":\"M\\u00e4klaren genom livet\",\"potentialAction\":[{\"@type\":\"SearchAction\",\"target\":\"https:\/\/riksmaklaren.se\/uppsala\/?s={search_term_string}\",\"query-input\":\"required name=search_term_string\"}],\"inLanguage\":\"sv-SE\"},{\"@type\":\"ImageObject\",\"@id\":\"https:\/\/riksmaklaren.se\/uppsala\/om-oss\/medarbetare\/#primaryimage\",\"inLanguage\":\"sv-SE\",\"url\":\"https:\/\/riksmaklaren.se\/uppsala\/wp-content\/uploads\/sites\/2\/2020\/04\/DSC_4626-HDR.jpg\",\"width\":1440,\"height\":961},{\"@type\":\"WebPage\",\"@id\":\"https:\/\/riksmaklaren.se\/uppsala\/om-oss\/medarbetare\/#webpage\",\"url\":\"https:\/\/riksmaklaren.se\/uppsala\/om-oss\/medarbetare\/\",\"name\":\"L\\u00e4r k\\u00e4nna v\\u00e5ra medarbetare och hitta din m\\u00e4klare - Riksm\\u00e4klaren Uppsala\",\"isPartOf\":{\"@id\":\"https:\/\/riksmaklaren.se\/uppsala\/#website\"},\"primaryImageOfPage\":{\"@id\":\"https:\/\/riksmaklaren.se\/uppsala\/om-oss\/medarbetare\/#primaryimage\"},\"datePublished\":\"2019-11-21T14:35:36+00:00\",\"dateModified\":\"2021-06-10T12:48:41+00:00\",\"description\":\"Hos Riksm\\u00e4klaren har vi medarbetare som \\u00e4r b\\u00e5de yngre och \\u00e4ldre, man och kvinna. H\\u00e4r kan du l\\u00e4ra k\\u00e4nna v\\u00e5rt h\\u00e4rliga g\\u00e4ng!\",\"inLanguage\":\"sv-SE\",\"potentialAction\":[{\"@type\":\"ReadAction\",\"target\":[\"https:\/\/riksmaklaren.se\/uppsala\/om-oss\/medarbetare\/\"]}]}]}<\/script>\n<!-- \/ Yoast SEO plugin. -->","_links":{"self":[{"href":"https:\/\/riksmaklaren.se\/uppsala\/wp-json\/wp\/v2\/pages\/191"}],"collection":[{"href":"https:\/\/riksmaklaren.se\/uppsala\/wp-json\/wp\/v2\/pages"}],"about":[{"href":"https:\/\/riksmaklaren.se\/uppsala\/wp-json\/wp\/v2\/types\/page"}],"author":[{"embeddable":true,"href":"https:\/\/riksmaklaren.se\/uppsala\/wp-json\/wp\/v2\/users\/1"}],"replies":[{"embeddable":true,"href":"https:\/\/riksmaklaren.se\/uppsala\/wp-json\/wp\/v2\/comments?post=191"}],"version-history":[{"count":13,"href":"https:\/\/riksmaklaren.se\/uppsala\/wp-json\/wp\/v2\/pages\/191\/revisions"}],"predecessor-version":[{"id":1757,"href":"https:\/\/riksmaklaren.se\/uppsala\/wp-json\/wp\/v2\/pages\/191\/revisions\/1757"}],"up":[{"embeddable":true,"href":"https:\/\/riksmaklaren.se\/uppsala\/wp-json\/wp\/v2\/pages\/9"}],"wp:featuredmedia":[{"embeddable":true,"href":"https:\/\/riksmaklaren.se\/uppsala\/wp-json\/wp\/v2\/media\/802"}],"wp:attachment":[{"href":"https:\/\/riksmaklaren.se\/uppsala\/wp-json\/wp\/v2\/media?parent=191"}],"curies":[{"name":"wp","href":"https:\/\/api.w.org\/{rel}","templated":true}]}}