{"id":184,"date":"2019-11-21T14:28:48","date_gmt":"2019-11-21T13:28:48","guid":{"rendered":"https:\/\/riksmaklaren.se\/uppsala\/?page_id=184"},"modified":"2024-03-14T13:43:42","modified_gmt":"2024-03-14T12:43:42","slug":"information-till-byggbolag","status":"publish","type":"page","link":"https:\/\/riksmaklaren.se\/uppsala\/nyproduktion\/information-till-byggbolag\/","title":{"rendered":"Information till byggbolag"},"content":{"rendered":"","protected":false},"excerpt":{"rendered":"","protected":false},"author":1,"featured_media":0,"parent":26,"menu_order":0,"comment_status":"closed","ping_status":"closed","template":"","meta":{"_acf_changed":false,"footnotes":""},"class_list":["post-184","page","type-page","status-publish","hentry"],"acf":[],"yoast_head":"<!-- This site is optimized with the Yoast SEO plugin v27.4 - https:\/\/yoast.com\/product\/yoast-seo-wordpress\/ -->\n<title>I Uppsala \u00e4r vi marknadsledande p\u00e5 nyproduktion - Riksm\u00e4klaren Uppsala<\/title>\n<meta name=\"description\" content=\"I Uppsala \u00e4r vi marknadsledande p\u00e5 nyproduktion! Vi har l\u00e5ng erfarenhet av f\u00f6rmedling av nyproduktion- och begagnade bost\u00e4der.\" \/>\n<meta name=\"robots\" content=\"index, follow, max-snippet:-1, max-image-preview:large, max-video-preview:-1\" \/>\n<link rel=\"canonical\" href=\"https:\/\/riksmaklaren.se\/uppsala\/nyproduktion\/information-till-byggbolag\/\" \/>\n<meta property=\"og:locale\" content=\"sv_SE\" \/>\n<meta property=\"og:type\" content=\"article\" \/>\n<meta property=\"og:title\" content=\"I Uppsala \u00e4r vi marknadsledande p\u00e5 nyproduktion - Riksm\u00e4klaren Uppsala\" \/>\n<meta property=\"og:description\" content=\"I Uppsala \u00e4r vi marknadsledande p\u00e5 nyproduktion! Vi har l\u00e5ng erfarenhet av f\u00f6rmedling av nyproduktion- och begagnade bost\u00e4der.\" \/>\n<meta property=\"og:url\" content=\"https:\/\/riksmaklaren.se\/uppsala\/nyproduktion\/information-till-byggbolag\/\" \/>\n<meta property=\"og:site_name\" content=\"Riksm\u00e4klaren Uppsala\" \/>\n<meta property=\"article:modified_time\" content=\"2024-03-14T12:43:42+00:00\" \/>\n<meta name=\"twitter:card\" content=\"summary_large_image\" \/>\n<script type=\"application\/ld+json\" class=\"yoast-schema-graph\">{\"@context\":\"https:\\\/\\\/schema.org\",\"@graph\":[{\"@type\":\"WebPage\",\"@id\":\"https:\\\/\\\/riksmaklaren.se\\\/uppsala\\\/nyproduktion\\\/information-till-byggbolag\\\/\",\"url\":\"https:\\\/\\\/riksmaklaren.se\\\/uppsala\\\/nyproduktion\\\/information-till-byggbolag\\\/\",\"name\":\"I Uppsala \u00e4r vi marknadsledande p\u00e5 nyproduktion - Riksm\u00e4klaren Uppsala\",\"isPartOf\":{\"@id\":\"https:\\\/\\\/riksmaklaren.se\\\/uppsala\\\/#website\"},\"datePublished\":\"2019-11-21T13:28:48+00:00\",\"dateModified\":\"2024-03-14T12:43:42+00:00\",\"description\":\"I Uppsala \u00e4r vi marknadsledande p\u00e5 nyproduktion! Vi har l\u00e5ng erfarenhet av f\u00f6rmedling av nyproduktion- och begagnade bost\u00e4der.\",\"breadcrumb\":{\"@id\":\"https:\\\/\\\/riksmaklaren.se\\\/uppsala\\\/nyproduktion\\\/information-till-byggbolag\\\/#breadcrumb\"},\"inLanguage\":\"sv-SE\",\"potentialAction\":[{\"@type\":\"ReadAction\",\"target\":[\"https:\\\/\\\/riksmaklaren.se\\\/uppsala\\\/nyproduktion\\\/information-till-byggbolag\\\/\"]}]},{\"@type\":\"BreadcrumbList\",\"@id\":\"https:\\\/\\\/riksmaklaren.se\\\/uppsala\\\/nyproduktion\\\/information-till-byggbolag\\\/#breadcrumb\",\"itemListElement\":[{\"@type\":\"ListItem\",\"position\":1,\"name\":\"Hem\",\"item\":\"https:\\\/\\\/riksmaklaren.se\\\/uppsala\\\/\"},{\"@type\":\"ListItem\",\"position\":2,\"name\":\"Nyproduktion ej sluts\u00e5lda\",\"item\":\"https:\\\/\\\/riksmaklaren.se\\\/uppsala\\\/nyproduktion\\\/\"},{\"@type\":\"ListItem\",\"position\":3,\"name\":\"Information till byggbolag\"}]},{\"@type\":\"WebSite\",\"@id\":\"https:\\\/\\\/riksmaklaren.se\\\/uppsala\\\/#website\",\"url\":\"https:\\\/\\\/riksmaklaren.se\\\/uppsala\\\/\",\"name\":\"Riksm\u00e4klaren Uppsala\",\"description\":\"M\u00e4klaren genom livet\",\"potentialAction\":[{\"@type\":\"SearchAction\",\"target\":{\"@type\":\"EntryPoint\",\"urlTemplate\":\"https:\\\/\\\/riksmaklaren.se\\\/uppsala\\\/?s={search_term_string}\"},\"query-input\":{\"@type\":\"PropertyValueSpecification\",\"valueRequired\":true,\"valueName\":\"search_term_string\"}}],\"inLanguage\":\"sv-SE\"}]}<\/script>\n<!-- \/ Yoast SEO plugin. -->","yoast_head_json":{"title":"I Uppsala \u00e4r vi marknadsledande p\u00e5 nyproduktion - Riksm\u00e4klaren Uppsala","description":"I Uppsala \u00e4r vi marknadsledande p\u00e5 nyproduktion! Vi har l\u00e5ng erfarenhet av f\u00f6rmedling av nyproduktion- och begagnade bost\u00e4der.","robots":{"index":"index","follow":"follow","max-snippet":"max-snippet:-1","max-image-preview":"max-image-preview:large","max-video-preview":"max-video-preview:-1"},"canonical":"https:\/\/riksmaklaren.se\/uppsala\/nyproduktion\/information-till-byggbolag\/","og_locale":"sv_SE","og_type":"article","og_title":"I Uppsala \u00e4r vi marknadsledande p\u00e5 nyproduktion - Riksm\u00e4klaren Uppsala","og_description":"I Uppsala \u00e4r vi marknadsledande p\u00e5 nyproduktion! Vi har l\u00e5ng erfarenhet av f\u00f6rmedling av nyproduktion- och begagnade bost\u00e4der.","og_url":"https:\/\/riksmaklaren.se\/uppsala\/nyproduktion\/information-till-byggbolag\/","og_site_name":"Riksm\u00e4klaren Uppsala","article_modified_time":"2024-03-14T12:43:42+00:00","twitter_card":"summary_large_image","schema":{"@context":"https:\/\/schema.org","@graph":[{"@type":"WebPage","@id":"https:\/\/riksmaklaren.se\/uppsala\/nyproduktion\/information-till-byggbolag\/","url":"https:\/\/riksmaklaren.se\/uppsala\/nyproduktion\/information-till-byggbolag\/","name":"I Uppsala \u00e4r vi marknadsledande p\u00e5 nyproduktion - Riksm\u00e4klaren Uppsala","isPartOf":{"@id":"https:\/\/riksmaklaren.se\/uppsala\/#website"},"datePublished":"2019-11-21T13:28:48+00:00","dateModified":"2024-03-14T12:43:42+00:00","description":"I Uppsala \u00e4r vi marknadsledande p\u00e5 nyproduktion! Vi har l\u00e5ng erfarenhet av f\u00f6rmedling av nyproduktion- och begagnade bost\u00e4der.","breadcrumb":{"@id":"https:\/\/riksmaklaren.se\/uppsala\/nyproduktion\/information-till-byggbolag\/#breadcrumb"},"inLanguage":"sv-SE","potentialAction":[{"@type":"ReadAction","target":["https:\/\/riksmaklaren.se\/uppsala\/nyproduktion\/information-till-byggbolag\/"]}]},{"@type":"BreadcrumbList","@id":"https:\/\/riksmaklaren.se\/uppsala\/nyproduktion\/information-till-byggbolag\/#breadcrumb","itemListElement":[{"@type":"ListItem","position":1,"name":"Hem","item":"https:\/\/riksmaklaren.se\/uppsala\/"},{"@type":"ListItem","position":2,"name":"Nyproduktion ej sluts\u00e5lda","item":"https:\/\/riksmaklaren.se\/uppsala\/nyproduktion\/"},{"@type":"ListItem","position":3,"name":"Information till byggbolag"}]},{"@type":"WebSite","@id":"https:\/\/riksmaklaren.se\/uppsala\/#website","url":"https:\/\/riksmaklaren.se\/uppsala\/","name":"Riksm\u00e4klaren Uppsala","description":"M\u00e4klaren genom livet","potentialAction":[{"@type":"SearchAction","target":{"@type":"EntryPoint","urlTemplate":"https:\/\/riksmaklaren.se\/uppsala\/?s={search_term_string}"},"query-input":{"@type":"PropertyValueSpecification","valueRequired":true,"valueName":"search_term_string"}}],"inLanguage":"sv-SE"}]}},"_links":{"self":[{"href":"https:\/\/riksmaklaren.se\/uppsala\/wp-json\/wp\/v2\/pages\/184","targetHints":{"allow":["GET"]}}],"collection":[{"href":"https:\/\/riksmaklaren.se\/uppsala\/wp-json\/wp\/v2\/pages"}],"about":[{"href":"https:\/\/riksmaklaren.se\/uppsala\/wp-json\/wp\/v2\/types\/page"}],"author":[{"embeddable":true,"href":"https:\/\/riksmaklaren.se\/uppsala\/wp-json\/wp\/v2\/users\/1"}],"replies":[{"embeddable":true,"href":"https:\/\/riksmaklaren.se\/uppsala\/wp-json\/wp\/v2\/comments?post=184"}],"version-history":[{"count":19,"href":"https:\/\/riksmaklaren.se\/uppsala\/wp-json\/wp\/v2\/pages\/184\/revisions"}],"predecessor-version":[{"id":2769,"href":"https:\/\/riksmaklaren.se\/uppsala\/wp-json\/wp\/v2\/pages\/184\/revisions\/2769"}],"up":[{"embeddable":true,"href":"https:\/\/riksmaklaren.se\/uppsala\/wp-json\/wp\/v2\/pages\/26"}],"wp:attachment":[{"href":"https:\/\/riksmaklaren.se\/uppsala\/wp-json\/wp\/v2\/media?parent=184"}],"curies":[{"name":"wp","href":"https:\/\/api.w.org\/{rel}","templated":true}]}}