{"id":16,"date":"2019-05-24T20:27:14","date_gmt":"2019-05-24T18:27:14","guid":{"rendered":"https:\/\/riksmaklaren.se\/uppsala\/?page_id=16"},"modified":"2026-03-05T09:56:28","modified_gmt":"2026-03-05T08:56:28","slug":"salja","status":"publish","type":"page","link":"https:\/\/riksmaklaren.se\/uppsala\/salja\/","title":{"rendered":"S\u00e4lja"},"content":{"rendered":"","protected":false},"excerpt":{"rendered":"","protected":false},"author":1,"featured_media":802,"parent":0,"menu_order":0,"comment_status":"closed","ping_status":"closed","template":"","meta":{"_acf_changed":false,"footnotes":""},"class_list":["post-16","page","type-page","status-publish","has-post-thumbnail","hentry"],"acf":[],"yoast_head":"<!-- This site is optimized with the Yoast SEO plugin v27.5 - https:\/\/yoast.com\/product\/yoast-seo-wordpress\/ -->\n<title>Hur g\u00e5r en f\u00f6rs\u00e4ljning hos Riksm\u00e4klaren Uppsala till?<\/title>\n<meta name=\"description\" content=\"Riksm\u00e4klaren Uppsala \u00e4r ett av Uppsalas marknadsledande f\u00f6retag. Hur mycket \u00e4r min bostad v\u00e4rd? N\u00e4r \u00e4r det b\u00e4st att s\u00e4lja?\" \/>\n<meta name=\"robots\" content=\"index, follow, max-snippet:-1, max-image-preview:large, max-video-preview:-1\" \/>\n<link rel=\"canonical\" href=\"https:\/\/riksmaklaren.se\/uppsala\/salja\/\" \/>\n<meta property=\"og:locale\" content=\"sv_SE\" \/>\n<meta property=\"og:type\" content=\"article\" \/>\n<meta property=\"og:title\" content=\"Hur g\u00e5r en f\u00f6rs\u00e4ljning hos Riksm\u00e4klaren Uppsala till?\" \/>\n<meta property=\"og:description\" content=\"Riksm\u00e4klaren Uppsala \u00e4r ett av Uppsalas marknadsledande f\u00f6retag. Hur mycket \u00e4r min bostad v\u00e4rd? N\u00e4r \u00e4r det b\u00e4st att s\u00e4lja?\" \/>\n<meta property=\"og:url\" content=\"https:\/\/riksmaklaren.se\/uppsala\/salja\/\" \/>\n<meta property=\"og:site_name\" content=\"Riksm\u00e4klaren Uppsala\" \/>\n<meta property=\"article:modified_time\" content=\"2026-03-05T08:56:28+00:00\" \/>\n<meta property=\"og:image\" content=\"https:\/\/riksmaklaren.se\/uppsala\/wp-content\/uploads\/sites\/2\/2020\/04\/DSC_4626-HDR.jpg\" \/>\n\t<meta property=\"og:image:width\" content=\"1440\" \/>\n\t<meta property=\"og:image:height\" content=\"961\" \/>\n\t<meta property=\"og:image:type\" content=\"image\/jpeg\" \/>\n<meta name=\"twitter:card\" content=\"summary_large_image\" \/>\n<script type=\"application\/ld+json\" class=\"yoast-schema-graph\">{\"@context\":\"https:\\\/\\\/schema.org\",\"@graph\":[{\"@type\":\"WebPage\",\"@id\":\"https:\\\/\\\/riksmaklaren.se\\\/uppsala\\\/salja\\\/\",\"url\":\"https:\\\/\\\/riksmaklaren.se\\\/uppsala\\\/salja\\\/\",\"name\":\"Hur g\u00e5r en f\u00f6rs\u00e4ljning hos Riksm\u00e4klaren Uppsala till?\",\"isPartOf\":{\"@id\":\"https:\\\/\\\/riksmaklaren.se\\\/uppsala\\\/#website\"},\"primaryImageOfPage\":{\"@id\":\"https:\\\/\\\/riksmaklaren.se\\\/uppsala\\\/salja\\\/#primaryimage\"},\"image\":{\"@id\":\"https:\\\/\\\/riksmaklaren.se\\\/uppsala\\\/salja\\\/#primaryimage\"},\"thumbnailUrl\":\"https:\\\/\\\/riksmaklaren.se\\\/uppsala\\\/wp-content\\\/uploads\\\/sites\\\/2\\\/2020\\\/04\\\/DSC_4626-HDR.jpg\",\"datePublished\":\"2019-05-24T18:27:14+00:00\",\"dateModified\":\"2026-03-05T08:56:28+00:00\",\"description\":\"Riksm\u00e4klaren Uppsala \u00e4r ett av Uppsalas marknadsledande f\u00f6retag. Hur mycket \u00e4r min bostad v\u00e4rd? N\u00e4r \u00e4r det b\u00e4st att s\u00e4lja?\",\"breadcrumb\":{\"@id\":\"https:\\\/\\\/riksmaklaren.se\\\/uppsala\\\/salja\\\/#breadcrumb\"},\"inLanguage\":\"sv-SE\",\"potentialAction\":[{\"@type\":\"ReadAction\",\"target\":[\"https:\\\/\\\/riksmaklaren.se\\\/uppsala\\\/salja\\\/\"]}]},{\"@type\":\"ImageObject\",\"inLanguage\":\"sv-SE\",\"@id\":\"https:\\\/\\\/riksmaklaren.se\\\/uppsala\\\/salja\\\/#primaryimage\",\"url\":\"https:\\\/\\\/riksmaklaren.se\\\/uppsala\\\/wp-content\\\/uploads\\\/sites\\\/2\\\/2020\\\/04\\\/DSC_4626-HDR.jpg\",\"contentUrl\":\"https:\\\/\\\/riksmaklaren.se\\\/uppsala\\\/wp-content\\\/uploads\\\/sites\\\/2\\\/2020\\\/04\\\/DSC_4626-HDR.jpg\",\"width\":1440,\"height\":961},{\"@type\":\"BreadcrumbList\",\"@id\":\"https:\\\/\\\/riksmaklaren.se\\\/uppsala\\\/salja\\\/#breadcrumb\",\"itemListElement\":[{\"@type\":\"ListItem\",\"position\":1,\"name\":\"Hem\",\"item\":\"https:\\\/\\\/riksmaklaren.se\\\/uppsala\\\/\"},{\"@type\":\"ListItem\",\"position\":2,\"name\":\"S\u00e4lja\"}]},{\"@type\":\"WebSite\",\"@id\":\"https:\\\/\\\/riksmaklaren.se\\\/uppsala\\\/#website\",\"url\":\"https:\\\/\\\/riksmaklaren.se\\\/uppsala\\\/\",\"name\":\"Riksm\u00e4klaren Uppsala\",\"description\":\"M\u00e4klaren genom livet\",\"potentialAction\":[{\"@type\":\"SearchAction\",\"target\":{\"@type\":\"EntryPoint\",\"urlTemplate\":\"https:\\\/\\\/riksmaklaren.se\\\/uppsala\\\/?s={search_term_string}\"},\"query-input\":{\"@type\":\"PropertyValueSpecification\",\"valueRequired\":true,\"valueName\":\"search_term_string\"}}],\"inLanguage\":\"sv-SE\"}]}<\/script>\n<!-- \/ Yoast SEO plugin. -->","yoast_head_json":{"title":"Hur g\u00e5r en f\u00f6rs\u00e4ljning hos Riksm\u00e4klaren Uppsala till?","description":"Riksm\u00e4klaren Uppsala \u00e4r ett av Uppsalas marknadsledande f\u00f6retag. Hur mycket \u00e4r min bostad v\u00e4rd? N\u00e4r \u00e4r det b\u00e4st att s\u00e4lja?","robots":{"index":"index","follow":"follow","max-snippet":"max-snippet:-1","max-image-preview":"max-image-preview:large","max-video-preview":"max-video-preview:-1"},"canonical":"https:\/\/riksmaklaren.se\/uppsala\/salja\/","og_locale":"sv_SE","og_type":"article","og_title":"Hur g\u00e5r en f\u00f6rs\u00e4ljning hos Riksm\u00e4klaren Uppsala till?","og_description":"Riksm\u00e4klaren Uppsala \u00e4r ett av Uppsalas marknadsledande f\u00f6retag. Hur mycket \u00e4r min bostad v\u00e4rd? N\u00e4r \u00e4r det b\u00e4st att s\u00e4lja?","og_url":"https:\/\/riksmaklaren.se\/uppsala\/salja\/","og_site_name":"Riksm\u00e4klaren Uppsala","article_modified_time":"2026-03-05T08:56:28+00:00","og_image":[{"width":1440,"height":961,"url":"https:\/\/riksmaklaren.se\/uppsala\/wp-content\/uploads\/sites\/2\/2020\/04\/DSC_4626-HDR.jpg","type":"image\/jpeg"}],"twitter_card":"summary_large_image","schema":{"@context":"https:\/\/schema.org","@graph":[{"@type":"WebPage","@id":"https:\/\/riksmaklaren.se\/uppsala\/salja\/","url":"https:\/\/riksmaklaren.se\/uppsala\/salja\/","name":"Hur g\u00e5r en f\u00f6rs\u00e4ljning hos Riksm\u00e4klaren Uppsala till?","isPartOf":{"@id":"https:\/\/riksmaklaren.se\/uppsala\/#website"},"primaryImageOfPage":{"@id":"https:\/\/riksmaklaren.se\/uppsala\/salja\/#primaryimage"},"image":{"@id":"https:\/\/riksmaklaren.se\/uppsala\/salja\/#primaryimage"},"thumbnailUrl":"https:\/\/riksmaklaren.se\/uppsala\/wp-content\/uploads\/sites\/2\/2020\/04\/DSC_4626-HDR.jpg","datePublished":"2019-05-24T18:27:14+00:00","dateModified":"2026-03-05T08:56:28+00:00","description":"Riksm\u00e4klaren Uppsala \u00e4r ett av Uppsalas marknadsledande f\u00f6retag. Hur mycket \u00e4r min bostad v\u00e4rd? N\u00e4r \u00e4r det b\u00e4st att s\u00e4lja?","breadcrumb":{"@id":"https:\/\/riksmaklaren.se\/uppsala\/salja\/#breadcrumb"},"inLanguage":"sv-SE","potentialAction":[{"@type":"ReadAction","target":["https:\/\/riksmaklaren.se\/uppsala\/salja\/"]}]},{"@type":"ImageObject","inLanguage":"sv-SE","@id":"https:\/\/riksmaklaren.se\/uppsala\/salja\/#primaryimage","url":"https:\/\/riksmaklaren.se\/uppsala\/wp-content\/uploads\/sites\/2\/2020\/04\/DSC_4626-HDR.jpg","contentUrl":"https:\/\/riksmaklaren.se\/uppsala\/wp-content\/uploads\/sites\/2\/2020\/04\/DSC_4626-HDR.jpg","width":1440,"height":961},{"@type":"BreadcrumbList","@id":"https:\/\/riksmaklaren.se\/uppsala\/salja\/#breadcrumb","itemListElement":[{"@type":"ListItem","position":1,"name":"Hem","item":"https:\/\/riksmaklaren.se\/uppsala\/"},{"@type":"ListItem","position":2,"name":"S\u00e4lja"}]},{"@type":"WebSite","@id":"https:\/\/riksmaklaren.se\/uppsala\/#website","url":"https:\/\/riksmaklaren.se\/uppsala\/","name":"Riksm\u00e4klaren Uppsala","description":"M\u00e4klaren genom livet","potentialAction":[{"@type":"SearchAction","target":{"@type":"EntryPoint","urlTemplate":"https:\/\/riksmaklaren.se\/uppsala\/?s={search_term_string}"},"query-input":{"@type":"PropertyValueSpecification","valueRequired":true,"valueName":"search_term_string"}}],"inLanguage":"sv-SE"}]}},"_links":{"self":[{"href":"https:\/\/riksmaklaren.se\/uppsala\/wp-json\/wp\/v2\/pages\/16","targetHints":{"allow":["GET"]}}],"collection":[{"href":"https:\/\/riksmaklaren.se\/uppsala\/wp-json\/wp\/v2\/pages"}],"about":[{"href":"https:\/\/riksmaklaren.se\/uppsala\/wp-json\/wp\/v2\/types\/page"}],"author":[{"embeddable":true,"href":"https:\/\/riksmaklaren.se\/uppsala\/wp-json\/wp\/v2\/users\/1"}],"replies":[{"embeddable":true,"href":"https:\/\/riksmaklaren.se\/uppsala\/wp-json\/wp\/v2\/comments?post=16"}],"version-history":[{"count":87,"href":"https:\/\/riksmaklaren.se\/uppsala\/wp-json\/wp\/v2\/pages\/16\/revisions"}],"predecessor-version":[{"id":3027,"href":"https:\/\/riksmaklaren.se\/uppsala\/wp-json\/wp\/v2\/pages\/16\/revisions\/3027"}],"wp:featuredmedia":[{"embeddable":true,"href":"https:\/\/riksmaklaren.se\/uppsala\/wp-json\/wp\/v2\/media\/802"}],"wp:attachment":[{"href":"https:\/\/riksmaklaren.se\/uppsala\/wp-json\/wp\/v2\/media?parent=16"}],"curies":[{"name":"wp","href":"https:\/\/api.w.org\/{rel}","templated":true}]}}