{"id":1569,"date":"2021-03-17T13:18:46","date_gmt":"2021-03-17T12:18:46","guid":{"rendered":"https:\/\/riksmaklaren.se\/uppsala\/?page_id=1569"},"modified":"2021-03-17T13:27:28","modified_gmt":"2021-03-17T12:27:28","slug":"kopa","status":"publish","type":"page","link":"https:\/\/riksmaklaren.se\/uppsala\/riksmaklaren-plus\/kopa\/","title":{"rendered":"S\u00f6ker bostad"},"content":{"rendered":"","protected":false},"excerpt":{"rendered":"","protected":false},"author":3,"featured_media":802,"parent":29,"menu_order":0,"comment_status":"closed","ping_status":"closed","template":"","meta":[],"yoast_head":"<!-- This site is optimized with the Yoast SEO plugin v15.0 - https:\/\/yoast.com\/wordpress\/plugins\/seo\/ -->\n<meta name=\"description\" content=\"En bostad m\u00e4rkt med Riksm\u00e4klaren Plus (rm+) inneb\u00e4r att det \u00e4r en kommande f\u00f6rs\u00e4ljning. Spekulanten h\u00e5lls uppdaterad.\" \/>\n<meta name=\"robots\" content=\"index, follow, max-snippet:-1, max-image-preview:large, max-video-preview:-1\" \/>\n<link rel=\"canonical\" href=\"https:\/\/riksmaklaren.se\/uppsala\/riksmaklaren-plus\/kopa\/\" \/>\n<meta property=\"og:locale\" content=\"sv_SE\" \/>\n<meta property=\"og:type\" content=\"article\" \/>\n<meta property=\"og:title\" content=\"Hur g\u00e5r en f\u00f6rs\u00e4ljning hos Riksm\u00e4klaren Uppsala till?\" \/>\n<meta property=\"og:description\" content=\"En bostad m\u00e4rkt med Riksm\u00e4klaren Plus (rm+) inneb\u00e4r att det \u00e4r en kommande f\u00f6rs\u00e4ljning. Spekulanten h\u00e5lls uppdaterad.\" \/>\n<meta property=\"og:url\" content=\"https:\/\/riksmaklaren.se\/uppsala\/riksmaklaren-plus\/kopa\/\" \/>\n<meta property=\"og:site_name\" content=\"Riksm\u00e4klaren Uppsala\" \/>\n<meta property=\"article:modified_time\" content=\"2021-03-17T12:27:28+00:00\" \/>\n<meta property=\"og:image\" content=\"https:\/\/riksmaklaren.se\/uppsala\/wp-content\/uploads\/sites\/2\/2020\/04\/DSC_4626-HDR.jpg\" \/>\n\t<meta property=\"og:image:width\" content=\"1440\" \/>\n\t<meta property=\"og:image:height\" content=\"961\" \/>\n<meta name=\"twitter:card\" content=\"summary_large_image\" \/>\n<script type=\"application\/ld+json\" class=\"yoast-schema-graph\">{\"@context\":\"https:\/\/schema.org\",\"@graph\":[{\"@type\":\"WebSite\",\"@id\":\"https:\/\/riksmaklaren.se\/uppsala\/#website\",\"url\":\"https:\/\/riksmaklaren.se\/uppsala\/\",\"name\":\"Riksm\\u00e4klaren Uppsala\",\"description\":\"M\\u00e4klaren genom livet\",\"potentialAction\":[{\"@type\":\"SearchAction\",\"target\":\"https:\/\/riksmaklaren.se\/uppsala\/?s={search_term_string}\",\"query-input\":\"required name=search_term_string\"}],\"inLanguage\":\"sv-SE\"},{\"@type\":\"ImageObject\",\"@id\":\"https:\/\/riksmaklaren.se\/uppsala\/riksmaklaren-plus\/kopa\/#primaryimage\",\"inLanguage\":\"sv-SE\",\"url\":\"https:\/\/riksmaklaren.se\/uppsala\/wp-content\/uploads\/sites\/2\/2020\/04\/DSC_4626-HDR.jpg\",\"width\":1440,\"height\":961},{\"@type\":\"WebPage\",\"@id\":\"https:\/\/riksmaklaren.se\/uppsala\/riksmaklaren-plus\/kopa\/#webpage\",\"url\":\"https:\/\/riksmaklaren.se\/uppsala\/riksmaklaren-plus\/kopa\/\",\"name\":\"Hur g\\u00e5r en f\\u00f6rs\\u00e4ljning hos Riksm\\u00e4klaren Uppsala till?\",\"isPartOf\":{\"@id\":\"https:\/\/riksmaklaren.se\/uppsala\/#website\"},\"primaryImageOfPage\":{\"@id\":\"https:\/\/riksmaklaren.se\/uppsala\/riksmaklaren-plus\/kopa\/#primaryimage\"},\"datePublished\":\"2021-03-17T12:18:46+00:00\",\"dateModified\":\"2021-03-17T12:27:28+00:00\",\"description\":\"En bostad m\\u00e4rkt med Riksm\\u00e4klaren Plus (rm+) inneb\\u00e4r att det \\u00e4r en kommande f\\u00f6rs\\u00e4ljning. Spekulanten h\\u00e5lls uppdaterad.\",\"inLanguage\":\"sv-SE\",\"potentialAction\":[{\"@type\":\"ReadAction\",\"target\":[\"https:\/\/riksmaklaren.se\/uppsala\/riksmaklaren-plus\/kopa\/\"]}]}]}<\/script>\n<!-- \/ Yoast SEO plugin. -->","_links":{"self":[{"href":"https:\/\/riksmaklaren.se\/uppsala\/wp-json\/wp\/v2\/pages\/1569"}],"collection":[{"href":"https:\/\/riksmaklaren.se\/uppsala\/wp-json\/wp\/v2\/pages"}],"about":[{"href":"https:\/\/riksmaklaren.se\/uppsala\/wp-json\/wp\/v2\/types\/page"}],"author":[{"embeddable":true,"href":"https:\/\/riksmaklaren.se\/uppsala\/wp-json\/wp\/v2\/users\/3"}],"replies":[{"embeddable":true,"href":"https:\/\/riksmaklaren.se\/uppsala\/wp-json\/wp\/v2\/comments?post=1569"}],"version-history":[{"count":5,"href":"https:\/\/riksmaklaren.se\/uppsala\/wp-json\/wp\/v2\/pages\/1569\/revisions"}],"predecessor-version":[{"id":1579,"href":"https:\/\/riksmaklaren.se\/uppsala\/wp-json\/wp\/v2\/pages\/1569\/revisions\/1579"}],"up":[{"embeddable":true,"href":"https:\/\/riksmaklaren.se\/uppsala\/wp-json\/wp\/v2\/pages\/29"}],"wp:featuredmedia":[{"embeddable":true,"href":"https:\/\/riksmaklaren.se\/uppsala\/wp-json\/wp\/v2\/media\/802"}],"wp:attachment":[{"href":"https:\/\/riksmaklaren.se\/uppsala\/wp-json\/wp\/v2\/media?parent=1569"}],"curies":[{"name":"wp","href":"https:\/\/api.w.org\/{rel}","templated":true}]}}