{"id":1563,"date":"2021-03-17T13:08:57","date_gmt":"2021-03-17T12:08:57","guid":{"rendered":"https:\/\/riksmaklaren.se\/uppsala\/?page_id=1563"},"modified":"2021-11-30T15:54:47","modified_gmt":"2021-11-30T14:54:47","slug":"riksmaklaren-plus-saljare","status":"publish","type":"page","link":"https:\/\/riksmaklaren.se\/uppsala\/riksmaklaren-plus\/riksmaklaren-plus-saljare\/","title":{"rendered":"S\u00e4ljare"},"content":{"rendered":"","protected":false},"excerpt":{"rendered":"","protected":false},"author":3,"featured_media":0,"parent":29,"menu_order":0,"comment_status":"closed","ping_status":"closed","template":"","meta":[],"yoast_head":"<!-- This site is optimized with the Yoast SEO plugin v15.0 - https:\/\/yoast.com\/wordpress\/plugins\/seo\/ -->\n<meta name=\"description\" content=\"En bostad m\u00e4rkt med Riksm\u00e4klaren Plus (rm+) inneb\u00e4r att s\u00e4ljaren samlar spekulanter inf\u00f6r startad f\u00f6rs\u00e4ljning.\" \/>\n<meta name=\"robots\" content=\"index, follow, max-snippet:-1, max-image-preview:large, max-video-preview:-1\" \/>\n<link rel=\"canonical\" href=\"https:\/\/riksmaklaren.se\/uppsala\/riksmaklaren-plus\/riksmaklaren-plus-saljare\/\" \/>\n<meta property=\"og:locale\" content=\"sv_SE\" \/>\n<meta property=\"og:type\" content=\"article\" \/>\n<meta property=\"og:title\" content=\"S\u00e4ljare - Riksm\u00e4klaren Uppsala\" \/>\n<meta property=\"og:description\" content=\"En bostad m\u00e4rkt med Riksm\u00e4klaren Plus (rm+) inneb\u00e4r att s\u00e4ljaren samlar spekulanter inf\u00f6r startad f\u00f6rs\u00e4ljning.\" \/>\n<meta property=\"og:url\" content=\"https:\/\/riksmaklaren.se\/uppsala\/riksmaklaren-plus\/riksmaklaren-plus-saljare\/\" \/>\n<meta property=\"og:site_name\" content=\"Riksm\u00e4klaren Uppsala\" \/>\n<meta property=\"article:modified_time\" content=\"2021-11-30T14:54:47+00:00\" \/>\n<meta name=\"twitter:card\" content=\"summary_large_image\" \/>\n<script type=\"application\/ld+json\" class=\"yoast-schema-graph\">{\"@context\":\"https:\/\/schema.org\",\"@graph\":[{\"@type\":\"WebSite\",\"@id\":\"https:\/\/riksmaklaren.se\/uppsala\/#website\",\"url\":\"https:\/\/riksmaklaren.se\/uppsala\/\",\"name\":\"Riksm\\u00e4klaren Uppsala\",\"description\":\"M\\u00e4klaren genom livet\",\"potentialAction\":[{\"@type\":\"SearchAction\",\"target\":\"https:\/\/riksmaklaren.se\/uppsala\/?s={search_term_string}\",\"query-input\":\"required name=search_term_string\"}],\"inLanguage\":\"sv-SE\"},{\"@type\":\"WebPage\",\"@id\":\"https:\/\/riksmaklaren.se\/uppsala\/riksmaklaren-plus\/riksmaklaren-plus-saljare\/#webpage\",\"url\":\"https:\/\/riksmaklaren.se\/uppsala\/riksmaklaren-plus\/riksmaklaren-plus-saljare\/\",\"name\":\"S\\u00e4ljare - Riksm\\u00e4klaren Uppsala\",\"isPartOf\":{\"@id\":\"https:\/\/riksmaklaren.se\/uppsala\/#website\"},\"datePublished\":\"2021-03-17T12:08:57+00:00\",\"dateModified\":\"2021-11-30T14:54:47+00:00\",\"description\":\"En bostad m\\u00e4rkt med Riksm\\u00e4klaren Plus (rm+) inneb\\u00e4r att s\\u00e4ljaren samlar spekulanter inf\\u00f6r startad f\\u00f6rs\\u00e4ljning.\",\"inLanguage\":\"sv-SE\",\"potentialAction\":[{\"@type\":\"ReadAction\",\"target\":[\"https:\/\/riksmaklaren.se\/uppsala\/riksmaklaren-plus\/riksmaklaren-plus-saljare\/\"]}]}]}<\/script>\n<!-- \/ Yoast SEO plugin. -->","_links":{"self":[{"href":"https:\/\/riksmaklaren.se\/uppsala\/wp-json\/wp\/v2\/pages\/1563"}],"collection":[{"href":"https:\/\/riksmaklaren.se\/uppsala\/wp-json\/wp\/v2\/pages"}],"about":[{"href":"https:\/\/riksmaklaren.se\/uppsala\/wp-json\/wp\/v2\/types\/page"}],"author":[{"embeddable":true,"href":"https:\/\/riksmaklaren.se\/uppsala\/wp-json\/wp\/v2\/users\/3"}],"replies":[{"embeddable":true,"href":"https:\/\/riksmaklaren.se\/uppsala\/wp-json\/wp\/v2\/comments?post=1563"}],"version-history":[{"count":3,"href":"https:\/\/riksmaklaren.se\/uppsala\/wp-json\/wp\/v2\/pages\/1563\/revisions"}],"predecessor-version":[{"id":1566,"href":"https:\/\/riksmaklaren.se\/uppsala\/wp-json\/wp\/v2\/pages\/1563\/revisions\/1566"}],"up":[{"embeddable":true,"href":"https:\/\/riksmaklaren.se\/uppsala\/wp-json\/wp\/v2\/pages\/29"}],"wp:attachment":[{"href":"https:\/\/riksmaklaren.se\/uppsala\/wp-json\/wp\/v2\/media?parent=1563"}],"curies":[{"name":"wp","href":"https:\/\/api.w.org\/{rel}","templated":true}]}}