{"id":1521,"date":"2021-03-16T14:43:37","date_gmt":"2021-03-16T13:43:37","guid":{"rendered":"https:\/\/riksmaklaren.se\/uppsala\/?page_id=1521"},"modified":"2024-01-03T13:37:23","modified_gmt":"2024-01-03T12:37:23","slug":"salja-vanliga-fragor","status":"publish","type":"page","link":"https:\/\/riksmaklaren.se\/uppsala\/salja\/salja-vanliga-fragor\/","title":{"rendered":"Vanliga fr\u00e5gor"},"content":{"rendered":"","protected":false},"excerpt":{"rendered":"","protected":false},"author":3,"featured_media":802,"parent":16,"menu_order":0,"comment_status":"closed","ping_status":"closed","template":"","meta":{"_acf_changed":false,"footnotes":""},"class_list":["post-1521","page","type-page","status-publish","has-post-thumbnail","hentry"],"acf":[],"yoast_head":"<!-- This site is optimized with the Yoast SEO plugin v27.5 - https:\/\/yoast.com\/product\/yoast-seo-wordpress\/ -->\n<title>Vanliga fr\u00e5gor - Riksm\u00e4klaren Uppsala<\/title>\n<meta name=\"description\" content=\"Riksm\u00e4klaren Uppsala \u00e4r ett av Uppsalas marknadsledande f\u00f6retag. Hur mycket \u00e4r min bostad v\u00e4rd? N\u00e4r \u00e4r det b\u00e4st att s\u00e4lja?\" \/>\n<meta name=\"robots\" content=\"index, follow, max-snippet:-1, max-image-preview:large, max-video-preview:-1\" \/>\n<link rel=\"canonical\" href=\"https:\/\/riksmaklaren.se\/uppsala\/salja\/salja-vanliga-fragor\/\" \/>\n<meta property=\"og:locale\" content=\"sv_SE\" \/>\n<meta property=\"og:type\" content=\"article\" \/>\n<meta property=\"og:title\" content=\"Vanliga fr\u00e5gor - Riksm\u00e4klaren Uppsala\" \/>\n<meta property=\"og:description\" content=\"Riksm\u00e4klaren Uppsala \u00e4r ett av Uppsalas marknadsledande f\u00f6retag. Hur mycket \u00e4r min bostad v\u00e4rd? N\u00e4r \u00e4r det b\u00e4st att s\u00e4lja?\" \/>\n<meta property=\"og:url\" content=\"https:\/\/riksmaklaren.se\/uppsala\/salja\/salja-vanliga-fragor\/\" \/>\n<meta property=\"og:site_name\" content=\"Riksm\u00e4klaren Uppsala\" \/>\n<meta property=\"article:modified_time\" content=\"2024-01-03T12:37:23+00:00\" \/>\n<meta property=\"og:image\" content=\"https:\/\/riksmaklaren.se\/uppsala\/wp-content\/uploads\/sites\/2\/2020\/04\/DSC_4626-HDR.jpg\" \/>\n\t<meta property=\"og:image:width\" content=\"1440\" \/>\n\t<meta property=\"og:image:height\" content=\"961\" \/>\n\t<meta property=\"og:image:type\" content=\"image\/jpeg\" \/>\n<meta name=\"twitter:card\" content=\"summary_large_image\" \/>\n<script type=\"application\/ld+json\" class=\"yoast-schema-graph\">{\"@context\":\"https:\\\/\\\/schema.org\",\"@graph\":[{\"@type\":\"WebPage\",\"@id\":\"https:\\\/\\\/riksmaklaren.se\\\/uppsala\\\/salja\\\/salja-vanliga-fragor\\\/\",\"url\":\"https:\\\/\\\/riksmaklaren.se\\\/uppsala\\\/salja\\\/salja-vanliga-fragor\\\/\",\"name\":\"Vanliga fr\u00e5gor - Riksm\u00e4klaren Uppsala\",\"isPartOf\":{\"@id\":\"https:\\\/\\\/riksmaklaren.se\\\/uppsala\\\/#website\"},\"primaryImageOfPage\":{\"@id\":\"https:\\\/\\\/riksmaklaren.se\\\/uppsala\\\/salja\\\/salja-vanliga-fragor\\\/#primaryimage\"},\"image\":{\"@id\":\"https:\\\/\\\/riksmaklaren.se\\\/uppsala\\\/salja\\\/salja-vanliga-fragor\\\/#primaryimage\"},\"thumbnailUrl\":\"https:\\\/\\\/riksmaklaren.se\\\/uppsala\\\/wp-content\\\/uploads\\\/sites\\\/2\\\/2020\\\/04\\\/DSC_4626-HDR.jpg\",\"datePublished\":\"2021-03-16T13:43:37+00:00\",\"dateModified\":\"2024-01-03T12:37:23+00:00\",\"description\":\"Riksm\u00e4klaren Uppsala \u00e4r ett av Uppsalas marknadsledande f\u00f6retag. Hur mycket \u00e4r min bostad v\u00e4rd? N\u00e4r \u00e4r det b\u00e4st att s\u00e4lja?\",\"breadcrumb\":{\"@id\":\"https:\\\/\\\/riksmaklaren.se\\\/uppsala\\\/salja\\\/salja-vanliga-fragor\\\/#breadcrumb\"},\"inLanguage\":\"sv-SE\",\"potentialAction\":[{\"@type\":\"ReadAction\",\"target\":[\"https:\\\/\\\/riksmaklaren.se\\\/uppsala\\\/salja\\\/salja-vanliga-fragor\\\/\"]}]},{\"@type\":\"ImageObject\",\"inLanguage\":\"sv-SE\",\"@id\":\"https:\\\/\\\/riksmaklaren.se\\\/uppsala\\\/salja\\\/salja-vanliga-fragor\\\/#primaryimage\",\"url\":\"https:\\\/\\\/riksmaklaren.se\\\/uppsala\\\/wp-content\\\/uploads\\\/sites\\\/2\\\/2020\\\/04\\\/DSC_4626-HDR.jpg\",\"contentUrl\":\"https:\\\/\\\/riksmaklaren.se\\\/uppsala\\\/wp-content\\\/uploads\\\/sites\\\/2\\\/2020\\\/04\\\/DSC_4626-HDR.jpg\",\"width\":1440,\"height\":961},{\"@type\":\"BreadcrumbList\",\"@id\":\"https:\\\/\\\/riksmaklaren.se\\\/uppsala\\\/salja\\\/salja-vanliga-fragor\\\/#breadcrumb\",\"itemListElement\":[{\"@type\":\"ListItem\",\"position\":1,\"name\":\"Hem\",\"item\":\"https:\\\/\\\/riksmaklaren.se\\\/uppsala\\\/\"},{\"@type\":\"ListItem\",\"position\":2,\"name\":\"S\u00e4lja\",\"item\":\"https:\\\/\\\/riksmaklaren.se\\\/uppsala\\\/salja\\\/\"},{\"@type\":\"ListItem\",\"position\":3,\"name\":\"Vanliga fr\u00e5gor\"}]},{\"@type\":\"WebSite\",\"@id\":\"https:\\\/\\\/riksmaklaren.se\\\/uppsala\\\/#website\",\"url\":\"https:\\\/\\\/riksmaklaren.se\\\/uppsala\\\/\",\"name\":\"Riksm\u00e4klaren Uppsala\",\"description\":\"M\u00e4klaren genom livet\",\"potentialAction\":[{\"@type\":\"SearchAction\",\"target\":{\"@type\":\"EntryPoint\",\"urlTemplate\":\"https:\\\/\\\/riksmaklaren.se\\\/uppsala\\\/?s={search_term_string}\"},\"query-input\":{\"@type\":\"PropertyValueSpecification\",\"valueRequired\":true,\"valueName\":\"search_term_string\"}}],\"inLanguage\":\"sv-SE\"}]}<\/script>\n<!-- \/ Yoast SEO plugin. -->","yoast_head_json":{"title":"Vanliga fr\u00e5gor - Riksm\u00e4klaren Uppsala","description":"Riksm\u00e4klaren Uppsala \u00e4r ett av Uppsalas marknadsledande f\u00f6retag. Hur mycket \u00e4r min bostad v\u00e4rd? N\u00e4r \u00e4r det b\u00e4st att s\u00e4lja?","robots":{"index":"index","follow":"follow","max-snippet":"max-snippet:-1","max-image-preview":"max-image-preview:large","max-video-preview":"max-video-preview:-1"},"canonical":"https:\/\/riksmaklaren.se\/uppsala\/salja\/salja-vanliga-fragor\/","og_locale":"sv_SE","og_type":"article","og_title":"Vanliga fr\u00e5gor - Riksm\u00e4klaren Uppsala","og_description":"Riksm\u00e4klaren Uppsala \u00e4r ett av Uppsalas marknadsledande f\u00f6retag. Hur mycket \u00e4r min bostad v\u00e4rd? N\u00e4r \u00e4r det b\u00e4st att s\u00e4lja?","og_url":"https:\/\/riksmaklaren.se\/uppsala\/salja\/salja-vanliga-fragor\/","og_site_name":"Riksm\u00e4klaren Uppsala","article_modified_time":"2024-01-03T12:37:23+00:00","og_image":[{"width":1440,"height":961,"url":"https:\/\/riksmaklaren.se\/uppsala\/wp-content\/uploads\/sites\/2\/2020\/04\/DSC_4626-HDR.jpg","type":"image\/jpeg"}],"twitter_card":"summary_large_image","schema":{"@context":"https:\/\/schema.org","@graph":[{"@type":"WebPage","@id":"https:\/\/riksmaklaren.se\/uppsala\/salja\/salja-vanliga-fragor\/","url":"https:\/\/riksmaklaren.se\/uppsala\/salja\/salja-vanliga-fragor\/","name":"Vanliga fr\u00e5gor - Riksm\u00e4klaren Uppsala","isPartOf":{"@id":"https:\/\/riksmaklaren.se\/uppsala\/#website"},"primaryImageOfPage":{"@id":"https:\/\/riksmaklaren.se\/uppsala\/salja\/salja-vanliga-fragor\/#primaryimage"},"image":{"@id":"https:\/\/riksmaklaren.se\/uppsala\/salja\/salja-vanliga-fragor\/#primaryimage"},"thumbnailUrl":"https:\/\/riksmaklaren.se\/uppsala\/wp-content\/uploads\/sites\/2\/2020\/04\/DSC_4626-HDR.jpg","datePublished":"2021-03-16T13:43:37+00:00","dateModified":"2024-01-03T12:37:23+00:00","description":"Riksm\u00e4klaren Uppsala \u00e4r ett av Uppsalas marknadsledande f\u00f6retag. Hur mycket \u00e4r min bostad v\u00e4rd? N\u00e4r \u00e4r det b\u00e4st att s\u00e4lja?","breadcrumb":{"@id":"https:\/\/riksmaklaren.se\/uppsala\/salja\/salja-vanliga-fragor\/#breadcrumb"},"inLanguage":"sv-SE","potentialAction":[{"@type":"ReadAction","target":["https:\/\/riksmaklaren.se\/uppsala\/salja\/salja-vanliga-fragor\/"]}]},{"@type":"ImageObject","inLanguage":"sv-SE","@id":"https:\/\/riksmaklaren.se\/uppsala\/salja\/salja-vanliga-fragor\/#primaryimage","url":"https:\/\/riksmaklaren.se\/uppsala\/wp-content\/uploads\/sites\/2\/2020\/04\/DSC_4626-HDR.jpg","contentUrl":"https:\/\/riksmaklaren.se\/uppsala\/wp-content\/uploads\/sites\/2\/2020\/04\/DSC_4626-HDR.jpg","width":1440,"height":961},{"@type":"BreadcrumbList","@id":"https:\/\/riksmaklaren.se\/uppsala\/salja\/salja-vanliga-fragor\/#breadcrumb","itemListElement":[{"@type":"ListItem","position":1,"name":"Hem","item":"https:\/\/riksmaklaren.se\/uppsala\/"},{"@type":"ListItem","position":2,"name":"S\u00e4lja","item":"https:\/\/riksmaklaren.se\/uppsala\/salja\/"},{"@type":"ListItem","position":3,"name":"Vanliga fr\u00e5gor"}]},{"@type":"WebSite","@id":"https:\/\/riksmaklaren.se\/uppsala\/#website","url":"https:\/\/riksmaklaren.se\/uppsala\/","name":"Riksm\u00e4klaren Uppsala","description":"M\u00e4klaren genom livet","potentialAction":[{"@type":"SearchAction","target":{"@type":"EntryPoint","urlTemplate":"https:\/\/riksmaklaren.se\/uppsala\/?s={search_term_string}"},"query-input":{"@type":"PropertyValueSpecification","valueRequired":true,"valueName":"search_term_string"}}],"inLanguage":"sv-SE"}]}},"_links":{"self":[{"href":"https:\/\/riksmaklaren.se\/uppsala\/wp-json\/wp\/v2\/pages\/1521","targetHints":{"allow":["GET"]}}],"collection":[{"href":"https:\/\/riksmaklaren.se\/uppsala\/wp-json\/wp\/v2\/pages"}],"about":[{"href":"https:\/\/riksmaklaren.se\/uppsala\/wp-json\/wp\/v2\/types\/page"}],"author":[{"embeddable":true,"href":"https:\/\/riksmaklaren.se\/uppsala\/wp-json\/wp\/v2\/users\/3"}],"replies":[{"embeddable":true,"href":"https:\/\/riksmaklaren.se\/uppsala\/wp-json\/wp\/v2\/comments?post=1521"}],"version-history":[{"count":7,"href":"https:\/\/riksmaklaren.se\/uppsala\/wp-json\/wp\/v2\/pages\/1521\/revisions"}],"predecessor-version":[{"id":2416,"href":"https:\/\/riksmaklaren.se\/uppsala\/wp-json\/wp\/v2\/pages\/1521\/revisions\/2416"}],"up":[{"embeddable":true,"href":"https:\/\/riksmaklaren.se\/uppsala\/wp-json\/wp\/v2\/pages\/16"}],"wp:featuredmedia":[{"embeddable":true,"href":"https:\/\/riksmaklaren.se\/uppsala\/wp-json\/wp\/v2\/media\/802"}],"wp:attachment":[{"href":"https:\/\/riksmaklaren.se\/uppsala\/wp-json\/wp\/v2\/media?parent=1521"}],"curies":[{"name":"wp","href":"https:\/\/api.w.org\/{rel}","templated":true}]}}