{"id":105,"date":"2019-11-15T16:58:33","date_gmt":"2019-11-15T15:58:33","guid":{"rendered":"https:\/\/riksmaklaren.se\/uppsala\/?page_id=105"},"modified":"2026-04-02T10:30:50","modified_gmt":"2026-04-02T08:30:50","slug":"kommande-visningar","status":"publish","type":"page","link":"https:\/\/riksmaklaren.se\/uppsala\/till-salu\/kommande-visningar\/","title":{"rendered":"Kommande visningar"},"content":{"rendered":"","protected":false},"excerpt":{"rendered":"","protected":false},"author":1,"featured_media":0,"parent":5,"menu_order":0,"comment_status":"closed","ping_status":"closed","template":"","meta":{"_acf_changed":false,"footnotes":""},"class_list":["post-105","page","type-page","status-publish","hentry"],"acf":[],"yoast_head":"<!-- This site is optimized with the Yoast SEO plugin v27.5 - https:\/\/yoast.com\/product\/yoast-seo-wordpress\/ -->\n<title>Ta del av v\u00e5ra Kommande visningar - Riksm\u00e4klaren Uppsala<\/title>\n<meta name=\"description\" content=\"I Uppsala \u00e4r vi ett av de marknadsledande m\u00e4klarf\u00f6retagen. Ta del av v\u00e5ra Kommande visningar. Hos oss kan du k\u00e4nna dig trygg i hela aff\u00e4ren!\" \/>\n<meta name=\"robots\" content=\"index, follow, max-snippet:-1, max-image-preview:large, max-video-preview:-1\" \/>\n<link rel=\"canonical\" href=\"https:\/\/riksmaklaren.se\/uppsala\/till-salu\/kommande-visningar\/\" \/>\n<meta property=\"og:locale\" content=\"sv_SE\" \/>\n<meta property=\"og:type\" content=\"article\" \/>\n<meta property=\"og:title\" content=\"Ta del av v\u00e5ra Kommande visningar - Riksm\u00e4klaren Uppsala\" \/>\n<meta property=\"og:description\" content=\"I Uppsala \u00e4r vi ett av de marknadsledande m\u00e4klarf\u00f6retagen. Ta del av v\u00e5ra Kommande visningar. Hos oss kan du k\u00e4nna dig trygg i hela aff\u00e4ren!\" \/>\n<meta property=\"og:url\" content=\"https:\/\/riksmaklaren.se\/uppsala\/till-salu\/kommande-visningar\/\" \/>\n<meta property=\"og:site_name\" content=\"Riksm\u00e4klaren Uppsala\" \/>\n<meta property=\"article:modified_time\" content=\"2026-04-02T08:30:50+00:00\" \/>\n<meta name=\"twitter:card\" content=\"summary_large_image\" \/>\n<meta name=\"twitter:label1\" content=\"Ber\u00e4knad l\u00e4stid\" \/>\n\t<meta name=\"twitter:data1\" content=\"1 minut\" \/>\n<script type=\"application\/ld+json\" class=\"yoast-schema-graph\">{\"@context\":\"https:\\\/\\\/schema.org\",\"@graph\":[{\"@type\":\"WebPage\",\"@id\":\"https:\\\/\\\/riksmaklaren.se\\\/uppsala\\\/till-salu\\\/kommande-visningar\\\/\",\"url\":\"https:\\\/\\\/riksmaklaren.se\\\/uppsala\\\/till-salu\\\/kommande-visningar\\\/\",\"name\":\"Ta del av v\u00e5ra Kommande visningar - Riksm\u00e4klaren Uppsala\",\"isPartOf\":{\"@id\":\"https:\\\/\\\/riksmaklaren.se\\\/uppsala\\\/#website\"},\"datePublished\":\"2019-11-15T15:58:33+00:00\",\"dateModified\":\"2026-04-02T08:30:50+00:00\",\"description\":\"I Uppsala \u00e4r vi ett av de marknadsledande m\u00e4klarf\u00f6retagen. Ta del av v\u00e5ra Kommande visningar. Hos oss kan du k\u00e4nna dig trygg i hela aff\u00e4ren!\",\"breadcrumb\":{\"@id\":\"https:\\\/\\\/riksmaklaren.se\\\/uppsala\\\/till-salu\\\/kommande-visningar\\\/#breadcrumb\"},\"inLanguage\":\"sv-SE\",\"potentialAction\":[{\"@type\":\"ReadAction\",\"target\":[\"https:\\\/\\\/riksmaklaren.se\\\/uppsala\\\/till-salu\\\/kommande-visningar\\\/\"]}]},{\"@type\":\"BreadcrumbList\",\"@id\":\"https:\\\/\\\/riksmaklaren.se\\\/uppsala\\\/till-salu\\\/kommande-visningar\\\/#breadcrumb\",\"itemListElement\":[{\"@type\":\"ListItem\",\"position\":1,\"name\":\"Hem\",\"item\":\"https:\\\/\\\/riksmaklaren.se\\\/uppsala\\\/\"},{\"@type\":\"ListItem\",\"position\":2,\"name\":\"Till salu\",\"item\":\"https:\\\/\\\/riksmaklaren.se\\\/uppsala\\\/till-salu\\\/\"},{\"@type\":\"ListItem\",\"position\":3,\"name\":\"Kommande visningar\"}]},{\"@type\":\"WebSite\",\"@id\":\"https:\\\/\\\/riksmaklaren.se\\\/uppsala\\\/#website\",\"url\":\"https:\\\/\\\/riksmaklaren.se\\\/uppsala\\\/\",\"name\":\"Riksm\u00e4klaren Uppsala\",\"description\":\"M\u00e4klaren genom livet\",\"potentialAction\":[{\"@type\":\"SearchAction\",\"target\":{\"@type\":\"EntryPoint\",\"urlTemplate\":\"https:\\\/\\\/riksmaklaren.se\\\/uppsala\\\/?s={search_term_string}\"},\"query-input\":{\"@type\":\"PropertyValueSpecification\",\"valueRequired\":true,\"valueName\":\"search_term_string\"}}],\"inLanguage\":\"sv-SE\"}]}<\/script>\n<!-- \/ Yoast SEO plugin. -->","yoast_head_json":{"title":"Ta del av v\u00e5ra Kommande visningar - Riksm\u00e4klaren Uppsala","description":"I Uppsala \u00e4r vi ett av de marknadsledande m\u00e4klarf\u00f6retagen. Ta del av v\u00e5ra Kommande visningar. Hos oss kan du k\u00e4nna dig trygg i hela aff\u00e4ren!","robots":{"index":"index","follow":"follow","max-snippet":"max-snippet:-1","max-image-preview":"max-image-preview:large","max-video-preview":"max-video-preview:-1"},"canonical":"https:\/\/riksmaklaren.se\/uppsala\/till-salu\/kommande-visningar\/","og_locale":"sv_SE","og_type":"article","og_title":"Ta del av v\u00e5ra Kommande visningar - Riksm\u00e4klaren Uppsala","og_description":"I Uppsala \u00e4r vi ett av de marknadsledande m\u00e4klarf\u00f6retagen. Ta del av v\u00e5ra Kommande visningar. Hos oss kan du k\u00e4nna dig trygg i hela aff\u00e4ren!","og_url":"https:\/\/riksmaklaren.se\/uppsala\/till-salu\/kommande-visningar\/","og_site_name":"Riksm\u00e4klaren Uppsala","article_modified_time":"2026-04-02T08:30:50+00:00","twitter_card":"summary_large_image","twitter_misc":{"Ber\u00e4knad l\u00e4stid":"1 minut"},"schema":{"@context":"https:\/\/schema.org","@graph":[{"@type":"WebPage","@id":"https:\/\/riksmaklaren.se\/uppsala\/till-salu\/kommande-visningar\/","url":"https:\/\/riksmaklaren.se\/uppsala\/till-salu\/kommande-visningar\/","name":"Ta del av v\u00e5ra Kommande visningar - Riksm\u00e4klaren Uppsala","isPartOf":{"@id":"https:\/\/riksmaklaren.se\/uppsala\/#website"},"datePublished":"2019-11-15T15:58:33+00:00","dateModified":"2026-04-02T08:30:50+00:00","description":"I Uppsala \u00e4r vi ett av de marknadsledande m\u00e4klarf\u00f6retagen. Ta del av v\u00e5ra Kommande visningar. Hos oss kan du k\u00e4nna dig trygg i hela aff\u00e4ren!","breadcrumb":{"@id":"https:\/\/riksmaklaren.se\/uppsala\/till-salu\/kommande-visningar\/#breadcrumb"},"inLanguage":"sv-SE","potentialAction":[{"@type":"ReadAction","target":["https:\/\/riksmaklaren.se\/uppsala\/till-salu\/kommande-visningar\/"]}]},{"@type":"BreadcrumbList","@id":"https:\/\/riksmaklaren.se\/uppsala\/till-salu\/kommande-visningar\/#breadcrumb","itemListElement":[{"@type":"ListItem","position":1,"name":"Hem","item":"https:\/\/riksmaklaren.se\/uppsala\/"},{"@type":"ListItem","position":2,"name":"Till salu","item":"https:\/\/riksmaklaren.se\/uppsala\/till-salu\/"},{"@type":"ListItem","position":3,"name":"Kommande visningar"}]},{"@type":"WebSite","@id":"https:\/\/riksmaklaren.se\/uppsala\/#website","url":"https:\/\/riksmaklaren.se\/uppsala\/","name":"Riksm\u00e4klaren Uppsala","description":"M\u00e4klaren genom livet","potentialAction":[{"@type":"SearchAction","target":{"@type":"EntryPoint","urlTemplate":"https:\/\/riksmaklaren.se\/uppsala\/?s={search_term_string}"},"query-input":{"@type":"PropertyValueSpecification","valueRequired":true,"valueName":"search_term_string"}}],"inLanguage":"sv-SE"}]}},"_links":{"self":[{"href":"https:\/\/riksmaklaren.se\/uppsala\/wp-json\/wp\/v2\/pages\/105","targetHints":{"allow":["GET"]}}],"collection":[{"href":"https:\/\/riksmaklaren.se\/uppsala\/wp-json\/wp\/v2\/pages"}],"about":[{"href":"https:\/\/riksmaklaren.se\/uppsala\/wp-json\/wp\/v2\/types\/page"}],"author":[{"embeddable":true,"href":"https:\/\/riksmaklaren.se\/uppsala\/wp-json\/wp\/v2\/users\/1"}],"replies":[{"embeddable":true,"href":"https:\/\/riksmaklaren.se\/uppsala\/wp-json\/wp\/v2\/comments?post=105"}],"version-history":[{"count":15,"href":"https:\/\/riksmaklaren.se\/uppsala\/wp-json\/wp\/v2\/pages\/105\/revisions"}],"predecessor-version":[{"id":633,"href":"https:\/\/riksmaklaren.se\/uppsala\/wp-json\/wp\/v2\/pages\/105\/revisions\/633"}],"up":[{"embeddable":true,"href":"https:\/\/riksmaklaren.se\/uppsala\/wp-json\/wp\/v2\/pages\/5"}],"wp:attachment":[{"href":"https:\/\/riksmaklaren.se\/uppsala\/wp-json\/wp\/v2\/media?parent=105"}],"curies":[{"name":"wp","href":"https:\/\/api.w.org\/{rel}","templated":true}]}}