{"id":29,"date":"2020-10-12T10:06:00","date_gmt":"2020-10-12T08:06:00","guid":{"rendered":"https:\/\/riksmaklaren.se\/olofstrom\/?page_id=29"},"modified":"2020-11-02T16:14:21","modified_gmt":"2020-11-02T15:14:21","slug":"kommande-visningar","status":"publish","type":"page","link":"https:\/\/riksmaklaren.se\/olofstrom\/till-salu\/kommande-visningar\/","title":{"rendered":"Kommande visningar"},"content":{"rendered":"","protected":false},"excerpt":{"rendered":"","protected":false},"author":3,"featured_media":0,"parent":7,"menu_order":0,"comment_status":"closed","ping_status":"closed","template":"","meta":[],"yoast_head":"<!-- This site is optimized with the Yoast SEO plugin v15.0 - https:\/\/yoast.com\/wordpress\/plugins\/seo\/ -->\n<meta name=\"description\" content=\"Vi \u00e4r en stark akt\u00f6r p\u00e5 Olofstr\u00f6ms bostadsmarknad. Ta del av v\u00e5ra Kommande visningar. Hos oss kan du k\u00e4nna dig trygg i hela aff\u00e4ren!\" \/>\n<meta name=\"robots\" content=\"index, follow, max-snippet:-1, max-image-preview:large, max-video-preview:-1\" \/>\n<link rel=\"canonical\" href=\"https:\/\/riksmaklaren.se\/olofstrom\/till-salu\/kommande-visningar\/\" \/>\n<meta property=\"og:locale\" content=\"sv_SE\" \/>\n<meta property=\"og:type\" content=\"article\" \/>\n<meta property=\"og:title\" content=\"Ta del av v\u00e5ra Kommande visningar - Riksm\u00e4klaren Olofstr\u00f6m\" \/>\n<meta property=\"og:description\" content=\"Vi \u00e4r en stark akt\u00f6r p\u00e5 Olofstr\u00f6ms bostadsmarknad. Ta del av v\u00e5ra Kommande visningar. Hos oss kan du k\u00e4nna dig trygg i hela aff\u00e4ren!\" \/>\n<meta property=\"og:url\" content=\"https:\/\/riksmaklaren.se\/olofstrom\/till-salu\/kommande-visningar\/\" \/>\n<meta property=\"og:site_name\" content=\"Riksm\u00e4klaren Olofstr\u00f6m\" \/>\n<meta property=\"article:modified_time\" content=\"2020-11-02T15:14:21+00:00\" \/>\n<meta name=\"twitter:card\" content=\"summary_large_image\" \/>\n<script type=\"application\/ld+json\" class=\"yoast-schema-graph\">{\"@context\":\"https:\/\/schema.org\",\"@graph\":[{\"@type\":\"WebSite\",\"@id\":\"https:\/\/riksmaklaren.se\/olofstrom\/#website\",\"url\":\"https:\/\/riksmaklaren.se\/olofstrom\/\",\"name\":\"Riksm\\u00e4klaren Olofstr\\u00f6m\",\"description\":\"En till Riksm\\u00e4klarens-webbplatser webbplats\",\"potentialAction\":[{\"@type\":\"SearchAction\",\"target\":\"https:\/\/riksmaklaren.se\/olofstrom\/?s={search_term_string}\",\"query-input\":\"required name=search_term_string\"}],\"inLanguage\":\"sv-SE\"},{\"@type\":\"WebPage\",\"@id\":\"https:\/\/riksmaklaren.se\/olofstrom\/till-salu\/kommande-visningar\/#webpage\",\"url\":\"https:\/\/riksmaklaren.se\/olofstrom\/till-salu\/kommande-visningar\/\",\"name\":\"Ta del av v\\u00e5ra Kommande visningar - Riksm\\u00e4klaren Olofstr\\u00f6m\",\"isPartOf\":{\"@id\":\"https:\/\/riksmaklaren.se\/olofstrom\/#website\"},\"datePublished\":\"2020-10-12T08:06:00+00:00\",\"dateModified\":\"2020-11-02T15:14:21+00:00\",\"description\":\"Vi \\u00e4r en stark akt\\u00f6r p\\u00e5 Olofstr\\u00f6ms bostadsmarknad. Ta del av v\\u00e5ra Kommande visningar. Hos oss kan du k\\u00e4nna dig trygg i hela aff\\u00e4ren!\",\"inLanguage\":\"sv-SE\",\"potentialAction\":[{\"@type\":\"ReadAction\",\"target\":[\"https:\/\/riksmaklaren.se\/olofstrom\/till-salu\/kommande-visningar\/\"]}]}]}<\/script>\n<!-- \/ Yoast SEO plugin. -->","_links":{"self":[{"href":"https:\/\/riksmaklaren.se\/olofstrom\/wp-json\/wp\/v2\/pages\/29"}],"collection":[{"href":"https:\/\/riksmaklaren.se\/olofstrom\/wp-json\/wp\/v2\/pages"}],"about":[{"href":"https:\/\/riksmaklaren.se\/olofstrom\/wp-json\/wp\/v2\/types\/page"}],"author":[{"embeddable":true,"href":"https:\/\/riksmaklaren.se\/olofstrom\/wp-json\/wp\/v2\/users\/3"}],"replies":[{"embeddable":true,"href":"https:\/\/riksmaklaren.se\/olofstrom\/wp-json\/wp\/v2\/comments?post=29"}],"version-history":[{"count":1,"href":"https:\/\/riksmaklaren.se\/olofstrom\/wp-json\/wp\/v2\/pages\/29\/revisions"}],"predecessor-version":[{"id":30,"href":"https:\/\/riksmaklaren.se\/olofstrom\/wp-json\/wp\/v2\/pages\/29\/revisions\/30"}],"up":[{"embeddable":true,"href":"https:\/\/riksmaklaren.se\/olofstrom\/wp-json\/wp\/v2\/pages\/7"}],"wp:attachment":[{"href":"https:\/\/riksmaklaren.se\/olofstrom\/wp-json\/wp\/v2\/media?parent=29"}],"curies":[{"name":"wp","href":"https:\/\/api.w.org\/{rel}","templated":true}]}}