{"id":8,"date":"2020-05-18T20:36:18","date_gmt":"2020-05-18T18:36:18","guid":{"rendered":"https:\/\/riksmaklaren.se\/ludvika\/?page_id=8"},"modified":"2020-11-02T15:53:06","modified_gmt":"2020-11-02T14:53:06","slug":"till-salu","status":"publish","type":"page","link":"https:\/\/riksmaklaren.se\/ludvika\/till-salu\/","title":{"rendered":"Till salu"},"content":{"rendered":"","protected":false},"excerpt":{"rendered":"","protected":false},"author":1,"featured_media":0,"parent":0,"menu_order":0,"comment_status":"closed","ping_status":"closed","template":"","meta":{"_acf_changed":false,"footnotes":""},"class_list":["post-8","page","type-page","status-publish","hentry"],"acf":[],"yoast_head":"<!-- This site is optimized with the Yoast SEO plugin v27.3 - https:\/\/yoast.com\/product\/yoast-seo-wordpress\/ -->\n<title>L\u00e5t oss hj\u00e4lpa dig med din bostadsaff\u00e4r! - Riksm\u00e4klaren Ludvika<\/title>\n<meta name=\"description\" content=\"H\u00e4r hittar du de bost\u00e4der vi har till salu f\u00f6r tillf\u00e4llet. Hos oss kan du k\u00e4nna dig trygg genom hela din aff\u00e4r.\" \/>\n<meta name=\"robots\" content=\"index, follow, max-snippet:-1, max-image-preview:large, max-video-preview:-1\" \/>\n<link rel=\"canonical\" href=\"https:\/\/riksmaklaren.se\/ludvika\/till-salu\/\" \/>\n<meta property=\"og:locale\" content=\"sv_SE\" \/>\n<meta property=\"og:type\" content=\"article\" \/>\n<meta property=\"og:title\" content=\"L\u00e5t oss hj\u00e4lpa dig med din bostadsaff\u00e4r! - Riksm\u00e4klaren Ludvika\" \/>\n<meta property=\"og:description\" content=\"H\u00e4r hittar du de bost\u00e4der vi har till salu f\u00f6r tillf\u00e4llet. Hos oss kan du k\u00e4nna dig trygg genom hela din aff\u00e4r.\" \/>\n<meta property=\"og:url\" content=\"https:\/\/riksmaklaren.se\/ludvika\/till-salu\/\" \/>\n<meta property=\"og:site_name\" content=\"Riksm\u00e4klaren Ludvika\" \/>\n<meta property=\"article:modified_time\" content=\"2020-11-02T14:53:06+00:00\" \/>\n<meta name=\"twitter:card\" content=\"summary_large_image\" \/>\n<script type=\"application\/ld+json\" class=\"yoast-schema-graph\">{\"@context\":\"https:\\\/\\\/schema.org\",\"@graph\":[{\"@type\":\"WebPage\",\"@id\":\"https:\\\/\\\/riksmaklaren.se\\\/ludvika\\\/till-salu\\\/\",\"url\":\"https:\\\/\\\/riksmaklaren.se\\\/ludvika\\\/till-salu\\\/\",\"name\":\"L\u00e5t oss hj\u00e4lpa dig med din bostadsaff\u00e4r! - Riksm\u00e4klaren Ludvika\",\"isPartOf\":{\"@id\":\"https:\\\/\\\/riksmaklaren.se\\\/ludvika\\\/#website\"},\"datePublished\":\"2020-05-18T18:36:18+00:00\",\"dateModified\":\"2020-11-02T14:53:06+00:00\",\"description\":\"H\u00e4r hittar du de bost\u00e4der vi har till salu f\u00f6r tillf\u00e4llet. Hos oss kan du k\u00e4nna dig trygg genom hela din aff\u00e4r.\",\"breadcrumb\":{\"@id\":\"https:\\\/\\\/riksmaklaren.se\\\/ludvika\\\/till-salu\\\/#breadcrumb\"},\"inLanguage\":\"sv-SE\",\"potentialAction\":[{\"@type\":\"ReadAction\",\"target\":[\"https:\\\/\\\/riksmaklaren.se\\\/ludvika\\\/till-salu\\\/\"]}]},{\"@type\":\"BreadcrumbList\",\"@id\":\"https:\\\/\\\/riksmaklaren.se\\\/ludvika\\\/till-salu\\\/#breadcrumb\",\"itemListElement\":[{\"@type\":\"ListItem\",\"position\":1,\"name\":\"Hem\",\"item\":\"https:\\\/\\\/riksmaklaren.se\\\/ludvika\\\/\"},{\"@type\":\"ListItem\",\"position\":2,\"name\":\"Till salu\"}]},{\"@type\":\"WebSite\",\"@id\":\"https:\\\/\\\/riksmaklaren.se\\\/ludvika\\\/#website\",\"url\":\"https:\\\/\\\/riksmaklaren.se\\\/ludvika\\\/\",\"name\":\"Riksm\u00e4klaren Ludvika\",\"description\":\"En till Riksm\u00e4klarens-webbplatser webbplats\",\"potentialAction\":[{\"@type\":\"SearchAction\",\"target\":{\"@type\":\"EntryPoint\",\"urlTemplate\":\"https:\\\/\\\/riksmaklaren.se\\\/ludvika\\\/?s={search_term_string}\"},\"query-input\":{\"@type\":\"PropertyValueSpecification\",\"valueRequired\":true,\"valueName\":\"search_term_string\"}}],\"inLanguage\":\"sv-SE\"}]}<\/script>\n<!-- \/ Yoast SEO plugin. -->","yoast_head_json":{"title":"L\u00e5t oss hj\u00e4lpa dig med din bostadsaff\u00e4r! - Riksm\u00e4klaren Ludvika","description":"H\u00e4r hittar du de bost\u00e4der vi har till salu f\u00f6r tillf\u00e4llet. Hos oss kan du k\u00e4nna dig trygg genom hela din aff\u00e4r.","robots":{"index":"index","follow":"follow","max-snippet":"max-snippet:-1","max-image-preview":"max-image-preview:large","max-video-preview":"max-video-preview:-1"},"canonical":"https:\/\/riksmaklaren.se\/ludvika\/till-salu\/","og_locale":"sv_SE","og_type":"article","og_title":"L\u00e5t oss hj\u00e4lpa dig med din bostadsaff\u00e4r! - Riksm\u00e4klaren Ludvika","og_description":"H\u00e4r hittar du de bost\u00e4der vi har till salu f\u00f6r tillf\u00e4llet. Hos oss kan du k\u00e4nna dig trygg genom hela din aff\u00e4r.","og_url":"https:\/\/riksmaklaren.se\/ludvika\/till-salu\/","og_site_name":"Riksm\u00e4klaren Ludvika","article_modified_time":"2020-11-02T14:53:06+00:00","twitter_card":"summary_large_image","schema":{"@context":"https:\/\/schema.org","@graph":[{"@type":"WebPage","@id":"https:\/\/riksmaklaren.se\/ludvika\/till-salu\/","url":"https:\/\/riksmaklaren.se\/ludvika\/till-salu\/","name":"L\u00e5t oss hj\u00e4lpa dig med din bostadsaff\u00e4r! - Riksm\u00e4klaren Ludvika","isPartOf":{"@id":"https:\/\/riksmaklaren.se\/ludvika\/#website"},"datePublished":"2020-05-18T18:36:18+00:00","dateModified":"2020-11-02T14:53:06+00:00","description":"H\u00e4r hittar du de bost\u00e4der vi har till salu f\u00f6r tillf\u00e4llet. Hos oss kan du k\u00e4nna dig trygg genom hela din aff\u00e4r.","breadcrumb":{"@id":"https:\/\/riksmaklaren.se\/ludvika\/till-salu\/#breadcrumb"},"inLanguage":"sv-SE","potentialAction":[{"@type":"ReadAction","target":["https:\/\/riksmaklaren.se\/ludvika\/till-salu\/"]}]},{"@type":"BreadcrumbList","@id":"https:\/\/riksmaklaren.se\/ludvika\/till-salu\/#breadcrumb","itemListElement":[{"@type":"ListItem","position":1,"name":"Hem","item":"https:\/\/riksmaklaren.se\/ludvika\/"},{"@type":"ListItem","position":2,"name":"Till salu"}]},{"@type":"WebSite","@id":"https:\/\/riksmaklaren.se\/ludvika\/#website","url":"https:\/\/riksmaklaren.se\/ludvika\/","name":"Riksm\u00e4klaren Ludvika","description":"En till Riksm\u00e4klarens-webbplatser webbplats","potentialAction":[{"@type":"SearchAction","target":{"@type":"EntryPoint","urlTemplate":"https:\/\/riksmaklaren.se\/ludvika\/?s={search_term_string}"},"query-input":{"@type":"PropertyValueSpecification","valueRequired":true,"valueName":"search_term_string"}}],"inLanguage":"sv-SE"}]}},"_links":{"self":[{"href":"https:\/\/riksmaklaren.se\/ludvika\/wp-json\/wp\/v2\/pages\/8","targetHints":{"allow":["GET"]}}],"collection":[{"href":"https:\/\/riksmaklaren.se\/ludvika\/wp-json\/wp\/v2\/pages"}],"about":[{"href":"https:\/\/riksmaklaren.se\/ludvika\/wp-json\/wp\/v2\/types\/page"}],"author":[{"embeddable":true,"href":"https:\/\/riksmaklaren.se\/ludvika\/wp-json\/wp\/v2\/users\/1"}],"replies":[{"embeddable":true,"href":"https:\/\/riksmaklaren.se\/ludvika\/wp-json\/wp\/v2\/comments?post=8"}],"version-history":[{"count":4,"href":"https:\/\/riksmaklaren.se\/ludvika\/wp-json\/wp\/v2\/pages\/8\/revisions"}],"predecessor-version":[{"id":71,"href":"https:\/\/riksmaklaren.se\/ludvika\/wp-json\/wp\/v2\/pages\/8\/revisions\/71"}],"wp:attachment":[{"href":"https:\/\/riksmaklaren.se\/ludvika\/wp-json\/wp\/v2\/media?parent=8"}],"curies":[{"name":"wp","href":"https:\/\/api.w.org\/{rel}","templated":true}]}}