{"id":35,"date":"2020-10-12T11:45:37","date_gmt":"2020-10-12T09:45:37","guid":{"rendered":"https:\/\/riksmaklaren.se\/ludvika\/?page_id=35"},"modified":"2020-11-02T15:54:26","modified_gmt":"2020-11-02T14:54:26","slug":"pagaende-budgivning","status":"publish","type":"page","link":"https:\/\/riksmaklaren.se\/ludvika\/till-salu\/pagaende-budgivning\/","title":{"rendered":"P\u00e5g\u00e5ende budgivning"},"content":{"rendered":"","protected":false},"excerpt":{"rendered":"","protected":false},"author":3,"featured_media":0,"parent":8,"menu_order":0,"comment_status":"closed","ping_status":"closed","template":"","meta":{"_acf_changed":false,"footnotes":""},"class_list":["post-35","page","type-page","status-publish","hentry"],"acf":[],"yoast_head":"<!-- This site is optimized with the Yoast SEO plugin v27.4 - https:\/\/yoast.com\/product\/yoast-seo-wordpress\/ -->\n<title>Ta del av v\u00e5ra P\u00e5g\u00e5ende budgivningar - Riksm\u00e4klaren Ludvika<\/title>\n<meta name=\"description\" content=\"Vi \u00e4r en stark akt\u00f6r p\u00e5 Ludvika\/Kopparbergs bostadsmarknad. Ta del av v\u00e5ra P\u00e5g\u00e5ende budgivningar. K\u00e4nn dig trygg i hela aff\u00e4ren!\" \/>\n<meta name=\"robots\" content=\"index, follow, max-snippet:-1, max-image-preview:large, max-video-preview:-1\" \/>\n<link rel=\"canonical\" href=\"https:\/\/riksmaklaren.se\/ludvika\/till-salu\/pagaende-budgivning\/\" \/>\n<meta property=\"og:locale\" content=\"sv_SE\" \/>\n<meta property=\"og:type\" content=\"article\" \/>\n<meta property=\"og:title\" content=\"Ta del av v\u00e5ra P\u00e5g\u00e5ende budgivningar - Riksm\u00e4klaren Ludvika\" \/>\n<meta property=\"og:description\" content=\"Vi \u00e4r en stark akt\u00f6r p\u00e5 Ludvika\/Kopparbergs bostadsmarknad. Ta del av v\u00e5ra P\u00e5g\u00e5ende budgivningar. K\u00e4nn dig trygg i hela aff\u00e4ren!\" \/>\n<meta property=\"og:url\" content=\"https:\/\/riksmaklaren.se\/ludvika\/till-salu\/pagaende-budgivning\/\" \/>\n<meta property=\"og:site_name\" content=\"Riksm\u00e4klaren Ludvika\" \/>\n<meta property=\"article:modified_time\" content=\"2020-11-02T14:54:26+00:00\" \/>\n<meta name=\"twitter:card\" content=\"summary_large_image\" \/>\n<script type=\"application\/ld+json\" class=\"yoast-schema-graph\">{\"@context\":\"https:\\\/\\\/schema.org\",\"@graph\":[{\"@type\":\"WebPage\",\"@id\":\"https:\\\/\\\/riksmaklaren.se\\\/ludvika\\\/till-salu\\\/pagaende-budgivning\\\/\",\"url\":\"https:\\\/\\\/riksmaklaren.se\\\/ludvika\\\/till-salu\\\/pagaende-budgivning\\\/\",\"name\":\"Ta del av v\u00e5ra P\u00e5g\u00e5ende budgivningar - Riksm\u00e4klaren Ludvika\",\"isPartOf\":{\"@id\":\"https:\\\/\\\/riksmaklaren.se\\\/ludvika\\\/#website\"},\"datePublished\":\"2020-10-12T09:45:37+00:00\",\"dateModified\":\"2020-11-02T14:54:26+00:00\",\"description\":\"Vi \u00e4r en stark akt\u00f6r p\u00e5 Ludvika\\\/Kopparbergs bostadsmarknad. Ta del av v\u00e5ra P\u00e5g\u00e5ende budgivningar. K\u00e4nn dig trygg i hela aff\u00e4ren!\",\"breadcrumb\":{\"@id\":\"https:\\\/\\\/riksmaklaren.se\\\/ludvika\\\/till-salu\\\/pagaende-budgivning\\\/#breadcrumb\"},\"inLanguage\":\"sv-SE\",\"potentialAction\":[{\"@type\":\"ReadAction\",\"target\":[\"https:\\\/\\\/riksmaklaren.se\\\/ludvika\\\/till-salu\\\/pagaende-budgivning\\\/\"]}]},{\"@type\":\"BreadcrumbList\",\"@id\":\"https:\\\/\\\/riksmaklaren.se\\\/ludvika\\\/till-salu\\\/pagaende-budgivning\\\/#breadcrumb\",\"itemListElement\":[{\"@type\":\"ListItem\",\"position\":1,\"name\":\"Hem\",\"item\":\"https:\\\/\\\/riksmaklaren.se\\\/ludvika\\\/\"},{\"@type\":\"ListItem\",\"position\":2,\"name\":\"Till salu\",\"item\":\"https:\\\/\\\/riksmaklaren.se\\\/ludvika\\\/till-salu\\\/\"},{\"@type\":\"ListItem\",\"position\":3,\"name\":\"P\u00e5g\u00e5ende budgivning\"}]},{\"@type\":\"WebSite\",\"@id\":\"https:\\\/\\\/riksmaklaren.se\\\/ludvika\\\/#website\",\"url\":\"https:\\\/\\\/riksmaklaren.se\\\/ludvika\\\/\",\"name\":\"Riksm\u00e4klaren Ludvika\",\"description\":\"En till Riksm\u00e4klarens-webbplatser webbplats\",\"potentialAction\":[{\"@type\":\"SearchAction\",\"target\":{\"@type\":\"EntryPoint\",\"urlTemplate\":\"https:\\\/\\\/riksmaklaren.se\\\/ludvika\\\/?s={search_term_string}\"},\"query-input\":{\"@type\":\"PropertyValueSpecification\",\"valueRequired\":true,\"valueName\":\"search_term_string\"}}],\"inLanguage\":\"sv-SE\"}]}<\/script>\n<!-- \/ Yoast SEO plugin. -->","yoast_head_json":{"title":"Ta del av v\u00e5ra P\u00e5g\u00e5ende budgivningar - Riksm\u00e4klaren Ludvika","description":"Vi \u00e4r en stark akt\u00f6r p\u00e5 Ludvika\/Kopparbergs bostadsmarknad. Ta del av v\u00e5ra P\u00e5g\u00e5ende budgivningar. K\u00e4nn dig trygg i hela aff\u00e4ren!","robots":{"index":"index","follow":"follow","max-snippet":"max-snippet:-1","max-image-preview":"max-image-preview:large","max-video-preview":"max-video-preview:-1"},"canonical":"https:\/\/riksmaklaren.se\/ludvika\/till-salu\/pagaende-budgivning\/","og_locale":"sv_SE","og_type":"article","og_title":"Ta del av v\u00e5ra P\u00e5g\u00e5ende budgivningar - Riksm\u00e4klaren Ludvika","og_description":"Vi \u00e4r en stark akt\u00f6r p\u00e5 Ludvika\/Kopparbergs bostadsmarknad. Ta del av v\u00e5ra P\u00e5g\u00e5ende budgivningar. K\u00e4nn dig trygg i hela aff\u00e4ren!","og_url":"https:\/\/riksmaklaren.se\/ludvika\/till-salu\/pagaende-budgivning\/","og_site_name":"Riksm\u00e4klaren Ludvika","article_modified_time":"2020-11-02T14:54:26+00:00","twitter_card":"summary_large_image","schema":{"@context":"https:\/\/schema.org","@graph":[{"@type":"WebPage","@id":"https:\/\/riksmaklaren.se\/ludvika\/till-salu\/pagaende-budgivning\/","url":"https:\/\/riksmaklaren.se\/ludvika\/till-salu\/pagaende-budgivning\/","name":"Ta del av v\u00e5ra P\u00e5g\u00e5ende budgivningar - Riksm\u00e4klaren Ludvika","isPartOf":{"@id":"https:\/\/riksmaklaren.se\/ludvika\/#website"},"datePublished":"2020-10-12T09:45:37+00:00","dateModified":"2020-11-02T14:54:26+00:00","description":"Vi \u00e4r en stark akt\u00f6r p\u00e5 Ludvika\/Kopparbergs bostadsmarknad. Ta del av v\u00e5ra P\u00e5g\u00e5ende budgivningar. K\u00e4nn dig trygg i hela aff\u00e4ren!","breadcrumb":{"@id":"https:\/\/riksmaklaren.se\/ludvika\/till-salu\/pagaende-budgivning\/#breadcrumb"},"inLanguage":"sv-SE","potentialAction":[{"@type":"ReadAction","target":["https:\/\/riksmaklaren.se\/ludvika\/till-salu\/pagaende-budgivning\/"]}]},{"@type":"BreadcrumbList","@id":"https:\/\/riksmaklaren.se\/ludvika\/till-salu\/pagaende-budgivning\/#breadcrumb","itemListElement":[{"@type":"ListItem","position":1,"name":"Hem","item":"https:\/\/riksmaklaren.se\/ludvika\/"},{"@type":"ListItem","position":2,"name":"Till salu","item":"https:\/\/riksmaklaren.se\/ludvika\/till-salu\/"},{"@type":"ListItem","position":3,"name":"P\u00e5g\u00e5ende budgivning"}]},{"@type":"WebSite","@id":"https:\/\/riksmaklaren.se\/ludvika\/#website","url":"https:\/\/riksmaklaren.se\/ludvika\/","name":"Riksm\u00e4klaren Ludvika","description":"En till Riksm\u00e4klarens-webbplatser webbplats","potentialAction":[{"@type":"SearchAction","target":{"@type":"EntryPoint","urlTemplate":"https:\/\/riksmaklaren.se\/ludvika\/?s={search_term_string}"},"query-input":{"@type":"PropertyValueSpecification","valueRequired":true,"valueName":"search_term_string"}}],"inLanguage":"sv-SE"}]}},"_links":{"self":[{"href":"https:\/\/riksmaklaren.se\/ludvika\/wp-json\/wp\/v2\/pages\/35","targetHints":{"allow":["GET"]}}],"collection":[{"href":"https:\/\/riksmaklaren.se\/ludvika\/wp-json\/wp\/v2\/pages"}],"about":[{"href":"https:\/\/riksmaklaren.se\/ludvika\/wp-json\/wp\/v2\/types\/page"}],"author":[{"embeddable":true,"href":"https:\/\/riksmaklaren.se\/ludvika\/wp-json\/wp\/v2\/users\/3"}],"replies":[{"embeddable":true,"href":"https:\/\/riksmaklaren.se\/ludvika\/wp-json\/wp\/v2\/comments?post=35"}],"version-history":[{"count":1,"href":"https:\/\/riksmaklaren.se\/ludvika\/wp-json\/wp\/v2\/pages\/35\/revisions"}],"predecessor-version":[{"id":36,"href":"https:\/\/riksmaklaren.se\/ludvika\/wp-json\/wp\/v2\/pages\/35\/revisions\/36"}],"up":[{"embeddable":true,"href":"https:\/\/riksmaklaren.se\/ludvika\/wp-json\/wp\/v2\/pages\/8"}],"wp:attachment":[{"href":"https:\/\/riksmaklaren.se\/ludvika\/wp-json\/wp\/v2\/media?parent=35"}],"curies":[{"name":"wp","href":"https:\/\/api.w.org\/{rel}","templated":true}]}}