{"id":31,"date":"2020-10-12T11:41:20","date_gmt":"2020-10-12T09:41:20","guid":{"rendered":"https:\/\/riksmaklaren.se\/ludvika\/?page_id=31"},"modified":"2020-11-02T15:50:16","modified_gmt":"2020-11-02T14:50:16","slug":"budgivning-hos-riksmaklaren","status":"publish","type":"page","link":"https:\/\/riksmaklaren.se\/ludvika\/om-oss\/budgivning-hos-riksmaklaren\/","title":{"rendered":"Budgivning hos Riksm\u00e4klaren"},"content":{"rendered":"","protected":false},"excerpt":{"rendered":"","protected":false},"author":3,"featured_media":0,"parent":29,"menu_order":0,"comment_status":"closed","ping_status":"closed","template":"","meta":{"_acf_changed":false,"footnotes":""},"class_list":["post-31","page","type-page","status-publish","hentry"],"acf":[],"yoast_head":"<!-- This site is optimized with the Yoast SEO plugin v27.4 - https:\/\/yoast.com\/product\/yoast-seo-wordpress\/ -->\n<title>Hur g\u00e5r en budgivning hos Riksm\u00e4klaren till? F\u00e5 svar p\u00e5 alla dina fr\u00e5gor.<\/title>\n<meta name=\"description\" content=\"Trygg budgivning hos Riksm\u00e4klaren! Att skapa trygghet f\u00f6r b\u00e5de k\u00f6pare och s\u00e4ljare \u00e4r en av v\u00e5ra viktigaste uppgifter som m\u00e4klare.\" \/>\n<meta name=\"robots\" content=\"index, follow, max-snippet:-1, max-image-preview:large, max-video-preview:-1\" \/>\n<link rel=\"canonical\" href=\"https:\/\/riksmaklaren.se\/ludvika\/om-oss\/budgivning-hos-riksmaklaren\/\" \/>\n<meta property=\"og:locale\" content=\"sv_SE\" \/>\n<meta property=\"og:type\" content=\"article\" \/>\n<meta property=\"og:title\" content=\"Hur g\u00e5r en budgivning hos Riksm\u00e4klaren till? F\u00e5 svar p\u00e5 alla dina fr\u00e5gor.\" \/>\n<meta property=\"og:description\" content=\"Trygg budgivning hos Riksm\u00e4klaren! Att skapa trygghet f\u00f6r b\u00e5de k\u00f6pare och s\u00e4ljare \u00e4r en av v\u00e5ra viktigaste uppgifter som m\u00e4klare.\" \/>\n<meta property=\"og:url\" content=\"https:\/\/riksmaklaren.se\/ludvika\/om-oss\/budgivning-hos-riksmaklaren\/\" \/>\n<meta property=\"og:site_name\" content=\"Riksm\u00e4klaren Ludvika\" \/>\n<meta property=\"article:modified_time\" content=\"2020-11-02T14:50:16+00:00\" \/>\n<meta name=\"twitter:card\" content=\"summary_large_image\" \/>\n<script type=\"application\/ld+json\" class=\"yoast-schema-graph\">{\"@context\":\"https:\\\/\\\/schema.org\",\"@graph\":[{\"@type\":\"WebPage\",\"@id\":\"https:\\\/\\\/riksmaklaren.se\\\/ludvika\\\/om-oss\\\/budgivning-hos-riksmaklaren\\\/\",\"url\":\"https:\\\/\\\/riksmaklaren.se\\\/ludvika\\\/om-oss\\\/budgivning-hos-riksmaklaren\\\/\",\"name\":\"Hur g\u00e5r en budgivning hos Riksm\u00e4klaren till? F\u00e5 svar p\u00e5 alla dina fr\u00e5gor.\",\"isPartOf\":{\"@id\":\"https:\\\/\\\/riksmaklaren.se\\\/ludvika\\\/#website\"},\"datePublished\":\"2020-10-12T09:41:20+00:00\",\"dateModified\":\"2020-11-02T14:50:16+00:00\",\"description\":\"Trygg budgivning hos Riksm\u00e4klaren! Att skapa trygghet f\u00f6r b\u00e5de k\u00f6pare och s\u00e4ljare \u00e4r en av v\u00e5ra viktigaste uppgifter som m\u00e4klare.\",\"breadcrumb\":{\"@id\":\"https:\\\/\\\/riksmaklaren.se\\\/ludvika\\\/om-oss\\\/budgivning-hos-riksmaklaren\\\/#breadcrumb\"},\"inLanguage\":\"sv-SE\",\"potentialAction\":[{\"@type\":\"ReadAction\",\"target\":[\"https:\\\/\\\/riksmaklaren.se\\\/ludvika\\\/om-oss\\\/budgivning-hos-riksmaklaren\\\/\"]}]},{\"@type\":\"BreadcrumbList\",\"@id\":\"https:\\\/\\\/riksmaklaren.se\\\/ludvika\\\/om-oss\\\/budgivning-hos-riksmaklaren\\\/#breadcrumb\",\"itemListElement\":[{\"@type\":\"ListItem\",\"position\":1,\"name\":\"Hem\",\"item\":\"https:\\\/\\\/riksmaklaren.se\\\/ludvika\\\/\"},{\"@type\":\"ListItem\",\"position\":2,\"name\":\"Om oss\",\"item\":\"https:\\\/\\\/riksmaklaren.se\\\/ludvika\\\/om-oss\\\/\"},{\"@type\":\"ListItem\",\"position\":3,\"name\":\"Budgivning hos Riksm\u00e4klaren\"}]},{\"@type\":\"WebSite\",\"@id\":\"https:\\\/\\\/riksmaklaren.se\\\/ludvika\\\/#website\",\"url\":\"https:\\\/\\\/riksmaklaren.se\\\/ludvika\\\/\",\"name\":\"Riksm\u00e4klaren Ludvika\",\"description\":\"En till Riksm\u00e4klarens-webbplatser webbplats\",\"potentialAction\":[{\"@type\":\"SearchAction\",\"target\":{\"@type\":\"EntryPoint\",\"urlTemplate\":\"https:\\\/\\\/riksmaklaren.se\\\/ludvika\\\/?s={search_term_string}\"},\"query-input\":{\"@type\":\"PropertyValueSpecification\",\"valueRequired\":true,\"valueName\":\"search_term_string\"}}],\"inLanguage\":\"sv-SE\"}]}<\/script>\n<!-- \/ Yoast SEO plugin. -->","yoast_head_json":{"title":"Hur g\u00e5r en budgivning hos Riksm\u00e4klaren till? F\u00e5 svar p\u00e5 alla dina fr\u00e5gor.","description":"Trygg budgivning hos Riksm\u00e4klaren! Att skapa trygghet f\u00f6r b\u00e5de k\u00f6pare och s\u00e4ljare \u00e4r en av v\u00e5ra viktigaste uppgifter som m\u00e4klare.","robots":{"index":"index","follow":"follow","max-snippet":"max-snippet:-1","max-image-preview":"max-image-preview:large","max-video-preview":"max-video-preview:-1"},"canonical":"https:\/\/riksmaklaren.se\/ludvika\/om-oss\/budgivning-hos-riksmaklaren\/","og_locale":"sv_SE","og_type":"article","og_title":"Hur g\u00e5r en budgivning hos Riksm\u00e4klaren till? F\u00e5 svar p\u00e5 alla dina fr\u00e5gor.","og_description":"Trygg budgivning hos Riksm\u00e4klaren! Att skapa trygghet f\u00f6r b\u00e5de k\u00f6pare och s\u00e4ljare \u00e4r en av v\u00e5ra viktigaste uppgifter som m\u00e4klare.","og_url":"https:\/\/riksmaklaren.se\/ludvika\/om-oss\/budgivning-hos-riksmaklaren\/","og_site_name":"Riksm\u00e4klaren Ludvika","article_modified_time":"2020-11-02T14:50:16+00:00","twitter_card":"summary_large_image","schema":{"@context":"https:\/\/schema.org","@graph":[{"@type":"WebPage","@id":"https:\/\/riksmaklaren.se\/ludvika\/om-oss\/budgivning-hos-riksmaklaren\/","url":"https:\/\/riksmaklaren.se\/ludvika\/om-oss\/budgivning-hos-riksmaklaren\/","name":"Hur g\u00e5r en budgivning hos Riksm\u00e4klaren till? F\u00e5 svar p\u00e5 alla dina fr\u00e5gor.","isPartOf":{"@id":"https:\/\/riksmaklaren.se\/ludvika\/#website"},"datePublished":"2020-10-12T09:41:20+00:00","dateModified":"2020-11-02T14:50:16+00:00","description":"Trygg budgivning hos Riksm\u00e4klaren! Att skapa trygghet f\u00f6r b\u00e5de k\u00f6pare och s\u00e4ljare \u00e4r en av v\u00e5ra viktigaste uppgifter som m\u00e4klare.","breadcrumb":{"@id":"https:\/\/riksmaklaren.se\/ludvika\/om-oss\/budgivning-hos-riksmaklaren\/#breadcrumb"},"inLanguage":"sv-SE","potentialAction":[{"@type":"ReadAction","target":["https:\/\/riksmaklaren.se\/ludvika\/om-oss\/budgivning-hos-riksmaklaren\/"]}]},{"@type":"BreadcrumbList","@id":"https:\/\/riksmaklaren.se\/ludvika\/om-oss\/budgivning-hos-riksmaklaren\/#breadcrumb","itemListElement":[{"@type":"ListItem","position":1,"name":"Hem","item":"https:\/\/riksmaklaren.se\/ludvika\/"},{"@type":"ListItem","position":2,"name":"Om oss","item":"https:\/\/riksmaklaren.se\/ludvika\/om-oss\/"},{"@type":"ListItem","position":3,"name":"Budgivning hos Riksm\u00e4klaren"}]},{"@type":"WebSite","@id":"https:\/\/riksmaklaren.se\/ludvika\/#website","url":"https:\/\/riksmaklaren.se\/ludvika\/","name":"Riksm\u00e4klaren Ludvika","description":"En till Riksm\u00e4klarens-webbplatser webbplats","potentialAction":[{"@type":"SearchAction","target":{"@type":"EntryPoint","urlTemplate":"https:\/\/riksmaklaren.se\/ludvika\/?s={search_term_string}"},"query-input":{"@type":"PropertyValueSpecification","valueRequired":true,"valueName":"search_term_string"}}],"inLanguage":"sv-SE"}]}},"_links":{"self":[{"href":"https:\/\/riksmaklaren.se\/ludvika\/wp-json\/wp\/v2\/pages\/31","targetHints":{"allow":["GET"]}}],"collection":[{"href":"https:\/\/riksmaklaren.se\/ludvika\/wp-json\/wp\/v2\/pages"}],"about":[{"href":"https:\/\/riksmaklaren.se\/ludvika\/wp-json\/wp\/v2\/types\/page"}],"author":[{"embeddable":true,"href":"https:\/\/riksmaklaren.se\/ludvika\/wp-json\/wp\/v2\/users\/3"}],"replies":[{"embeddable":true,"href":"https:\/\/riksmaklaren.se\/ludvika\/wp-json\/wp\/v2\/comments?post=31"}],"version-history":[{"count":2,"href":"https:\/\/riksmaklaren.se\/ludvika\/wp-json\/wp\/v2\/pages\/31\/revisions"}],"predecessor-version":[{"id":69,"href":"https:\/\/riksmaklaren.se\/ludvika\/wp-json\/wp\/v2\/pages\/31\/revisions\/69"}],"up":[{"embeddable":true,"href":"https:\/\/riksmaklaren.se\/ludvika\/wp-json\/wp\/v2\/pages\/29"}],"wp:attachment":[{"href":"https:\/\/riksmaklaren.se\/ludvika\/wp-json\/wp\/v2\/media?parent=31"}],"curies":[{"name":"wp","href":"https:\/\/api.w.org\/{rel}","templated":true}]}}