{"id":29,"date":"2020-10-12T11:39:20","date_gmt":"2020-10-12T09:39:20","guid":{"rendered":"https:\/\/riksmaklaren.se\/ludvika\/?page_id=29"},"modified":"2020-11-02T15:49:50","modified_gmt":"2020-11-02T14:49:50","slug":"om-oss","status":"publish","type":"page","link":"https:\/\/riksmaklaren.se\/ludvika\/om-oss\/","title":{"rendered":"Om oss"},"content":{"rendered":"","protected":false},"excerpt":{"rendered":"","protected":false},"author":3,"featured_media":0,"parent":0,"menu_order":0,"comment_status":"closed","ping_status":"closed","template":"","meta":[],"yoast_head":"<!-- This site is optimized with the Yoast SEO plugin v15.0 - https:\/\/yoast.com\/wordpress\/plugins\/seo\/ -->\n<meta name=\"description\" content=\"Riksm\u00e4klaren \u00e4r en stark akt\u00f6r p\u00e5 Ludvika\/Kopparbergs bostadsmarknad. Kontakta oss f\u00f6r att v\u00e4rdera eller s\u00e4lja din bostad.\" \/>\n<meta name=\"robots\" content=\"index, follow, max-snippet:-1, max-image-preview:large, max-video-preview:-1\" \/>\n<link rel=\"canonical\" href=\"https:\/\/riksmaklaren.se\/ludvika\/om-oss\/\" \/>\n<meta property=\"og:locale\" content=\"sv_SE\" \/>\n<meta property=\"og:type\" content=\"article\" \/>\n<meta property=\"og:title\" content=\"L\u00e4s mer om oss och v\u00e5r m\u00e4klartj\u00e4nst - Riksm\u00e4klaren Ludvika\" \/>\n<meta property=\"og:description\" content=\"Riksm\u00e4klaren \u00e4r en stark akt\u00f6r p\u00e5 Ludvika\/Kopparbergs bostadsmarknad. Kontakta oss f\u00f6r att v\u00e4rdera eller s\u00e4lja din bostad.\" \/>\n<meta property=\"og:url\" content=\"https:\/\/riksmaklaren.se\/ludvika\/om-oss\/\" \/>\n<meta property=\"og:site_name\" content=\"Riksm\u00e4klaren Ludvika\" \/>\n<meta property=\"article:modified_time\" content=\"2020-11-02T14:49:50+00:00\" \/>\n<meta name=\"twitter:card\" content=\"summary_large_image\" \/>\n<script type=\"application\/ld+json\" class=\"yoast-schema-graph\">{\"@context\":\"https:\/\/schema.org\",\"@graph\":[{\"@type\":\"WebSite\",\"@id\":\"https:\/\/riksmaklaren.se\/ludvika\/#website\",\"url\":\"https:\/\/riksmaklaren.se\/ludvika\/\",\"name\":\"Riksm\\u00e4klaren Ludvika\",\"description\":\"En till Riksm\\u00e4klarens-webbplatser webbplats\",\"potentialAction\":[{\"@type\":\"SearchAction\",\"target\":\"https:\/\/riksmaklaren.se\/ludvika\/?s={search_term_string}\",\"query-input\":\"required name=search_term_string\"}],\"inLanguage\":\"sv-SE\"},{\"@type\":\"WebPage\",\"@id\":\"https:\/\/riksmaklaren.se\/ludvika\/om-oss\/#webpage\",\"url\":\"https:\/\/riksmaklaren.se\/ludvika\/om-oss\/\",\"name\":\"L\\u00e4s mer om oss och v\\u00e5r m\\u00e4klartj\\u00e4nst - Riksm\\u00e4klaren Ludvika\",\"isPartOf\":{\"@id\":\"https:\/\/riksmaklaren.se\/ludvika\/#website\"},\"datePublished\":\"2020-10-12T09:39:20+00:00\",\"dateModified\":\"2020-11-02T14:49:50+00:00\",\"description\":\"Riksm\\u00e4klaren \\u00e4r en stark akt\\u00f6r p\\u00e5 Ludvika\/Kopparbergs bostadsmarknad. Kontakta oss f\\u00f6r att v\\u00e4rdera eller s\\u00e4lja din bostad.\",\"inLanguage\":\"sv-SE\",\"potentialAction\":[{\"@type\":\"ReadAction\",\"target\":[\"https:\/\/riksmaklaren.se\/ludvika\/om-oss\/\"]}]}]}<\/script>\n<!-- \/ Yoast SEO plugin. -->","_links":{"self":[{"href":"https:\/\/riksmaklaren.se\/ludvika\/wp-json\/wp\/v2\/pages\/29"}],"collection":[{"href":"https:\/\/riksmaklaren.se\/ludvika\/wp-json\/wp\/v2\/pages"}],"about":[{"href":"https:\/\/riksmaklaren.se\/ludvika\/wp-json\/wp\/v2\/types\/page"}],"author":[{"embeddable":true,"href":"https:\/\/riksmaklaren.se\/ludvika\/wp-json\/wp\/v2\/users\/3"}],"replies":[{"embeddable":true,"href":"https:\/\/riksmaklaren.se\/ludvika\/wp-json\/wp\/v2\/comments?post=29"}],"version-history":[{"count":8,"href":"https:\/\/riksmaklaren.se\/ludvika\/wp-json\/wp\/v2\/pages\/29\/revisions"}],"predecessor-version":[{"id":78,"href":"https:\/\/riksmaklaren.se\/ludvika\/wp-json\/wp\/v2\/pages\/29\/revisions\/78"}],"wp:attachment":[{"href":"https:\/\/riksmaklaren.se\/ludvika\/wp-json\/wp\/v2\/media?parent=29"}],"curies":[{"name":"wp","href":"https:\/\/api.w.org\/{rel}","templated":true}]}}