{"id":19,"date":"2020-10-12T11:19:48","date_gmt":"2020-10-12T09:19:48","guid":{"rendered":"https:\/\/riksmaklaren.se\/ludvika\/?page_id=19"},"modified":"2022-05-05T12:55:43","modified_gmt":"2022-05-05T10:55:43","slug":"salja","status":"publish","type":"page","link":"https:\/\/riksmaklaren.se\/ludvika\/salja\/","title":{"rendered":"S\u00e4lja"},"content":{"rendered":"","protected":false},"excerpt":{"rendered":"","protected":false},"author":3,"featured_media":0,"parent":0,"menu_order":0,"comment_status":"closed","ping_status":"closed","template":"","meta":{"_acf_changed":false,"footnotes":""},"class_list":["post-19","page","type-page","status-publish","hentry"],"acf":[],"yoast_head":"<!-- This site is optimized with the Yoast SEO plugin v27.4 - https:\/\/yoast.com\/product\/yoast-seo-wordpress\/ -->\n<title>Hur g\u00e5r en f\u00f6rs\u00e4ljning hos Riksm\u00e4klaren Ludvika till?<\/title>\n<meta name=\"description\" content=\"Riksm\u00e4klaren Ludvika \u00e4r en stark akt\u00f6r p\u00e5 Ludvika\/Kopparbergs bostadsmarknad. Hur mycket \u00e4r min bostad v\u00e4rd? N\u00e4r \u00e4r det b\u00e4st att s\u00e4lja?\" \/>\n<meta name=\"robots\" content=\"index, follow, max-snippet:-1, max-image-preview:large, max-video-preview:-1\" \/>\n<link rel=\"canonical\" href=\"https:\/\/riksmaklaren.se\/ludvika\/salja\/\" \/>\n<meta property=\"og:locale\" content=\"sv_SE\" \/>\n<meta property=\"og:type\" content=\"article\" \/>\n<meta property=\"og:title\" content=\"Hur g\u00e5r en f\u00f6rs\u00e4ljning hos Riksm\u00e4klaren Ludvika till?\" \/>\n<meta property=\"og:description\" content=\"Riksm\u00e4klaren Ludvika \u00e4r en stark akt\u00f6r p\u00e5 Ludvika\/Kopparbergs bostadsmarknad. Hur mycket \u00e4r min bostad v\u00e4rd? N\u00e4r \u00e4r det b\u00e4st att s\u00e4lja?\" \/>\n<meta property=\"og:url\" content=\"https:\/\/riksmaklaren.se\/ludvika\/salja\/\" \/>\n<meta property=\"og:site_name\" content=\"Riksm\u00e4klaren Ludvika\" \/>\n<meta property=\"article:modified_time\" content=\"2022-05-05T10:55:43+00:00\" \/>\n<meta name=\"twitter:card\" content=\"summary_large_image\" \/>\n<script type=\"application\/ld+json\" class=\"yoast-schema-graph\">{\"@context\":\"https:\\\/\\\/schema.org\",\"@graph\":[{\"@type\":\"WebPage\",\"@id\":\"https:\\\/\\\/riksmaklaren.se\\\/ludvika\\\/salja\\\/\",\"url\":\"https:\\\/\\\/riksmaklaren.se\\\/ludvika\\\/salja\\\/\",\"name\":\"Hur g\u00e5r en f\u00f6rs\u00e4ljning hos Riksm\u00e4klaren Ludvika till?\",\"isPartOf\":{\"@id\":\"https:\\\/\\\/riksmaklaren.se\\\/ludvika\\\/#website\"},\"datePublished\":\"2020-10-12T09:19:48+00:00\",\"dateModified\":\"2022-05-05T10:55:43+00:00\",\"description\":\"Riksm\u00e4klaren Ludvika \u00e4r en stark akt\u00f6r p\u00e5 Ludvika\\\/Kopparbergs bostadsmarknad. Hur mycket \u00e4r min bostad v\u00e4rd? N\u00e4r \u00e4r det b\u00e4st att s\u00e4lja?\",\"breadcrumb\":{\"@id\":\"https:\\\/\\\/riksmaklaren.se\\\/ludvika\\\/salja\\\/#breadcrumb\"},\"inLanguage\":\"sv-SE\",\"potentialAction\":[{\"@type\":\"ReadAction\",\"target\":[\"https:\\\/\\\/riksmaklaren.se\\\/ludvika\\\/salja\\\/\"]}]},{\"@type\":\"BreadcrumbList\",\"@id\":\"https:\\\/\\\/riksmaklaren.se\\\/ludvika\\\/salja\\\/#breadcrumb\",\"itemListElement\":[{\"@type\":\"ListItem\",\"position\":1,\"name\":\"Hem\",\"item\":\"https:\\\/\\\/riksmaklaren.se\\\/ludvika\\\/\"},{\"@type\":\"ListItem\",\"position\":2,\"name\":\"S\u00e4lja\"}]},{\"@type\":\"WebSite\",\"@id\":\"https:\\\/\\\/riksmaklaren.se\\\/ludvika\\\/#website\",\"url\":\"https:\\\/\\\/riksmaklaren.se\\\/ludvika\\\/\",\"name\":\"Riksm\u00e4klaren Ludvika\",\"description\":\"En till Riksm\u00e4klarens-webbplatser webbplats\",\"potentialAction\":[{\"@type\":\"SearchAction\",\"target\":{\"@type\":\"EntryPoint\",\"urlTemplate\":\"https:\\\/\\\/riksmaklaren.se\\\/ludvika\\\/?s={search_term_string}\"},\"query-input\":{\"@type\":\"PropertyValueSpecification\",\"valueRequired\":true,\"valueName\":\"search_term_string\"}}],\"inLanguage\":\"sv-SE\"}]}<\/script>\n<!-- \/ Yoast SEO plugin. -->","yoast_head_json":{"title":"Hur g\u00e5r en f\u00f6rs\u00e4ljning hos Riksm\u00e4klaren Ludvika till?","description":"Riksm\u00e4klaren Ludvika \u00e4r en stark akt\u00f6r p\u00e5 Ludvika\/Kopparbergs bostadsmarknad. Hur mycket \u00e4r min bostad v\u00e4rd? N\u00e4r \u00e4r det b\u00e4st att s\u00e4lja?","robots":{"index":"index","follow":"follow","max-snippet":"max-snippet:-1","max-image-preview":"max-image-preview:large","max-video-preview":"max-video-preview:-1"},"canonical":"https:\/\/riksmaklaren.se\/ludvika\/salja\/","og_locale":"sv_SE","og_type":"article","og_title":"Hur g\u00e5r en f\u00f6rs\u00e4ljning hos Riksm\u00e4klaren Ludvika till?","og_description":"Riksm\u00e4klaren Ludvika \u00e4r en stark akt\u00f6r p\u00e5 Ludvika\/Kopparbergs bostadsmarknad. Hur mycket \u00e4r min bostad v\u00e4rd? N\u00e4r \u00e4r det b\u00e4st att s\u00e4lja?","og_url":"https:\/\/riksmaklaren.se\/ludvika\/salja\/","og_site_name":"Riksm\u00e4klaren Ludvika","article_modified_time":"2022-05-05T10:55:43+00:00","twitter_card":"summary_large_image","schema":{"@context":"https:\/\/schema.org","@graph":[{"@type":"WebPage","@id":"https:\/\/riksmaklaren.se\/ludvika\/salja\/","url":"https:\/\/riksmaklaren.se\/ludvika\/salja\/","name":"Hur g\u00e5r en f\u00f6rs\u00e4ljning hos Riksm\u00e4klaren Ludvika till?","isPartOf":{"@id":"https:\/\/riksmaklaren.se\/ludvika\/#website"},"datePublished":"2020-10-12T09:19:48+00:00","dateModified":"2022-05-05T10:55:43+00:00","description":"Riksm\u00e4klaren Ludvika \u00e4r en stark akt\u00f6r p\u00e5 Ludvika\/Kopparbergs bostadsmarknad. Hur mycket \u00e4r min bostad v\u00e4rd? N\u00e4r \u00e4r det b\u00e4st att s\u00e4lja?","breadcrumb":{"@id":"https:\/\/riksmaklaren.se\/ludvika\/salja\/#breadcrumb"},"inLanguage":"sv-SE","potentialAction":[{"@type":"ReadAction","target":["https:\/\/riksmaklaren.se\/ludvika\/salja\/"]}]},{"@type":"BreadcrumbList","@id":"https:\/\/riksmaklaren.se\/ludvika\/salja\/#breadcrumb","itemListElement":[{"@type":"ListItem","position":1,"name":"Hem","item":"https:\/\/riksmaklaren.se\/ludvika\/"},{"@type":"ListItem","position":2,"name":"S\u00e4lja"}]},{"@type":"WebSite","@id":"https:\/\/riksmaklaren.se\/ludvika\/#website","url":"https:\/\/riksmaklaren.se\/ludvika\/","name":"Riksm\u00e4klaren Ludvika","description":"En till Riksm\u00e4klarens-webbplatser webbplats","potentialAction":[{"@type":"SearchAction","target":{"@type":"EntryPoint","urlTemplate":"https:\/\/riksmaklaren.se\/ludvika\/?s={search_term_string}"},"query-input":{"@type":"PropertyValueSpecification","valueRequired":true,"valueName":"search_term_string"}}],"inLanguage":"sv-SE"}]}},"_links":{"self":[{"href":"https:\/\/riksmaklaren.se\/ludvika\/wp-json\/wp\/v2\/pages\/19","targetHints":{"allow":["GET"]}}],"collection":[{"href":"https:\/\/riksmaklaren.se\/ludvika\/wp-json\/wp\/v2\/pages"}],"about":[{"href":"https:\/\/riksmaklaren.se\/ludvika\/wp-json\/wp\/v2\/types\/page"}],"author":[{"embeddable":true,"href":"https:\/\/riksmaklaren.se\/ludvika\/wp-json\/wp\/v2\/users\/3"}],"replies":[{"embeddable":true,"href":"https:\/\/riksmaklaren.se\/ludvika\/wp-json\/wp\/v2\/comments?post=19"}],"version-history":[{"count":3,"href":"https:\/\/riksmaklaren.se\/ludvika\/wp-json\/wp\/v2\/pages\/19\/revisions"}],"predecessor-version":[{"id":93,"href":"https:\/\/riksmaklaren.se\/ludvika\/wp-json\/wp\/v2\/pages\/19\/revisions\/93"}],"wp:attachment":[{"href":"https:\/\/riksmaklaren.se\/ludvika\/wp-json\/wp\/v2\/media?parent=19"}],"curies":[{"name":"wp","href":"https:\/\/api.w.org\/{rel}","templated":true}]}}