{"id":52,"date":"2020-10-09T12:50:14","date_gmt":"2020-10-09T10:50:14","guid":{"rendered":"https:\/\/riksmaklaren.se\/linkoping\/?page_id=52"},"modified":"2020-11-02T15:46:25","modified_gmt":"2020-11-02T14:46:25","slug":"kommande-visningar","status":"publish","type":"page","link":"https:\/\/riksmaklaren.se\/linkoping\/till-salu\/kommande-visningar\/","title":{"rendered":"Kommande visningar"},"content":{"rendered":"","protected":false},"excerpt":{"rendered":"","protected":false},"author":3,"featured_media":0,"parent":9,"menu_order":0,"comment_status":"closed","ping_status":"closed","template":"","meta":{"_acf_changed":false,"footnotes":""},"class_list":["post-52","page","type-page","status-publish","hentry"],"acf":[],"yoast_head":"<!-- This site is optimized with the Yoast SEO plugin v27.4 - https:\/\/yoast.com\/product\/yoast-seo-wordpress\/ -->\n<title>Ta del av v\u00e5ra Kommande visningar - Riksm\u00e4klaren Link\u00f6ping<\/title>\n<meta name=\"description\" content=\"Vi \u00e4r en stark akt\u00f6r p\u00e5 Link\u00f6pings bostadsmarknad. Ta del av v\u00e5ra Kommande visningar. Hos oss kan du k\u00e4nna dig trygg i hela aff\u00e4ren!\" \/>\n<meta name=\"robots\" content=\"index, follow, max-snippet:-1, max-image-preview:large, max-video-preview:-1\" \/>\n<link rel=\"canonical\" href=\"https:\/\/riksmaklaren.se\/linkoping\/till-salu\/kommande-visningar\/\" \/>\n<meta property=\"og:locale\" content=\"sv_SE\" \/>\n<meta property=\"og:type\" content=\"article\" \/>\n<meta property=\"og:title\" content=\"Ta del av v\u00e5ra Kommande visningar - Riksm\u00e4klaren Link\u00f6ping\" \/>\n<meta property=\"og:description\" content=\"Vi \u00e4r en stark akt\u00f6r p\u00e5 Link\u00f6pings bostadsmarknad. Ta del av v\u00e5ra Kommande visningar. Hos oss kan du k\u00e4nna dig trygg i hela aff\u00e4ren!\" \/>\n<meta property=\"og:url\" content=\"https:\/\/riksmaklaren.se\/linkoping\/till-salu\/kommande-visningar\/\" \/>\n<meta property=\"og:site_name\" content=\"Riksm\u00e4klaren Link\u00f6ping\" \/>\n<meta property=\"article:modified_time\" content=\"2020-11-02T14:46:25+00:00\" \/>\n<meta name=\"twitter:card\" content=\"summary_large_image\" \/>\n<script type=\"application\/ld+json\" class=\"yoast-schema-graph\">{\"@context\":\"https:\\\/\\\/schema.org\",\"@graph\":[{\"@type\":\"WebPage\",\"@id\":\"https:\\\/\\\/riksmaklaren.se\\\/linkoping\\\/till-salu\\\/kommande-visningar\\\/\",\"url\":\"https:\\\/\\\/riksmaklaren.se\\\/linkoping\\\/till-salu\\\/kommande-visningar\\\/\",\"name\":\"Ta del av v\u00e5ra Kommande visningar - Riksm\u00e4klaren Link\u00f6ping\",\"isPartOf\":{\"@id\":\"https:\\\/\\\/riksmaklaren.se\\\/linkoping\\\/#website\"},\"datePublished\":\"2020-10-09T10:50:14+00:00\",\"dateModified\":\"2020-11-02T14:46:25+00:00\",\"description\":\"Vi \u00e4r en stark akt\u00f6r p\u00e5 Link\u00f6pings bostadsmarknad. Ta del av v\u00e5ra Kommande visningar. Hos oss kan du k\u00e4nna dig trygg i hela aff\u00e4ren!\",\"breadcrumb\":{\"@id\":\"https:\\\/\\\/riksmaklaren.se\\\/linkoping\\\/till-salu\\\/kommande-visningar\\\/#breadcrumb\"},\"inLanguage\":\"sv-SE\",\"potentialAction\":[{\"@type\":\"ReadAction\",\"target\":[\"https:\\\/\\\/riksmaklaren.se\\\/linkoping\\\/till-salu\\\/kommande-visningar\\\/\"]}]},{\"@type\":\"BreadcrumbList\",\"@id\":\"https:\\\/\\\/riksmaklaren.se\\\/linkoping\\\/till-salu\\\/kommande-visningar\\\/#breadcrumb\",\"itemListElement\":[{\"@type\":\"ListItem\",\"position\":1,\"name\":\"Hem\",\"item\":\"https:\\\/\\\/riksmaklaren.se\\\/linkoping\\\/\"},{\"@type\":\"ListItem\",\"position\":2,\"name\":\"Till salu\",\"item\":\"https:\\\/\\\/riksmaklaren.se\\\/linkoping\\\/till-salu\\\/\"},{\"@type\":\"ListItem\",\"position\":3,\"name\":\"Kommande visningar\"}]},{\"@type\":\"WebSite\",\"@id\":\"https:\\\/\\\/riksmaklaren.se\\\/linkoping\\\/#website\",\"url\":\"https:\\\/\\\/riksmaklaren.se\\\/linkoping\\\/\",\"name\":\"Riksm\u00e4klaren Link\u00f6ping\",\"description\":\"M\u00e4klaren genom livet\",\"potentialAction\":[{\"@type\":\"SearchAction\",\"target\":{\"@type\":\"EntryPoint\",\"urlTemplate\":\"https:\\\/\\\/riksmaklaren.se\\\/linkoping\\\/?s={search_term_string}\"},\"query-input\":{\"@type\":\"PropertyValueSpecification\",\"valueRequired\":true,\"valueName\":\"search_term_string\"}}],\"inLanguage\":\"sv-SE\"}]}<\/script>\n<!-- \/ Yoast SEO plugin. -->","yoast_head_json":{"title":"Ta del av v\u00e5ra Kommande visningar - Riksm\u00e4klaren Link\u00f6ping","description":"Vi \u00e4r en stark akt\u00f6r p\u00e5 Link\u00f6pings bostadsmarknad. Ta del av v\u00e5ra Kommande visningar. Hos oss kan du k\u00e4nna dig trygg i hela aff\u00e4ren!","robots":{"index":"index","follow":"follow","max-snippet":"max-snippet:-1","max-image-preview":"max-image-preview:large","max-video-preview":"max-video-preview:-1"},"canonical":"https:\/\/riksmaklaren.se\/linkoping\/till-salu\/kommande-visningar\/","og_locale":"sv_SE","og_type":"article","og_title":"Ta del av v\u00e5ra Kommande visningar - Riksm\u00e4klaren Link\u00f6ping","og_description":"Vi \u00e4r en stark akt\u00f6r p\u00e5 Link\u00f6pings bostadsmarknad. Ta del av v\u00e5ra Kommande visningar. Hos oss kan du k\u00e4nna dig trygg i hela aff\u00e4ren!","og_url":"https:\/\/riksmaklaren.se\/linkoping\/till-salu\/kommande-visningar\/","og_site_name":"Riksm\u00e4klaren Link\u00f6ping","article_modified_time":"2020-11-02T14:46:25+00:00","twitter_card":"summary_large_image","schema":{"@context":"https:\/\/schema.org","@graph":[{"@type":"WebPage","@id":"https:\/\/riksmaklaren.se\/linkoping\/till-salu\/kommande-visningar\/","url":"https:\/\/riksmaklaren.se\/linkoping\/till-salu\/kommande-visningar\/","name":"Ta del av v\u00e5ra Kommande visningar - Riksm\u00e4klaren Link\u00f6ping","isPartOf":{"@id":"https:\/\/riksmaklaren.se\/linkoping\/#website"},"datePublished":"2020-10-09T10:50:14+00:00","dateModified":"2020-11-02T14:46:25+00:00","description":"Vi \u00e4r en stark akt\u00f6r p\u00e5 Link\u00f6pings bostadsmarknad. Ta del av v\u00e5ra Kommande visningar. Hos oss kan du k\u00e4nna dig trygg i hela aff\u00e4ren!","breadcrumb":{"@id":"https:\/\/riksmaklaren.se\/linkoping\/till-salu\/kommande-visningar\/#breadcrumb"},"inLanguage":"sv-SE","potentialAction":[{"@type":"ReadAction","target":["https:\/\/riksmaklaren.se\/linkoping\/till-salu\/kommande-visningar\/"]}]},{"@type":"BreadcrumbList","@id":"https:\/\/riksmaklaren.se\/linkoping\/till-salu\/kommande-visningar\/#breadcrumb","itemListElement":[{"@type":"ListItem","position":1,"name":"Hem","item":"https:\/\/riksmaklaren.se\/linkoping\/"},{"@type":"ListItem","position":2,"name":"Till salu","item":"https:\/\/riksmaklaren.se\/linkoping\/till-salu\/"},{"@type":"ListItem","position":3,"name":"Kommande visningar"}]},{"@type":"WebSite","@id":"https:\/\/riksmaklaren.se\/linkoping\/#website","url":"https:\/\/riksmaklaren.se\/linkoping\/","name":"Riksm\u00e4klaren Link\u00f6ping","description":"M\u00e4klaren genom livet","potentialAction":[{"@type":"SearchAction","target":{"@type":"EntryPoint","urlTemplate":"https:\/\/riksmaklaren.se\/linkoping\/?s={search_term_string}"},"query-input":{"@type":"PropertyValueSpecification","valueRequired":true,"valueName":"search_term_string"}}],"inLanguage":"sv-SE"}]}},"_links":{"self":[{"href":"https:\/\/riksmaklaren.se\/linkoping\/wp-json\/wp\/v2\/pages\/52","targetHints":{"allow":["GET"]}}],"collection":[{"href":"https:\/\/riksmaklaren.se\/linkoping\/wp-json\/wp\/v2\/pages"}],"about":[{"href":"https:\/\/riksmaklaren.se\/linkoping\/wp-json\/wp\/v2\/types\/page"}],"author":[{"embeddable":true,"href":"https:\/\/riksmaklaren.se\/linkoping\/wp-json\/wp\/v2\/users\/3"}],"replies":[{"embeddable":true,"href":"https:\/\/riksmaklaren.se\/linkoping\/wp-json\/wp\/v2\/comments?post=52"}],"version-history":[{"count":1,"href":"https:\/\/riksmaklaren.se\/linkoping\/wp-json\/wp\/v2\/pages\/52\/revisions"}],"predecessor-version":[{"id":53,"href":"https:\/\/riksmaklaren.se\/linkoping\/wp-json\/wp\/v2\/pages\/52\/revisions\/53"}],"up":[{"embeddable":true,"href":"https:\/\/riksmaklaren.se\/linkoping\/wp-json\/wp\/v2\/pages\/9"}],"wp:attachment":[{"href":"https:\/\/riksmaklaren.se\/linkoping\/wp-json\/wp\/v2\/media?parent=52"}],"curies":[{"name":"wp","href":"https:\/\/api.w.org\/{rel}","templated":true}]}}