{"id":43,"date":"2020-10-09T12:29:56","date_gmt":"2020-10-09T10:29:56","guid":{"rendered":"https:\/\/riksmaklaren.se\/linkoping\/?page_id=43"},"modified":"2021-06-17T15:22:49","modified_gmt":"2021-06-17T13:22:49","slug":"medarbetare","status":"publish","type":"page","link":"https:\/\/riksmaklaren.se\/linkoping\/om-oss\/medarbetare\/","title":{"rendered":"Medarbetare"},"content":{"rendered":"","protected":false},"excerpt":{"rendered":"","protected":false},"author":3,"featured_media":0,"parent":32,"menu_order":0,"comment_status":"closed","ping_status":"closed","template":"","meta":{"_acf_changed":false,"footnotes":""},"class_list":["post-43","page","type-page","status-publish","hentry"],"acf":[],"yoast_head":"<!-- This site is optimized with the Yoast SEO plugin v27.5 - https:\/\/yoast.com\/product\/yoast-seo-wordpress\/ -->\n<title>L\u00e4r k\u00e4nna v\u00e5ra medarbetare - Riksm\u00e4klaren Link\u00f6ping<\/title>\n<meta name=\"description\" content=\"Hos Riksm\u00e4klaren har vi medarbetare som \u00e4r b\u00e5de yngre och \u00e4ldre, man och kvinna. H\u00e4r kan du l\u00e4ra k\u00e4nna v\u00e5rt h\u00e4rliga g\u00e4ng!\" \/>\n<meta name=\"robots\" content=\"index, follow, max-snippet:-1, max-image-preview:large, max-video-preview:-1\" \/>\n<link rel=\"canonical\" href=\"https:\/\/riksmaklaren.se\/linkoping\/om-oss\/medarbetare\/\" \/>\n<meta property=\"og:locale\" content=\"sv_SE\" \/>\n<meta property=\"og:type\" content=\"article\" \/>\n<meta property=\"og:title\" content=\"L\u00e4r k\u00e4nna v\u00e5ra medarbetare - Riksm\u00e4klaren Link\u00f6ping\" \/>\n<meta property=\"og:description\" content=\"Hos Riksm\u00e4klaren har vi medarbetare som \u00e4r b\u00e5de yngre och \u00e4ldre, man och kvinna. H\u00e4r kan du l\u00e4ra k\u00e4nna v\u00e5rt h\u00e4rliga g\u00e4ng!\" \/>\n<meta property=\"og:url\" content=\"https:\/\/riksmaklaren.se\/linkoping\/om-oss\/medarbetare\/\" \/>\n<meta property=\"og:site_name\" content=\"Riksm\u00e4klaren Link\u00f6ping\" \/>\n<meta property=\"article:modified_time\" content=\"2021-06-17T13:22:49+00:00\" \/>\n<meta name=\"twitter:card\" content=\"summary_large_image\" \/>\n<script type=\"application\/ld+json\" class=\"yoast-schema-graph\">{\"@context\":\"https:\\\/\\\/schema.org\",\"@graph\":[{\"@type\":\"WebPage\",\"@id\":\"https:\\\/\\\/riksmaklaren.se\\\/linkoping\\\/om-oss\\\/medarbetare\\\/\",\"url\":\"https:\\\/\\\/riksmaklaren.se\\\/linkoping\\\/om-oss\\\/medarbetare\\\/\",\"name\":\"L\u00e4r k\u00e4nna v\u00e5ra medarbetare - Riksm\u00e4klaren Link\u00f6ping\",\"isPartOf\":{\"@id\":\"https:\\\/\\\/riksmaklaren.se\\\/linkoping\\\/#website\"},\"datePublished\":\"2020-10-09T10:29:56+00:00\",\"dateModified\":\"2021-06-17T13:22:49+00:00\",\"description\":\"Hos Riksm\u00e4klaren har vi medarbetare som \u00e4r b\u00e5de yngre och \u00e4ldre, man och kvinna. H\u00e4r kan du l\u00e4ra k\u00e4nna v\u00e5rt h\u00e4rliga g\u00e4ng!\",\"breadcrumb\":{\"@id\":\"https:\\\/\\\/riksmaklaren.se\\\/linkoping\\\/om-oss\\\/medarbetare\\\/#breadcrumb\"},\"inLanguage\":\"sv-SE\",\"potentialAction\":[{\"@type\":\"ReadAction\",\"target\":[\"https:\\\/\\\/riksmaklaren.se\\\/linkoping\\\/om-oss\\\/medarbetare\\\/\"]}]},{\"@type\":\"BreadcrumbList\",\"@id\":\"https:\\\/\\\/riksmaklaren.se\\\/linkoping\\\/om-oss\\\/medarbetare\\\/#breadcrumb\",\"itemListElement\":[{\"@type\":\"ListItem\",\"position\":1,\"name\":\"Hem\",\"item\":\"https:\\\/\\\/riksmaklaren.se\\\/linkoping\\\/\"},{\"@type\":\"ListItem\",\"position\":2,\"name\":\"Om oss\",\"item\":\"https:\\\/\\\/riksmaklaren.se\\\/linkoping\\\/om-oss\\\/\"},{\"@type\":\"ListItem\",\"position\":3,\"name\":\"Medarbetare\"}]},{\"@type\":\"WebSite\",\"@id\":\"https:\\\/\\\/riksmaklaren.se\\\/linkoping\\\/#website\",\"url\":\"https:\\\/\\\/riksmaklaren.se\\\/linkoping\\\/\",\"name\":\"Riksm\u00e4klaren Link\u00f6ping\",\"description\":\"M\u00e4klaren genom livet\",\"potentialAction\":[{\"@type\":\"SearchAction\",\"target\":{\"@type\":\"EntryPoint\",\"urlTemplate\":\"https:\\\/\\\/riksmaklaren.se\\\/linkoping\\\/?s={search_term_string}\"},\"query-input\":{\"@type\":\"PropertyValueSpecification\",\"valueRequired\":true,\"valueName\":\"search_term_string\"}}],\"inLanguage\":\"sv-SE\"}]}<\/script>\n<!-- \/ Yoast SEO plugin. -->","yoast_head_json":{"title":"L\u00e4r k\u00e4nna v\u00e5ra medarbetare - Riksm\u00e4klaren Link\u00f6ping","description":"Hos Riksm\u00e4klaren har vi medarbetare som \u00e4r b\u00e5de yngre och \u00e4ldre, man och kvinna. H\u00e4r kan du l\u00e4ra k\u00e4nna v\u00e5rt h\u00e4rliga g\u00e4ng!","robots":{"index":"index","follow":"follow","max-snippet":"max-snippet:-1","max-image-preview":"max-image-preview:large","max-video-preview":"max-video-preview:-1"},"canonical":"https:\/\/riksmaklaren.se\/linkoping\/om-oss\/medarbetare\/","og_locale":"sv_SE","og_type":"article","og_title":"L\u00e4r k\u00e4nna v\u00e5ra medarbetare - Riksm\u00e4klaren Link\u00f6ping","og_description":"Hos Riksm\u00e4klaren har vi medarbetare som \u00e4r b\u00e5de yngre och \u00e4ldre, man och kvinna. H\u00e4r kan du l\u00e4ra k\u00e4nna v\u00e5rt h\u00e4rliga g\u00e4ng!","og_url":"https:\/\/riksmaklaren.se\/linkoping\/om-oss\/medarbetare\/","og_site_name":"Riksm\u00e4klaren Link\u00f6ping","article_modified_time":"2021-06-17T13:22:49+00:00","twitter_card":"summary_large_image","schema":{"@context":"https:\/\/schema.org","@graph":[{"@type":"WebPage","@id":"https:\/\/riksmaklaren.se\/linkoping\/om-oss\/medarbetare\/","url":"https:\/\/riksmaklaren.se\/linkoping\/om-oss\/medarbetare\/","name":"L\u00e4r k\u00e4nna v\u00e5ra medarbetare - Riksm\u00e4klaren Link\u00f6ping","isPartOf":{"@id":"https:\/\/riksmaklaren.se\/linkoping\/#website"},"datePublished":"2020-10-09T10:29:56+00:00","dateModified":"2021-06-17T13:22:49+00:00","description":"Hos Riksm\u00e4klaren har vi medarbetare som \u00e4r b\u00e5de yngre och \u00e4ldre, man och kvinna. H\u00e4r kan du l\u00e4ra k\u00e4nna v\u00e5rt h\u00e4rliga g\u00e4ng!","breadcrumb":{"@id":"https:\/\/riksmaklaren.se\/linkoping\/om-oss\/medarbetare\/#breadcrumb"},"inLanguage":"sv-SE","potentialAction":[{"@type":"ReadAction","target":["https:\/\/riksmaklaren.se\/linkoping\/om-oss\/medarbetare\/"]}]},{"@type":"BreadcrumbList","@id":"https:\/\/riksmaklaren.se\/linkoping\/om-oss\/medarbetare\/#breadcrumb","itemListElement":[{"@type":"ListItem","position":1,"name":"Hem","item":"https:\/\/riksmaklaren.se\/linkoping\/"},{"@type":"ListItem","position":2,"name":"Om oss","item":"https:\/\/riksmaklaren.se\/linkoping\/om-oss\/"},{"@type":"ListItem","position":3,"name":"Medarbetare"}]},{"@type":"WebSite","@id":"https:\/\/riksmaklaren.se\/linkoping\/#website","url":"https:\/\/riksmaklaren.se\/linkoping\/","name":"Riksm\u00e4klaren Link\u00f6ping","description":"M\u00e4klaren genom livet","potentialAction":[{"@type":"SearchAction","target":{"@type":"EntryPoint","urlTemplate":"https:\/\/riksmaklaren.se\/linkoping\/?s={search_term_string}"},"query-input":{"@type":"PropertyValueSpecification","valueRequired":true,"valueName":"search_term_string"}}],"inLanguage":"sv-SE"}]}},"_links":{"self":[{"href":"https:\/\/riksmaklaren.se\/linkoping\/wp-json\/wp\/v2\/pages\/43","targetHints":{"allow":["GET"]}}],"collection":[{"href":"https:\/\/riksmaklaren.se\/linkoping\/wp-json\/wp\/v2\/pages"}],"about":[{"href":"https:\/\/riksmaklaren.se\/linkoping\/wp-json\/wp\/v2\/types\/page"}],"author":[{"embeddable":true,"href":"https:\/\/riksmaklaren.se\/linkoping\/wp-json\/wp\/v2\/users\/3"}],"replies":[{"embeddable":true,"href":"https:\/\/riksmaklaren.se\/linkoping\/wp-json\/wp\/v2\/comments?post=43"}],"version-history":[{"count":4,"href":"https:\/\/riksmaklaren.se\/linkoping\/wp-json\/wp\/v2\/pages\/43\/revisions"}],"predecessor-version":[{"id":128,"href":"https:\/\/riksmaklaren.se\/linkoping\/wp-json\/wp\/v2\/pages\/43\/revisions\/128"}],"up":[{"embeddable":true,"href":"https:\/\/riksmaklaren.se\/linkoping\/wp-json\/wp\/v2\/pages\/32"}],"wp:attachment":[{"href":"https:\/\/riksmaklaren.se\/linkoping\/wp-json\/wp\/v2\/media?parent=43"}],"curies":[{"name":"wp","href":"https:\/\/api.w.org\/{rel}","templated":true}]}}