{"id":32,"date":"2020-10-09T12:03:53","date_gmt":"2020-10-09T10:03:53","guid":{"rendered":"https:\/\/riksmaklaren.se\/linkoping\/?page_id=32"},"modified":"2020-11-02T15:42:40","modified_gmt":"2020-11-02T14:42:40","slug":"om-oss","status":"publish","type":"page","link":"https:\/\/riksmaklaren.se\/linkoping\/om-oss\/","title":{"rendered":"Om oss"},"content":{"rendered":"","protected":false},"excerpt":{"rendered":"","protected":false},"author":3,"featured_media":0,"parent":0,"menu_order":0,"comment_status":"closed","ping_status":"closed","template":"","meta":[],"yoast_head":"<!-- This site is optimized with the Yoast SEO plugin v15.0 - https:\/\/yoast.com\/wordpress\/plugins\/seo\/ -->\n<meta name=\"description\" content=\"Riksm\u00e4klaren \u00e4r en stark akt\u00f6r p\u00e5 Link\u00f6pings bostadsmarknad. Kontakta oss f\u00f6r att v\u00e4rdera eller s\u00e4lja din bostad.\" \/>\n<meta name=\"robots\" content=\"index, follow, max-snippet:-1, max-image-preview:large, max-video-preview:-1\" \/>\n<link rel=\"canonical\" href=\"https:\/\/riksmaklaren.se\/linkoping\/om-oss\/\" \/>\n<meta property=\"og:locale\" content=\"sv_SE\" \/>\n<meta property=\"og:type\" content=\"article\" \/>\n<meta property=\"og:title\" content=\"L\u00e4s mer om oss och v\u00e5r m\u00e4klartj\u00e4nst - Riksm\u00e4klaren Link\u00f6ping\" \/>\n<meta property=\"og:description\" content=\"Riksm\u00e4klaren \u00e4r en stark akt\u00f6r p\u00e5 Link\u00f6pings bostadsmarknad. Kontakta oss f\u00f6r att v\u00e4rdera eller s\u00e4lja din bostad.\" \/>\n<meta property=\"og:url\" content=\"https:\/\/riksmaklaren.se\/linkoping\/om-oss\/\" \/>\n<meta property=\"og:site_name\" content=\"Riksm\u00e4klaren Link\u00f6ping\" \/>\n<meta property=\"article:modified_time\" content=\"2020-11-02T14:42:40+00:00\" \/>\n<meta name=\"twitter:card\" content=\"summary_large_image\" \/>\n<script type=\"application\/ld+json\" class=\"yoast-schema-graph\">{\"@context\":\"https:\/\/schema.org\",\"@graph\":[{\"@type\":\"WebSite\",\"@id\":\"https:\/\/riksmaklaren.se\/linkoping\/#website\",\"url\":\"https:\/\/riksmaklaren.se\/linkoping\/\",\"name\":\"Riksm\\u00e4klaren Link\\u00f6ping\",\"description\":\"M\\u00e4klaren genom livet\",\"potentialAction\":[{\"@type\":\"SearchAction\",\"target\":\"https:\/\/riksmaklaren.se\/linkoping\/?s={search_term_string}\",\"query-input\":\"required name=search_term_string\"}],\"inLanguage\":\"sv-SE\"},{\"@type\":\"WebPage\",\"@id\":\"https:\/\/riksmaklaren.se\/linkoping\/om-oss\/#webpage\",\"url\":\"https:\/\/riksmaklaren.se\/linkoping\/om-oss\/\",\"name\":\"L\\u00e4s mer om oss och v\\u00e5r m\\u00e4klartj\\u00e4nst - Riksm\\u00e4klaren Link\\u00f6ping\",\"isPartOf\":{\"@id\":\"https:\/\/riksmaklaren.se\/linkoping\/#website\"},\"datePublished\":\"2020-10-09T10:03:53+00:00\",\"dateModified\":\"2020-11-02T14:42:40+00:00\",\"description\":\"Riksm\\u00e4klaren \\u00e4r en stark akt\\u00f6r p\\u00e5 Link\\u00f6pings bostadsmarknad. Kontakta oss f\\u00f6r att v\\u00e4rdera eller s\\u00e4lja din bostad.\",\"inLanguage\":\"sv-SE\",\"potentialAction\":[{\"@type\":\"ReadAction\",\"target\":[\"https:\/\/riksmaklaren.se\/linkoping\/om-oss\/\"]}]}]}<\/script>\n<!-- \/ Yoast SEO plugin. -->","_links":{"self":[{"href":"https:\/\/riksmaklaren.se\/linkoping\/wp-json\/wp\/v2\/pages\/32"}],"collection":[{"href":"https:\/\/riksmaklaren.se\/linkoping\/wp-json\/wp\/v2\/pages"}],"about":[{"href":"https:\/\/riksmaklaren.se\/linkoping\/wp-json\/wp\/v2\/types\/page"}],"author":[{"embeddable":true,"href":"https:\/\/riksmaklaren.se\/linkoping\/wp-json\/wp\/v2\/users\/3"}],"replies":[{"embeddable":true,"href":"https:\/\/riksmaklaren.se\/linkoping\/wp-json\/wp\/v2\/comments?post=32"}],"version-history":[{"count":9,"href":"https:\/\/riksmaklaren.se\/linkoping\/wp-json\/wp\/v2\/pages\/32\/revisions"}],"predecessor-version":[{"id":118,"href":"https:\/\/riksmaklaren.se\/linkoping\/wp-json\/wp\/v2\/pages\/32\/revisions\/118"}],"wp:attachment":[{"href":"https:\/\/riksmaklaren.se\/linkoping\/wp-json\/wp\/v2\/media?parent=32"}],"curies":[{"name":"wp","href":"https:\/\/api.w.org\/{rel}","templated":true}]}}