{"id":2,"date":"2020-05-15T09:01:33","date_gmt":"2020-05-15T07:01:33","guid":{"rendered":"https:\/\/riksmaklaren.se\/linkoping\/?page_id=2"},"modified":"2022-01-12T15:38:12","modified_gmt":"2022-01-12T14:38:12","slug":"startsida","status":"publish","type":"page","link":"https:\/\/riksmaklaren.se\/linkoping\/","title":{"rendered":"Startsida"},"content":{"rendered":"","protected":false},"excerpt":{"rendered":"","protected":false},"author":1,"featured_media":0,"parent":0,"menu_order":0,"comment_status":"closed","ping_status":"open","template":"","meta":{"_acf_changed":false,"footnotes":""},"class_list":["post-2","page","type-page","status-publish","hentry"],"acf":[],"yoast_head":"<!-- This site is optimized with the Yoast SEO plugin v27.4 - https:\/\/yoast.com\/product\/yoast-seo-wordpress\/ -->\n<title>L\u00e5t oss hj\u00e4lpa dig med din bostadsaff\u00e4r! - Riksm\u00e4klaren Link\u00f6ping<\/title>\n<meta name=\"description\" content=\"Vi \u00e4r en stark akt\u00f6r p\u00e5 Link\u00f6pings bostadsmarknad! S\u00e4lj tryggt med oss - kontakta oss f\u00f6r en v\u00e4rdering av din bostad.\" \/>\n<meta name=\"robots\" content=\"index, follow, max-snippet:-1, max-image-preview:large, max-video-preview:-1\" \/>\n<link rel=\"canonical\" href=\"https:\/\/riksmaklaren.se\/linkoping\/\" \/>\n<meta property=\"og:locale\" content=\"sv_SE\" \/>\n<meta property=\"og:type\" content=\"article\" \/>\n<meta property=\"og:title\" content=\"L\u00e5t oss hj\u00e4lpa dig med din bostadsaff\u00e4r! - Riksm\u00e4klaren Link\u00f6ping\" \/>\n<meta property=\"og:description\" content=\"Vi \u00e4r en stark akt\u00f6r p\u00e5 Link\u00f6pings bostadsmarknad! S\u00e4lj tryggt med oss - kontakta oss f\u00f6r en v\u00e4rdering av din bostad.\" \/>\n<meta property=\"og:url\" content=\"https:\/\/riksmaklaren.se\/linkoping\/\" \/>\n<meta property=\"og:site_name\" content=\"Riksm\u00e4klaren Link\u00f6ping\" \/>\n<meta property=\"article:modified_time\" content=\"2022-01-12T14:38:12+00:00\" \/>\n<meta name=\"twitter:card\" content=\"summary_large_image\" \/>\n<script type=\"application\/ld+json\" class=\"yoast-schema-graph\">{\"@context\":\"https:\\\/\\\/schema.org\",\"@graph\":[{\"@type\":\"WebPage\",\"@id\":\"https:\\\/\\\/riksmaklaren.se\\\/linkoping\\\/\",\"url\":\"https:\\\/\\\/riksmaklaren.se\\\/linkoping\\\/\",\"name\":\"L\u00e5t oss hj\u00e4lpa dig med din bostadsaff\u00e4r! - Riksm\u00e4klaren Link\u00f6ping\",\"isPartOf\":{\"@id\":\"https:\\\/\\\/riksmaklaren.se\\\/linkoping\\\/#website\"},\"datePublished\":\"2020-05-15T07:01:33+00:00\",\"dateModified\":\"2022-01-12T14:38:12+00:00\",\"description\":\"Vi \u00e4r en stark akt\u00f6r p\u00e5 Link\u00f6pings bostadsmarknad! S\u00e4lj tryggt med oss - kontakta oss f\u00f6r en v\u00e4rdering av din bostad.\",\"breadcrumb\":{\"@id\":\"https:\\\/\\\/riksmaklaren.se\\\/linkoping\\\/#breadcrumb\"},\"inLanguage\":\"sv-SE\",\"potentialAction\":[{\"@type\":\"ReadAction\",\"target\":[\"https:\\\/\\\/riksmaklaren.se\\\/linkoping\\\/\"]}]},{\"@type\":\"BreadcrumbList\",\"@id\":\"https:\\\/\\\/riksmaklaren.se\\\/linkoping\\\/#breadcrumb\",\"itemListElement\":[{\"@type\":\"ListItem\",\"position\":1,\"name\":\"Hem\",\"item\":\"https:\\\/\\\/riksmaklaren.se\\\/linkoping\\\/\"},{\"@type\":\"ListItem\",\"position\":2,\"name\":\"Startsida\"}]},{\"@type\":\"WebSite\",\"@id\":\"https:\\\/\\\/riksmaklaren.se\\\/linkoping\\\/#website\",\"url\":\"https:\\\/\\\/riksmaklaren.se\\\/linkoping\\\/\",\"name\":\"Riksm\u00e4klaren Link\u00f6ping\",\"description\":\"M\u00e4klaren genom livet\",\"potentialAction\":[{\"@type\":\"SearchAction\",\"target\":{\"@type\":\"EntryPoint\",\"urlTemplate\":\"https:\\\/\\\/riksmaklaren.se\\\/linkoping\\\/?s={search_term_string}\"},\"query-input\":{\"@type\":\"PropertyValueSpecification\",\"valueRequired\":true,\"valueName\":\"search_term_string\"}}],\"inLanguage\":\"sv-SE\"}]}<\/script>\n<!-- \/ Yoast SEO plugin. -->","yoast_head_json":{"title":"L\u00e5t oss hj\u00e4lpa dig med din bostadsaff\u00e4r! - Riksm\u00e4klaren Link\u00f6ping","description":"Vi \u00e4r en stark akt\u00f6r p\u00e5 Link\u00f6pings bostadsmarknad! S\u00e4lj tryggt med oss - kontakta oss f\u00f6r en v\u00e4rdering av din bostad.","robots":{"index":"index","follow":"follow","max-snippet":"max-snippet:-1","max-image-preview":"max-image-preview:large","max-video-preview":"max-video-preview:-1"},"canonical":"https:\/\/riksmaklaren.se\/linkoping\/","og_locale":"sv_SE","og_type":"article","og_title":"L\u00e5t oss hj\u00e4lpa dig med din bostadsaff\u00e4r! - Riksm\u00e4klaren Link\u00f6ping","og_description":"Vi \u00e4r en stark akt\u00f6r p\u00e5 Link\u00f6pings bostadsmarknad! S\u00e4lj tryggt med oss - kontakta oss f\u00f6r en v\u00e4rdering av din bostad.","og_url":"https:\/\/riksmaklaren.se\/linkoping\/","og_site_name":"Riksm\u00e4klaren Link\u00f6ping","article_modified_time":"2022-01-12T14:38:12+00:00","twitter_card":"summary_large_image","schema":{"@context":"https:\/\/schema.org","@graph":[{"@type":"WebPage","@id":"https:\/\/riksmaklaren.se\/linkoping\/","url":"https:\/\/riksmaklaren.se\/linkoping\/","name":"L\u00e5t oss hj\u00e4lpa dig med din bostadsaff\u00e4r! - Riksm\u00e4klaren Link\u00f6ping","isPartOf":{"@id":"https:\/\/riksmaklaren.se\/linkoping\/#website"},"datePublished":"2020-05-15T07:01:33+00:00","dateModified":"2022-01-12T14:38:12+00:00","description":"Vi \u00e4r en stark akt\u00f6r p\u00e5 Link\u00f6pings bostadsmarknad! S\u00e4lj tryggt med oss - kontakta oss f\u00f6r en v\u00e4rdering av din bostad.","breadcrumb":{"@id":"https:\/\/riksmaklaren.se\/linkoping\/#breadcrumb"},"inLanguage":"sv-SE","potentialAction":[{"@type":"ReadAction","target":["https:\/\/riksmaklaren.se\/linkoping\/"]}]},{"@type":"BreadcrumbList","@id":"https:\/\/riksmaklaren.se\/linkoping\/#breadcrumb","itemListElement":[{"@type":"ListItem","position":1,"name":"Hem","item":"https:\/\/riksmaklaren.se\/linkoping\/"},{"@type":"ListItem","position":2,"name":"Startsida"}]},{"@type":"WebSite","@id":"https:\/\/riksmaklaren.se\/linkoping\/#website","url":"https:\/\/riksmaklaren.se\/linkoping\/","name":"Riksm\u00e4klaren Link\u00f6ping","description":"M\u00e4klaren genom livet","potentialAction":[{"@type":"SearchAction","target":{"@type":"EntryPoint","urlTemplate":"https:\/\/riksmaklaren.se\/linkoping\/?s={search_term_string}"},"query-input":{"@type":"PropertyValueSpecification","valueRequired":true,"valueName":"search_term_string"}}],"inLanguage":"sv-SE"}]}},"_links":{"self":[{"href":"https:\/\/riksmaklaren.se\/linkoping\/wp-json\/wp\/v2\/pages\/2","targetHints":{"allow":["GET"]}}],"collection":[{"href":"https:\/\/riksmaklaren.se\/linkoping\/wp-json\/wp\/v2\/pages"}],"about":[{"href":"https:\/\/riksmaklaren.se\/linkoping\/wp-json\/wp\/v2\/types\/page"}],"author":[{"embeddable":true,"href":"https:\/\/riksmaklaren.se\/linkoping\/wp-json\/wp\/v2\/users\/1"}],"replies":[{"embeddable":true,"href":"https:\/\/riksmaklaren.se\/linkoping\/wp-json\/wp\/v2\/comments?post=2"}],"version-history":[{"count":21,"href":"https:\/\/riksmaklaren.se\/linkoping\/wp-json\/wp\/v2\/pages\/2\/revisions"}],"predecessor-version":[{"id":137,"href":"https:\/\/riksmaklaren.se\/linkoping\/wp-json\/wp\/v2\/pages\/2\/revisions\/137"}],"wp:attachment":[{"href":"https:\/\/riksmaklaren.se\/linkoping\/wp-json\/wp\/v2\/media?parent=2"}],"curies":[{"name":"wp","href":"https:\/\/api.w.org\/{rel}","templated":true}]}}