{"id":14,"date":"2020-05-18T16:20:46","date_gmt":"2020-05-18T14:20:46","guid":{"rendered":"https:\/\/riksmaklaren.se\/linkoping\/?page_id=14"},"modified":"2020-10-30T14:04:53","modified_gmt":"2020-10-30T13:04:53","slug":"integritetspolicy","status":"publish","type":"page","link":"https:\/\/riksmaklaren.se\/linkoping\/integritetspolicy\/","title":{"rendered":"Integritetspolicy"},"content":{"rendered":"","protected":false},"excerpt":{"rendered":"","protected":false},"author":1,"featured_media":0,"parent":0,"menu_order":0,"comment_status":"closed","ping_status":"closed","template":"","meta":[],"yoast_head":"<!-- This site is optimized with the Yoast SEO plugin v15.0 - https:\/\/yoast.com\/wordpress\/plugins\/seo\/ -->\n<meta name=\"robots\" content=\"index, follow, max-snippet:-1, max-image-preview:large, max-video-preview:-1\" \/>\n<link rel=\"canonical\" href=\"https:\/\/riksmaklaren.se\/linkoping\/integritetspolicy\/\" \/>\n<meta property=\"og:locale\" content=\"sv_SE\" \/>\n<meta property=\"og:type\" content=\"article\" \/>\n<meta property=\"og:title\" content=\"Ta del av v\u00e5r Integritetspolicy - Riksm\u00e4klaren Link\u00f6ping\" \/>\n<meta property=\"og:url\" content=\"https:\/\/riksmaklaren.se\/linkoping\/integritetspolicy\/\" \/>\n<meta property=\"og:site_name\" content=\"Riksm\u00e4klaren Link\u00f6ping\" \/>\n<meta property=\"article:modified_time\" content=\"2020-10-30T13:04:53+00:00\" \/>\n<meta name=\"twitter:card\" content=\"summary_large_image\" \/>\n<script type=\"application\/ld+json\" class=\"yoast-schema-graph\">{\"@context\":\"https:\/\/schema.org\",\"@graph\":[{\"@type\":\"WebSite\",\"@id\":\"https:\/\/riksmaklaren.se\/linkoping\/#website\",\"url\":\"https:\/\/riksmaklaren.se\/linkoping\/\",\"name\":\"Riksm\\u00e4klaren Link\\u00f6ping\",\"description\":\"M\\u00e4klaren genom livet\",\"potentialAction\":[{\"@type\":\"SearchAction\",\"target\":\"https:\/\/riksmaklaren.se\/linkoping\/?s={search_term_string}\",\"query-input\":\"required name=search_term_string\"}],\"inLanguage\":\"sv-SE\"},{\"@type\":\"WebPage\",\"@id\":\"https:\/\/riksmaklaren.se\/linkoping\/integritetspolicy\/#webpage\",\"url\":\"https:\/\/riksmaklaren.se\/linkoping\/integritetspolicy\/\",\"name\":\"Ta del av v\\u00e5r Integritetspolicy - Riksm\\u00e4klaren Link\\u00f6ping\",\"isPartOf\":{\"@id\":\"https:\/\/riksmaklaren.se\/linkoping\/#website\"},\"datePublished\":\"2020-05-18T14:20:46+00:00\",\"dateModified\":\"2020-10-30T13:04:53+00:00\",\"inLanguage\":\"sv-SE\",\"potentialAction\":[{\"@type\":\"ReadAction\",\"target\":[\"https:\/\/riksmaklaren.se\/linkoping\/integritetspolicy\/\"]}]}]}<\/script>\n<!-- \/ Yoast SEO plugin. -->","_links":{"self":[{"href":"https:\/\/riksmaklaren.se\/linkoping\/wp-json\/wp\/v2\/pages\/14"}],"collection":[{"href":"https:\/\/riksmaklaren.se\/linkoping\/wp-json\/wp\/v2\/pages"}],"about":[{"href":"https:\/\/riksmaklaren.se\/linkoping\/wp-json\/wp\/v2\/types\/page"}],"author":[{"embeddable":true,"href":"https:\/\/riksmaklaren.se\/linkoping\/wp-json\/wp\/v2\/users\/1"}],"replies":[{"embeddable":true,"href":"https:\/\/riksmaklaren.se\/linkoping\/wp-json\/wp\/v2\/comments?post=14"}],"version-history":[{"count":3,"href":"https:\/\/riksmaklaren.se\/linkoping\/wp-json\/wp\/v2\/pages\/14\/revisions"}],"predecessor-version":[{"id":17,"href":"https:\/\/riksmaklaren.se\/linkoping\/wp-json\/wp\/v2\/pages\/14\/revisions\/17"}],"wp:attachment":[{"href":"https:\/\/riksmaklaren.se\/linkoping\/wp-json\/wp\/v2\/media?parent=14"}],"curies":[{"name":"wp","href":"https:\/\/api.w.org\/{rel}","templated":true}]}}