{"id":38,"date":"2020-10-08T10:16:11","date_gmt":"2020-10-08T08:16:11","guid":{"rendered":"https:\/\/riksmaklaren.se\/helsingborg\/?page_id=38"},"modified":"2020-10-30T13:06:49","modified_gmt":"2020-10-30T12:06:49","slug":"om-oss","status":"publish","type":"page","link":"https:\/\/riksmaklaren.se\/helsingborg\/om-oss","title":{"rendered":"Om oss"},"content":{"rendered":"","protected":false},"excerpt":{"rendered":"","protected":false},"author":3,"featured_media":0,"parent":0,"menu_order":0,"comment_status":"closed","ping_status":"closed","template":"","meta":{"_acf_changed":false,"footnotes":""},"class_list":["post-38","page","type-page","status-publish","hentry"],"acf":[],"yoast_head":"<!-- This site is optimized with the Yoast SEO plugin v27.4 - https:\/\/yoast.com\/product\/yoast-seo-wordpress\/ -->\n<title>L\u00e4s mer om oss och v\u00e5r m\u00e4klartj\u00e4nst - Riksm\u00e4klaren Helsingborg<\/title>\n<meta name=\"description\" content=\"Riksm\u00e4klaren \u00e4r en stark akt\u00f6r p\u00e5 Helsingborgs bostadsmarknad. Kontakta oss f\u00f6r att v\u00e4rdera eller s\u00e4lja din bostad.\" \/>\n<meta name=\"robots\" content=\"index, follow, max-snippet:-1, max-image-preview:large, max-video-preview:-1\" \/>\n<link rel=\"canonical\" href=\"https:\/\/riksmaklaren.se\/helsingborg\/om-oss\" \/>\n<meta property=\"og:locale\" content=\"sv_SE\" \/>\n<meta property=\"og:type\" content=\"article\" \/>\n<meta property=\"og:title\" content=\"L\u00e4s mer om oss och v\u00e5r m\u00e4klartj\u00e4nst - Riksm\u00e4klaren Helsingborg\" \/>\n<meta property=\"og:description\" content=\"Riksm\u00e4klaren \u00e4r en stark akt\u00f6r p\u00e5 Helsingborgs bostadsmarknad. Kontakta oss f\u00f6r att v\u00e4rdera eller s\u00e4lja din bostad.\" \/>\n<meta property=\"og:url\" content=\"https:\/\/riksmaklaren.se\/helsingborg\/om-oss\" \/>\n<meta property=\"og:site_name\" content=\"Riksm\u00e4klaren Helsingborg\" \/>\n<meta property=\"article:modified_time\" content=\"2020-10-30T12:06:49+00:00\" \/>\n<meta name=\"twitter:card\" content=\"summary_large_image\" \/>\n<script type=\"application\/ld+json\" class=\"yoast-schema-graph\">{\"@context\":\"https:\\\/\\\/schema.org\",\"@graph\":[{\"@type\":\"WebPage\",\"@id\":\"https:\\\/\\\/riksmaklaren.se\\\/helsingborg\\\/om-oss\",\"url\":\"https:\\\/\\\/riksmaklaren.se\\\/helsingborg\\\/om-oss\",\"name\":\"L\u00e4s mer om oss och v\u00e5r m\u00e4klartj\u00e4nst - Riksm\u00e4klaren Helsingborg\",\"isPartOf\":{\"@id\":\"https:\\\/\\\/riksmaklaren.se\\\/helsingborg\\\/#website\"},\"datePublished\":\"2020-10-08T08:16:11+00:00\",\"dateModified\":\"2020-10-30T12:06:49+00:00\",\"description\":\"Riksm\u00e4klaren \u00e4r en stark akt\u00f6r p\u00e5 Helsingborgs bostadsmarknad. Kontakta oss f\u00f6r att v\u00e4rdera eller s\u00e4lja din bostad.\",\"breadcrumb\":{\"@id\":\"https:\\\/\\\/riksmaklaren.se\\\/helsingborg\\\/om-oss#breadcrumb\"},\"inLanguage\":\"sv-SE\",\"potentialAction\":[{\"@type\":\"ReadAction\",\"target\":[\"https:\\\/\\\/riksmaklaren.se\\\/helsingborg\\\/om-oss\"]}]},{\"@type\":\"BreadcrumbList\",\"@id\":\"https:\\\/\\\/riksmaklaren.se\\\/helsingborg\\\/om-oss#breadcrumb\",\"itemListElement\":[{\"@type\":\"ListItem\",\"position\":1,\"name\":\"Hem\",\"item\":\"https:\\\/\\\/riksmaklaren.se\\\/helsingborg\\\/\"},{\"@type\":\"ListItem\",\"position\":2,\"name\":\"Om oss\"}]},{\"@type\":\"WebSite\",\"@id\":\"https:\\\/\\\/riksmaklaren.se\\\/helsingborg\\\/#website\",\"url\":\"https:\\\/\\\/riksmaklaren.se\\\/helsingborg\\\/\",\"name\":\"Riksm\u00e4klaren Helsingborg\",\"description\":\"En till Riksm\u00e4klarens-webbplatser webbplats\",\"potentialAction\":[{\"@type\":\"SearchAction\",\"target\":{\"@type\":\"EntryPoint\",\"urlTemplate\":\"https:\\\/\\\/riksmaklaren.se\\\/helsingborg\\\/?s={search_term_string}\"},\"query-input\":{\"@type\":\"PropertyValueSpecification\",\"valueRequired\":true,\"valueName\":\"search_term_string\"}}],\"inLanguage\":\"sv-SE\"}]}<\/script>\n<!-- \/ Yoast SEO plugin. -->","yoast_head_json":{"title":"L\u00e4s mer om oss och v\u00e5r m\u00e4klartj\u00e4nst - Riksm\u00e4klaren Helsingborg","description":"Riksm\u00e4klaren \u00e4r en stark akt\u00f6r p\u00e5 Helsingborgs bostadsmarknad. Kontakta oss f\u00f6r att v\u00e4rdera eller s\u00e4lja din bostad.","robots":{"index":"index","follow":"follow","max-snippet":"max-snippet:-1","max-image-preview":"max-image-preview:large","max-video-preview":"max-video-preview:-1"},"canonical":"https:\/\/riksmaklaren.se\/helsingborg\/om-oss","og_locale":"sv_SE","og_type":"article","og_title":"L\u00e4s mer om oss och v\u00e5r m\u00e4klartj\u00e4nst - Riksm\u00e4klaren Helsingborg","og_description":"Riksm\u00e4klaren \u00e4r en stark akt\u00f6r p\u00e5 Helsingborgs bostadsmarknad. Kontakta oss f\u00f6r att v\u00e4rdera eller s\u00e4lja din bostad.","og_url":"https:\/\/riksmaklaren.se\/helsingborg\/om-oss","og_site_name":"Riksm\u00e4klaren Helsingborg","article_modified_time":"2020-10-30T12:06:49+00:00","twitter_card":"summary_large_image","schema":{"@context":"https:\/\/schema.org","@graph":[{"@type":"WebPage","@id":"https:\/\/riksmaklaren.se\/helsingborg\/om-oss","url":"https:\/\/riksmaklaren.se\/helsingborg\/om-oss","name":"L\u00e4s mer om oss och v\u00e5r m\u00e4klartj\u00e4nst - Riksm\u00e4klaren Helsingborg","isPartOf":{"@id":"https:\/\/riksmaklaren.se\/helsingborg\/#website"},"datePublished":"2020-10-08T08:16:11+00:00","dateModified":"2020-10-30T12:06:49+00:00","description":"Riksm\u00e4klaren \u00e4r en stark akt\u00f6r p\u00e5 Helsingborgs bostadsmarknad. Kontakta oss f\u00f6r att v\u00e4rdera eller s\u00e4lja din bostad.","breadcrumb":{"@id":"https:\/\/riksmaklaren.se\/helsingborg\/om-oss#breadcrumb"},"inLanguage":"sv-SE","potentialAction":[{"@type":"ReadAction","target":["https:\/\/riksmaklaren.se\/helsingborg\/om-oss"]}]},{"@type":"BreadcrumbList","@id":"https:\/\/riksmaklaren.se\/helsingborg\/om-oss#breadcrumb","itemListElement":[{"@type":"ListItem","position":1,"name":"Hem","item":"https:\/\/riksmaklaren.se\/helsingborg\/"},{"@type":"ListItem","position":2,"name":"Om oss"}]},{"@type":"WebSite","@id":"https:\/\/riksmaklaren.se\/helsingborg\/#website","url":"https:\/\/riksmaklaren.se\/helsingborg\/","name":"Riksm\u00e4klaren Helsingborg","description":"En till Riksm\u00e4klarens-webbplatser webbplats","potentialAction":[{"@type":"SearchAction","target":{"@type":"EntryPoint","urlTemplate":"https:\/\/riksmaklaren.se\/helsingborg\/?s={search_term_string}"},"query-input":{"@type":"PropertyValueSpecification","valueRequired":true,"valueName":"search_term_string"}}],"inLanguage":"sv-SE"}]}},"_links":{"self":[{"href":"https:\/\/riksmaklaren.se\/helsingborg\/wp-json\/wp\/v2\/pages\/38","targetHints":{"allow":["GET"]}}],"collection":[{"href":"https:\/\/riksmaklaren.se\/helsingborg\/wp-json\/wp\/v2\/pages"}],"about":[{"href":"https:\/\/riksmaklaren.se\/helsingborg\/wp-json\/wp\/v2\/types\/page"}],"author":[{"embeddable":true,"href":"https:\/\/riksmaklaren.se\/helsingborg\/wp-json\/wp\/v2\/users\/3"}],"replies":[{"embeddable":true,"href":"https:\/\/riksmaklaren.se\/helsingborg\/wp-json\/wp\/v2\/comments?post=38"}],"version-history":[{"count":15,"href":"https:\/\/riksmaklaren.se\/helsingborg\/wp-json\/wp\/v2\/pages\/38\/revisions"}],"predecessor-version":[{"id":168,"href":"https:\/\/riksmaklaren.se\/helsingborg\/wp-json\/wp\/v2\/pages\/38\/revisions\/168"}],"wp:attachment":[{"href":"https:\/\/riksmaklaren.se\/helsingborg\/wp-json\/wp\/v2\/media?parent=38"}],"curies":[{"name":"wp","href":"https:\/\/api.w.org\/{rel}","templated":true}]}}