{"id":15,"date":"2019-11-29T10:38:42","date_gmt":"2019-11-29T09:38:42","guid":{"rendered":"https:\/\/riksmaklaren.se\/helsingborg\/?page_id=15"},"modified":"2020-11-02T15:35:54","modified_gmt":"2020-11-02T14:35:54","slug":"medarbetare","status":"publish","type":"page","link":"https:\/\/riksmaklaren.se\/helsingborg\/om-oss\/medarbetare","title":{"rendered":"Medarbetare"},"content":{"rendered":"","protected":false},"excerpt":{"rendered":"","protected":false},"author":1,"featured_media":0,"parent":38,"menu_order":0,"comment_status":"closed","ping_status":"closed","template":"","meta":{"_acf_changed":false,"footnotes":""},"class_list":["post-15","page","type-page","status-publish","hentry"],"acf":[],"yoast_head":"<!-- This site is optimized with the Yoast SEO plugin v27.4 - https:\/\/yoast.com\/product\/yoast-seo-wordpress\/ -->\n<title>L\u00e4r k\u00e4nna v\u00e5ra medarbetare - Riksm\u00e4klaren Helsingborg<\/title>\n<meta name=\"description\" content=\"Hos Riksm\u00e4klaren har vi medarbetare som \u00e4r b\u00e5de yngre och \u00e4ldre, man och kvinna. H\u00e4r kan du l\u00e4ra k\u00e4nna v\u00e5rt h\u00e4rliga g\u00e4ng!\" \/>\n<meta name=\"robots\" content=\"index, follow, max-snippet:-1, max-image-preview:large, max-video-preview:-1\" \/>\n<link rel=\"canonical\" href=\"https:\/\/riksmaklaren.se\/helsingborg\/om-oss\/medarbetare\" \/>\n<meta property=\"og:locale\" content=\"sv_SE\" \/>\n<meta property=\"og:type\" content=\"article\" \/>\n<meta property=\"og:title\" content=\"L\u00e4r k\u00e4nna v\u00e5ra medarbetare - Riksm\u00e4klaren Helsingborg\" \/>\n<meta property=\"og:description\" content=\"Hos Riksm\u00e4klaren har vi medarbetare som \u00e4r b\u00e5de yngre och \u00e4ldre, man och kvinna. H\u00e4r kan du l\u00e4ra k\u00e4nna v\u00e5rt h\u00e4rliga g\u00e4ng!\" \/>\n<meta property=\"og:url\" content=\"https:\/\/riksmaklaren.se\/helsingborg\/om-oss\/medarbetare\" \/>\n<meta property=\"og:site_name\" content=\"Riksm\u00e4klaren Helsingborg\" \/>\n<meta property=\"article:modified_time\" content=\"2020-11-02T14:35:54+00:00\" \/>\n<meta name=\"twitter:card\" content=\"summary_large_image\" \/>\n<script type=\"application\/ld+json\" class=\"yoast-schema-graph\">{\"@context\":\"https:\\\/\\\/schema.org\",\"@graph\":[{\"@type\":\"WebPage\",\"@id\":\"https:\\\/\\\/riksmaklaren.se\\\/helsingborg\\\/om-oss\\\/medarbetare\",\"url\":\"https:\\\/\\\/riksmaklaren.se\\\/helsingborg\\\/om-oss\\\/medarbetare\",\"name\":\"L\u00e4r k\u00e4nna v\u00e5ra medarbetare - Riksm\u00e4klaren Helsingborg\",\"isPartOf\":{\"@id\":\"https:\\\/\\\/riksmaklaren.se\\\/helsingborg\\\/#website\"},\"datePublished\":\"2019-11-29T09:38:42+00:00\",\"dateModified\":\"2020-11-02T14:35:54+00:00\",\"description\":\"Hos Riksm\u00e4klaren har vi medarbetare som \u00e4r b\u00e5de yngre och \u00e4ldre, man och kvinna. H\u00e4r kan du l\u00e4ra k\u00e4nna v\u00e5rt h\u00e4rliga g\u00e4ng!\",\"breadcrumb\":{\"@id\":\"https:\\\/\\\/riksmaklaren.se\\\/helsingborg\\\/om-oss\\\/medarbetare#breadcrumb\"},\"inLanguage\":\"sv-SE\",\"potentialAction\":[{\"@type\":\"ReadAction\",\"target\":[\"https:\\\/\\\/riksmaklaren.se\\\/helsingborg\\\/om-oss\\\/medarbetare\"]}]},{\"@type\":\"BreadcrumbList\",\"@id\":\"https:\\\/\\\/riksmaklaren.se\\\/helsingborg\\\/om-oss\\\/medarbetare#breadcrumb\",\"itemListElement\":[{\"@type\":\"ListItem\",\"position\":1,\"name\":\"Hem\",\"item\":\"https:\\\/\\\/riksmaklaren.se\\\/helsingborg\\\/\"},{\"@type\":\"ListItem\",\"position\":2,\"name\":\"Om oss\",\"item\":\"https:\\\/\\\/riksmaklaren.se\\\/helsingborg\\\/om-oss\"},{\"@type\":\"ListItem\",\"position\":3,\"name\":\"Medarbetare\"}]},{\"@type\":\"WebSite\",\"@id\":\"https:\\\/\\\/riksmaklaren.se\\\/helsingborg\\\/#website\",\"url\":\"https:\\\/\\\/riksmaklaren.se\\\/helsingborg\\\/\",\"name\":\"Riksm\u00e4klaren Helsingborg\",\"description\":\"En till Riksm\u00e4klarens-webbplatser webbplats\",\"potentialAction\":[{\"@type\":\"SearchAction\",\"target\":{\"@type\":\"EntryPoint\",\"urlTemplate\":\"https:\\\/\\\/riksmaklaren.se\\\/helsingborg\\\/?s={search_term_string}\"},\"query-input\":{\"@type\":\"PropertyValueSpecification\",\"valueRequired\":true,\"valueName\":\"search_term_string\"}}],\"inLanguage\":\"sv-SE\"}]}<\/script>\n<!-- \/ Yoast SEO plugin. -->","yoast_head_json":{"title":"L\u00e4r k\u00e4nna v\u00e5ra medarbetare - Riksm\u00e4klaren Helsingborg","description":"Hos Riksm\u00e4klaren har vi medarbetare som \u00e4r b\u00e5de yngre och \u00e4ldre, man och kvinna. H\u00e4r kan du l\u00e4ra k\u00e4nna v\u00e5rt h\u00e4rliga g\u00e4ng!","robots":{"index":"index","follow":"follow","max-snippet":"max-snippet:-1","max-image-preview":"max-image-preview:large","max-video-preview":"max-video-preview:-1"},"canonical":"https:\/\/riksmaklaren.se\/helsingborg\/om-oss\/medarbetare","og_locale":"sv_SE","og_type":"article","og_title":"L\u00e4r k\u00e4nna v\u00e5ra medarbetare - Riksm\u00e4klaren Helsingborg","og_description":"Hos Riksm\u00e4klaren har vi medarbetare som \u00e4r b\u00e5de yngre och \u00e4ldre, man och kvinna. H\u00e4r kan du l\u00e4ra k\u00e4nna v\u00e5rt h\u00e4rliga g\u00e4ng!","og_url":"https:\/\/riksmaklaren.se\/helsingborg\/om-oss\/medarbetare","og_site_name":"Riksm\u00e4klaren Helsingborg","article_modified_time":"2020-11-02T14:35:54+00:00","twitter_card":"summary_large_image","schema":{"@context":"https:\/\/schema.org","@graph":[{"@type":"WebPage","@id":"https:\/\/riksmaklaren.se\/helsingborg\/om-oss\/medarbetare","url":"https:\/\/riksmaklaren.se\/helsingborg\/om-oss\/medarbetare","name":"L\u00e4r k\u00e4nna v\u00e5ra medarbetare - Riksm\u00e4klaren Helsingborg","isPartOf":{"@id":"https:\/\/riksmaklaren.se\/helsingborg\/#website"},"datePublished":"2019-11-29T09:38:42+00:00","dateModified":"2020-11-02T14:35:54+00:00","description":"Hos Riksm\u00e4klaren har vi medarbetare som \u00e4r b\u00e5de yngre och \u00e4ldre, man och kvinna. H\u00e4r kan du l\u00e4ra k\u00e4nna v\u00e5rt h\u00e4rliga g\u00e4ng!","breadcrumb":{"@id":"https:\/\/riksmaklaren.se\/helsingborg\/om-oss\/medarbetare#breadcrumb"},"inLanguage":"sv-SE","potentialAction":[{"@type":"ReadAction","target":["https:\/\/riksmaklaren.se\/helsingborg\/om-oss\/medarbetare"]}]},{"@type":"BreadcrumbList","@id":"https:\/\/riksmaklaren.se\/helsingborg\/om-oss\/medarbetare#breadcrumb","itemListElement":[{"@type":"ListItem","position":1,"name":"Hem","item":"https:\/\/riksmaklaren.se\/helsingborg\/"},{"@type":"ListItem","position":2,"name":"Om oss","item":"https:\/\/riksmaklaren.se\/helsingborg\/om-oss"},{"@type":"ListItem","position":3,"name":"Medarbetare"}]},{"@type":"WebSite","@id":"https:\/\/riksmaklaren.se\/helsingborg\/#website","url":"https:\/\/riksmaklaren.se\/helsingborg\/","name":"Riksm\u00e4klaren Helsingborg","description":"En till Riksm\u00e4klarens-webbplatser webbplats","potentialAction":[{"@type":"SearchAction","target":{"@type":"EntryPoint","urlTemplate":"https:\/\/riksmaklaren.se\/helsingborg\/?s={search_term_string}"},"query-input":{"@type":"PropertyValueSpecification","valueRequired":true,"valueName":"search_term_string"}}],"inLanguage":"sv-SE"}]}},"_links":{"self":[{"href":"https:\/\/riksmaklaren.se\/helsingborg\/wp-json\/wp\/v2\/pages\/15","targetHints":{"allow":["GET"]}}],"collection":[{"href":"https:\/\/riksmaklaren.se\/helsingborg\/wp-json\/wp\/v2\/pages"}],"about":[{"href":"https:\/\/riksmaklaren.se\/helsingborg\/wp-json\/wp\/v2\/types\/page"}],"author":[{"embeddable":true,"href":"https:\/\/riksmaklaren.se\/helsingborg\/wp-json\/wp\/v2\/users\/1"}],"replies":[{"embeddable":true,"href":"https:\/\/riksmaklaren.se\/helsingborg\/wp-json\/wp\/v2\/comments?post=15"}],"version-history":[{"count":6,"href":"https:\/\/riksmaklaren.se\/helsingborg\/wp-json\/wp\/v2\/pages\/15\/revisions"}],"predecessor-version":[{"id":170,"href":"https:\/\/riksmaklaren.se\/helsingborg\/wp-json\/wp\/v2\/pages\/15\/revisions\/170"}],"up":[{"embeddable":true,"href":"https:\/\/riksmaklaren.se\/helsingborg\/wp-json\/wp\/v2\/pages\/38"}],"wp:attachment":[{"href":"https:\/\/riksmaklaren.se\/helsingborg\/wp-json\/wp\/v2\/media?parent=15"}],"curies":[{"name":"wp","href":"https:\/\/api.w.org\/{rel}","templated":true}]}}