{"id":109,"date":"2020-10-09T12:39:27","date_gmt":"2020-10-09T10:39:27","guid":{"rendered":"https:\/\/riksmaklaren.se\/helsingborg\/?page_id=109"},"modified":"2025-02-04T15:19:05","modified_gmt":"2025-02-04T14:19:05","slug":"kommande-visningar","status":"publish","type":"page","link":"https:\/\/riksmaklaren.se\/helsingborg\/till-salu\/kommande-visningar","title":{"rendered":"Kommande visningar"},"content":{"rendered":"","protected":false},"excerpt":{"rendered":"","protected":false},"author":3,"featured_media":0,"parent":180,"menu_order":0,"comment_status":"closed","ping_status":"closed","template":"","meta":{"_acf_changed":false,"footnotes":""},"class_list":["post-109","page","type-page","status-publish","hentry"],"acf":[],"yoast_head":"<!-- This site is optimized with the Yoast SEO plugin v27.4 - https:\/\/yoast.com\/product\/yoast-seo-wordpress\/ -->\n<title>Ta del av v\u00e5ra Kommande visningar - Riksm\u00e4klaren Helsingborg<\/title>\n<meta name=\"description\" content=\"Vi \u00e4r en stark akt\u00f6r p\u00e5 Helsingborgs bostadsmarknad. Ta del av v\u00e5ra Kommande visningar. Hos oss kan du k\u00e4nna dig trygg i hela aff\u00e4ren!\" \/>\n<meta name=\"robots\" content=\"index, follow, max-snippet:-1, max-image-preview:large, max-video-preview:-1\" \/>\n<link rel=\"canonical\" href=\"https:\/\/riksmaklaren.se\/helsingborg\/till-salu\/kommande-visningar\" \/>\n<meta property=\"og:locale\" content=\"sv_SE\" \/>\n<meta property=\"og:type\" content=\"article\" \/>\n<meta property=\"og:title\" content=\"Ta del av v\u00e5ra Kommande visningar - Riksm\u00e4klaren Helsingborg\" \/>\n<meta property=\"og:description\" content=\"Vi \u00e4r en stark akt\u00f6r p\u00e5 Helsingborgs bostadsmarknad. Ta del av v\u00e5ra Kommande visningar. Hos oss kan du k\u00e4nna dig trygg i hela aff\u00e4ren!\" \/>\n<meta property=\"og:url\" content=\"https:\/\/riksmaklaren.se\/helsingborg\/till-salu\/kommande-visningar\" \/>\n<meta property=\"og:site_name\" content=\"Riksm\u00e4klaren Helsingborg\" \/>\n<meta property=\"article:modified_time\" content=\"2025-02-04T14:19:05+00:00\" \/>\n<meta name=\"twitter:card\" content=\"summary_large_image\" \/>\n<script type=\"application\/ld+json\" class=\"yoast-schema-graph\">{\"@context\":\"https:\\\/\\\/schema.org\",\"@graph\":[{\"@type\":\"WebPage\",\"@id\":\"https:\\\/\\\/riksmaklaren.se\\\/helsingborg\\\/till-salu\\\/kommande-visningar\",\"url\":\"https:\\\/\\\/riksmaklaren.se\\\/helsingborg\\\/till-salu\\\/kommande-visningar\",\"name\":\"Ta del av v\u00e5ra Kommande visningar - Riksm\u00e4klaren Helsingborg\",\"isPartOf\":{\"@id\":\"https:\\\/\\\/riksmaklaren.se\\\/helsingborg\\\/#website\"},\"datePublished\":\"2020-10-09T10:39:27+00:00\",\"dateModified\":\"2025-02-04T14:19:05+00:00\",\"description\":\"Vi \u00e4r en stark akt\u00f6r p\u00e5 Helsingborgs bostadsmarknad. Ta del av v\u00e5ra Kommande visningar. Hos oss kan du k\u00e4nna dig trygg i hela aff\u00e4ren!\",\"breadcrumb\":{\"@id\":\"https:\\\/\\\/riksmaklaren.se\\\/helsingborg\\\/till-salu\\\/kommande-visningar#breadcrumb\"},\"inLanguage\":\"sv-SE\",\"potentialAction\":[{\"@type\":\"ReadAction\",\"target\":[\"https:\\\/\\\/riksmaklaren.se\\\/helsingborg\\\/till-salu\\\/kommande-visningar\"]}]},{\"@type\":\"BreadcrumbList\",\"@id\":\"https:\\\/\\\/riksmaklaren.se\\\/helsingborg\\\/till-salu\\\/kommande-visningar#breadcrumb\",\"itemListElement\":[{\"@type\":\"ListItem\",\"position\":1,\"name\":\"Hem\",\"item\":\"https:\\\/\\\/riksmaklaren.se\\\/helsingborg\\\/\"},{\"@type\":\"ListItem\",\"position\":2,\"name\":\"Till salu\",\"item\":\"https:\\\/\\\/riksmaklaren.se\\\/helsingborg\\\/till-salu\"},{\"@type\":\"ListItem\",\"position\":3,\"name\":\"Kommande visningar\"}]},{\"@type\":\"WebSite\",\"@id\":\"https:\\\/\\\/riksmaklaren.se\\\/helsingborg\\\/#website\",\"url\":\"https:\\\/\\\/riksmaklaren.se\\\/helsingborg\\\/\",\"name\":\"Riksm\u00e4klaren Helsingborg\",\"description\":\"En till Riksm\u00e4klarens-webbplatser webbplats\",\"potentialAction\":[{\"@type\":\"SearchAction\",\"target\":{\"@type\":\"EntryPoint\",\"urlTemplate\":\"https:\\\/\\\/riksmaklaren.se\\\/helsingborg\\\/?s={search_term_string}\"},\"query-input\":{\"@type\":\"PropertyValueSpecification\",\"valueRequired\":true,\"valueName\":\"search_term_string\"}}],\"inLanguage\":\"sv-SE\"}]}<\/script>\n<!-- \/ Yoast SEO plugin. -->","yoast_head_json":{"title":"Ta del av v\u00e5ra Kommande visningar - Riksm\u00e4klaren Helsingborg","description":"Vi \u00e4r en stark akt\u00f6r p\u00e5 Helsingborgs bostadsmarknad. Ta del av v\u00e5ra Kommande visningar. Hos oss kan du k\u00e4nna dig trygg i hela aff\u00e4ren!","robots":{"index":"index","follow":"follow","max-snippet":"max-snippet:-1","max-image-preview":"max-image-preview:large","max-video-preview":"max-video-preview:-1"},"canonical":"https:\/\/riksmaklaren.se\/helsingborg\/till-salu\/kommande-visningar","og_locale":"sv_SE","og_type":"article","og_title":"Ta del av v\u00e5ra Kommande visningar - Riksm\u00e4klaren Helsingborg","og_description":"Vi \u00e4r en stark akt\u00f6r p\u00e5 Helsingborgs bostadsmarknad. Ta del av v\u00e5ra Kommande visningar. Hos oss kan du k\u00e4nna dig trygg i hela aff\u00e4ren!","og_url":"https:\/\/riksmaklaren.se\/helsingborg\/till-salu\/kommande-visningar","og_site_name":"Riksm\u00e4klaren Helsingborg","article_modified_time":"2025-02-04T14:19:05+00:00","twitter_card":"summary_large_image","schema":{"@context":"https:\/\/schema.org","@graph":[{"@type":"WebPage","@id":"https:\/\/riksmaklaren.se\/helsingborg\/till-salu\/kommande-visningar","url":"https:\/\/riksmaklaren.se\/helsingborg\/till-salu\/kommande-visningar","name":"Ta del av v\u00e5ra Kommande visningar - Riksm\u00e4klaren Helsingborg","isPartOf":{"@id":"https:\/\/riksmaklaren.se\/helsingborg\/#website"},"datePublished":"2020-10-09T10:39:27+00:00","dateModified":"2025-02-04T14:19:05+00:00","description":"Vi \u00e4r en stark akt\u00f6r p\u00e5 Helsingborgs bostadsmarknad. Ta del av v\u00e5ra Kommande visningar. Hos oss kan du k\u00e4nna dig trygg i hela aff\u00e4ren!","breadcrumb":{"@id":"https:\/\/riksmaklaren.se\/helsingborg\/till-salu\/kommande-visningar#breadcrumb"},"inLanguage":"sv-SE","potentialAction":[{"@type":"ReadAction","target":["https:\/\/riksmaklaren.se\/helsingborg\/till-salu\/kommande-visningar"]}]},{"@type":"BreadcrumbList","@id":"https:\/\/riksmaklaren.se\/helsingborg\/till-salu\/kommande-visningar#breadcrumb","itemListElement":[{"@type":"ListItem","position":1,"name":"Hem","item":"https:\/\/riksmaklaren.se\/helsingborg\/"},{"@type":"ListItem","position":2,"name":"Till salu","item":"https:\/\/riksmaklaren.se\/helsingborg\/till-salu"},{"@type":"ListItem","position":3,"name":"Kommande visningar"}]},{"@type":"WebSite","@id":"https:\/\/riksmaklaren.se\/helsingborg\/#website","url":"https:\/\/riksmaklaren.se\/helsingborg\/","name":"Riksm\u00e4klaren Helsingborg","description":"En till Riksm\u00e4klarens-webbplatser webbplats","potentialAction":[{"@type":"SearchAction","target":{"@type":"EntryPoint","urlTemplate":"https:\/\/riksmaklaren.se\/helsingborg\/?s={search_term_string}"},"query-input":{"@type":"PropertyValueSpecification","valueRequired":true,"valueName":"search_term_string"}}],"inLanguage":"sv-SE"}]}},"_links":{"self":[{"href":"https:\/\/riksmaklaren.se\/helsingborg\/wp-json\/wp\/v2\/pages\/109","targetHints":{"allow":["GET"]}}],"collection":[{"href":"https:\/\/riksmaklaren.se\/helsingborg\/wp-json\/wp\/v2\/pages"}],"about":[{"href":"https:\/\/riksmaklaren.se\/helsingborg\/wp-json\/wp\/v2\/types\/page"}],"author":[{"embeddable":true,"href":"https:\/\/riksmaklaren.se\/helsingborg\/wp-json\/wp\/v2\/users\/3"}],"replies":[{"embeddable":true,"href":"https:\/\/riksmaklaren.se\/helsingborg\/wp-json\/wp\/v2\/comments?post=109"}],"version-history":[{"count":1,"href":"https:\/\/riksmaklaren.se\/helsingborg\/wp-json\/wp\/v2\/pages\/109\/revisions"}],"predecessor-version":[{"id":110,"href":"https:\/\/riksmaklaren.se\/helsingborg\/wp-json\/wp\/v2\/pages\/109\/revisions\/110"}],"up":[{"embeddable":true,"href":"https:\/\/riksmaklaren.se\/helsingborg\/wp-json\/wp\/v2\/pages\/180"}],"wp:attachment":[{"href":"https:\/\/riksmaklaren.se\/helsingborg\/wp-json\/wp\/v2\/media?parent=109"}],"curies":[{"name":"wp","href":"https:\/\/api.w.org\/{rel}","templated":true}]}}